{"id":99678,"date":"2023-09-20T00:49:09","date_gmt":"2023-09-20T00:49:09","guid":{"rendered":"https:\/\/mercadovivoagroecologia.cl\/wprod\/?post_type=product&#038;p=99678"},"modified":"2026-03-27T14:01:47","modified_gmt":"2026-03-27T14:01:47","slug":"tomate-midas-orange-fp","status":"publish","type":"product","link":"https:\/\/mercadovivoagroecologia.cl\/wprod\/producto\/tomate-midas-orange-fp\/","title":{"rendered":"Tomate Midas Orange FP"},"content":{"rendered":"<p><strong><em>Heirloom Seeds <\/em><\/strong><\/p>\n<p>Variedad indeterminada, de maduraci\u00f3n temprana, de muy buen rendimiento. La planta es alta, vigorosa, requiere sujeci\u00f3n, tutor y poda. El fruto es de tama\u00f1o mediano, de color naranjo fuerte y forma alargada. Tiene un sabor muy agradable, levemente \u00e1cido y a veces dulce.<\/p>\n<p>&nbsp;<\/p>\n","protected":false},"excerpt":{"rendered":"<p><strong>Nombre cient\u00edfico:\u00a0<\/strong>Solanum lycopersicum<\/p>\n<p><strong>Familia:\u00a0<\/strong>Solanaceae<\/p>\n<p><strong>Siembra:<\/strong>\u00a0Primavera<\/p>\n<p><strong>Cantidad:<\/strong> 15 semillas por sobre<\/p>\n","protected":false},"featured_media":99642,"comment_status":"open","ping_status":"closed","template":"","meta":[],"product_brand":[],"product_cat":[155],"product_tag":[],"class_list":{"0":"post-99678","1":"product","2":"type-product","3":"status-publish","4":"has-post-thumbnail","6":"product_cat-sobres-en-formato-economico","8":"first","9":"instock","10":"taxable","11":"shipping-taxable","12":"purchasable","13":"product-type-simple"},"jetpack_sharing_enabled":true,"_links":{"self":[{"href":"https:\/\/mercadovivoagroecologia.cl\/wprod\/wp-json\/wp\/v2\/product\/99678","targetHints":{"allow":["GET"]}}],"collection":[{"href":"https:\/\/mercadovivoagroecologia.cl\/wprod\/wp-json\/wp\/v2\/product"}],"about":[{"href":"https:\/\/mercadovivoagroecologia.cl\/wprod\/wp-json\/wp\/v2\/types\/product"}],"replies":[{"embeddable":true,"href":"https:\/\/mercadovivoagroecologia.cl\/wprod\/wp-json\/wp\/v2\/comments?post=99678"}],"version-history":[{"count":1,"href":"https:\/\/mercadovivoagroecologia.cl\/wprod\/wp-json\/wp\/v2\/product\/99678\/revisions"}],"predecessor-version":[{"id":99679,"href":"https:\/\/mercadovivoagroecologia.cl\/wprod\/wp-json\/wp\/v2\/product\/99678\/revisions\/99679"}],"wp:featuredmedia":[{"embeddable":true,"href":"https:\/\/mercadovivoagroecologia.cl\/wprod\/wp-json\/wp\/v2\/media\/99642"}],"wp:attachment":[{"href":"https:\/\/mercadovivoagroecologia.cl\/wprod\/wp-json\/wp\/v2\/media?parent=99678"}],"wp:term":[{"taxonomy":"product_brand","embeddable":true,"href":"https:\/\/mercadovivoagroecologia.cl\/wprod\/wp-json\/wp\/v2\/product_brand?post=99678"},{"taxonomy":"product_cat","embeddable":true,"href":"https:\/\/mercadovivoagroecologia.cl\/wprod\/wp-json\/wp\/v2\/product_cat?post=99678"},{"taxonomy":"product_tag","embeddable":true,"href":"https:\/\/mercadovivoagroecologia.cl\/wprod\/wp-json\/wp\/v2\/product_tag?post=99678"}],"curies":[{"name":"wp","href":"https:\/\/api.w.org\/{rel}","templated":true}]}}