{"id":99481,"date":"2023-09-18T02:56:32","date_gmt":"2023-09-18T02:56:32","guid":{"rendered":"https:\/\/mercadovivoagroecologia.cl\/wprod\/?post_type=product&#038;p=99481"},"modified":"2026-03-27T13:59:55","modified_gmt":"2026-03-27T13:59:55","slug":"tomate-enano-tom-fp","status":"publish","type":"product","link":"https:\/\/mercadovivoagroecologia.cl\/wprod\/producto\/tomate-enano-tom-fp\/","title":{"rendered":"Tomate Enano Tom FP"},"content":{"rendered":"<p><strong>Heirloom Seeds <\/strong><\/p>\n<p>Tambi\u00e9n se conocen como \u00abtomates de cocina y tomates de maceta\u00bb.<\/p>\n<p>Esta variedad es ideal para su cultivo en macetas donde lo puede tener por largos periodos de tiempo en producci\u00f3n, ya que, lo puedes resguardar de los tiempo fr\u00edos y heladas dentro de tu casa, en un lugar c\u00e1lido y donde tenga luz solar, por eso su nombre de \u00abtomates de cocina\u00bb, debido a que solemos dejarlo ah\u00ed para ir cosechando sus frutos y agregarlos directo a la ensalada.<\/p>\n<p>Variedad determinada, de maduraci\u00f3n temprana, y rendimiento medio. La planta es muy peque\u00f1a, llega a medir de 15 a 30 cm de altura. No requiere tutores y tampoco podas.<\/p>\n<p>Es perfecto para plantar en macetas. El fruto es de tama\u00f1o muy peque\u00f1o, de forma regular color rojo, de muy buen sabor, dulce y muy sabroso.<\/p>\n<p>&nbsp;<\/p>\n","protected":false},"excerpt":{"rendered":"<p><strong>Nombre cient\u00edfico:\u00a0<\/strong>Solanum lycopersicum<\/p>\n<p><strong>Familia:\u00a0<\/strong>Solanaceae<\/p>\n<p><strong>Siembra: <\/strong>Primavera<\/p>\n<p><strong>Cantidad:<\/strong> 15 semillas por sobre<\/p>\n","protected":false},"featured_media":94693,"comment_status":"open","ping_status":"closed","template":"","meta":[],"product_brand":[],"product_cat":[155],"product_tag":[],"class_list":{"0":"post-99481","1":"product","2":"type-product","3":"status-publish","4":"has-post-thumbnail","6":"product_cat-sobres-en-formato-economico","8":"first","9":"outofstock","10":"taxable","11":"shipping-taxable","12":"purchasable","13":"product-type-simple"},"jetpack_sharing_enabled":true,"_links":{"self":[{"href":"https:\/\/mercadovivoagroecologia.cl\/wprod\/wp-json\/wp\/v2\/product\/99481","targetHints":{"allow":["GET"]}}],"collection":[{"href":"https:\/\/mercadovivoagroecologia.cl\/wprod\/wp-json\/wp\/v2\/product"}],"about":[{"href":"https:\/\/mercadovivoagroecologia.cl\/wprod\/wp-json\/wp\/v2\/types\/product"}],"replies":[{"embeddable":true,"href":"https:\/\/mercadovivoagroecologia.cl\/wprod\/wp-json\/wp\/v2\/comments?post=99481"}],"version-history":[{"count":1,"href":"https:\/\/mercadovivoagroecologia.cl\/wprod\/wp-json\/wp\/v2\/product\/99481\/revisions"}],"predecessor-version":[{"id":99482,"href":"https:\/\/mercadovivoagroecologia.cl\/wprod\/wp-json\/wp\/v2\/product\/99481\/revisions\/99482"}],"wp:featuredmedia":[{"embeddable":true,"href":"https:\/\/mercadovivoagroecologia.cl\/wprod\/wp-json\/wp\/v2\/media\/94693"}],"wp:attachment":[{"href":"https:\/\/mercadovivoagroecologia.cl\/wprod\/wp-json\/wp\/v2\/media?parent=99481"}],"wp:term":[{"taxonomy":"product_brand","embeddable":true,"href":"https:\/\/mercadovivoagroecologia.cl\/wprod\/wp-json\/wp\/v2\/product_brand?post=99481"},{"taxonomy":"product_cat","embeddable":true,"href":"https:\/\/mercadovivoagroecologia.cl\/wprod\/wp-json\/wp\/v2\/product_cat?post=99481"},{"taxonomy":"product_tag","embeddable":true,"href":"https:\/\/mercadovivoagroecologia.cl\/wprod\/wp-json\/wp\/v2\/product_tag?post=99481"}],"curies":[{"name":"wp","href":"https:\/\/api.w.org\/{rel}","templated":true}]}}