{"id":99370,"date":"2023-09-13T14:44:44","date_gmt":"2023-09-13T14:44:44","guid":{"rendered":"https:\/\/mercadovivoagroecologia.cl\/wprod\/?post_type=product&#038;p=99370"},"modified":"2026-03-27T13:47:31","modified_gmt":"2026-03-27T13:47:31","slug":"achicoria-radicheta-hoja-ancha","status":"publish","type":"product","link":"https:\/\/mercadovivoagroecologia.cl\/wprod\/producto\/achicoria-radicheta-hoja-ancha\/","title":{"rendered":"Radicchio CastelFranco \u00abAchicoria variegada\u00bb"},"content":{"rendered":"<p>Es una verdura de hoja, y es pariente de las lechugas, endivias y escarolas.<br \/>\nLa planta crece hasta unos 60 cm, es resistente y se adapta a diferentes tipos de suelos.<br \/>\nTiene hojas redondeadas, que generan un tipo repollo alargado.<br \/>\nEsta variedad posee la caracter\u00edstica de tomar diferentes colores seg\u00fan la fecha en que fue sembrado, ya que, si pasa por temporadas fr\u00edas y heladas, toma tonos jaspeados y mas intensos, y por el contrario, si es sembrado en temporadas mas c\u00e1lidas, mantiene un color verde claro completo y las hojas tienden a expandirse y no toman la forma arrepollada.<\/p>\n","protected":false},"excerpt":{"rendered":"<p><strong>Nombre cient\u00edfico: <\/strong>Cichorium intybus<\/p>\n<p><strong>Familia: <\/strong>Aster\u00e1ceas<\/p>\n<p><strong>Siembra: <\/strong>Todo el a\u00f1o (recomendado en Oto\u00f1o y primavera)<\/p>\n<p><strong>Cantidad de semillas: <\/strong>0.5 gr por sobre<\/p>\n","protected":false},"featured_media":104235,"comment_status":"open","ping_status":"closed","template":"","meta":[],"product_brand":[],"product_cat":[181],"product_tag":[],"class_list":{"0":"post-99370","1":"product","2":"type-product","3":"status-publish","4":"has-post-thumbnail","6":"product_cat-hortalizas-de-hoja","8":"first","9":"outofstock","10":"taxable","11":"shipping-taxable","12":"purchasable","13":"product-type-simple"},"jetpack_sharing_enabled":true,"_links":{"self":[{"href":"https:\/\/mercadovivoagroecologia.cl\/wprod\/wp-json\/wp\/v2\/product\/99370","targetHints":{"allow":["GET"]}}],"collection":[{"href":"https:\/\/mercadovivoagroecologia.cl\/wprod\/wp-json\/wp\/v2\/product"}],"about":[{"href":"https:\/\/mercadovivoagroecologia.cl\/wprod\/wp-json\/wp\/v2\/types\/product"}],"replies":[{"embeddable":true,"href":"https:\/\/mercadovivoagroecologia.cl\/wprod\/wp-json\/wp\/v2\/comments?post=99370"}],"version-history":[{"count":3,"href":"https:\/\/mercadovivoagroecologia.cl\/wprod\/wp-json\/wp\/v2\/product\/99370\/revisions"}],"predecessor-version":[{"id":104238,"href":"https:\/\/mercadovivoagroecologia.cl\/wprod\/wp-json\/wp\/v2\/product\/99370\/revisions\/104238"}],"wp:featuredmedia":[{"embeddable":true,"href":"https:\/\/mercadovivoagroecologia.cl\/wprod\/wp-json\/wp\/v2\/media\/104235"}],"wp:attachment":[{"href":"https:\/\/mercadovivoagroecologia.cl\/wprod\/wp-json\/wp\/v2\/media?parent=99370"}],"wp:term":[{"taxonomy":"product_brand","embeddable":true,"href":"https:\/\/mercadovivoagroecologia.cl\/wprod\/wp-json\/wp\/v2\/product_brand?post=99370"},{"taxonomy":"product_cat","embeddable":true,"href":"https:\/\/mercadovivoagroecologia.cl\/wprod\/wp-json\/wp\/v2\/product_cat?post=99370"},{"taxonomy":"product_tag","embeddable":true,"href":"https:\/\/mercadovivoagroecologia.cl\/wprod\/wp-json\/wp\/v2\/product_tag?post=99370"}],"curies":[{"name":"wp","href":"https:\/\/api.w.org\/{rel}","templated":true}]}}