{"id":98994,"date":"2023-09-04T00:10:54","date_gmt":"2023-09-04T00:10:54","guid":{"rendered":"https:\/\/mercadovivoagroecologia.cl\/wprod\/?post_type=product&#038;p=98994"},"modified":"2026-03-27T13:56:23","modified_gmt":"2026-03-27T13:56:23","slug":"tomate-canestrino-fp","status":"publish","type":"product","link":"https:\/\/mercadovivoagroecologia.cl\/wprod\/producto\/tomate-canestrino-fp\/","title":{"rendered":"Tomate Canestrino FP"},"content":{"rendered":"<p><em><strong>Heirloom Seeds <\/strong><\/em><\/p>\n<p>Variedad indeterminada, de maduraci\u00f3n tard\u00eda, pero de muy buen rendimiento. La planta es de tama\u00f1o alto, por lo que requiere tutores, sujeci\u00f3n y poda. El fruto es de tama\u00f1o grande, de color rojo y tonalidades naranjas\/amarillas. Tiene un sabor dulce con toques \u00e1cidos. Es bastante sabroso, y destaca por tomar formas muy particulares.<\/p>\n<p>&nbsp;<\/p>\n","protected":false},"excerpt":{"rendered":"<p><strong>Nombre cient\u00edfico:\u00a0<\/strong>Solanum lycopersicum<\/p>\n<p><strong>Familia:\u00a0<\/strong>Solanaceae<\/p>\n<p><strong>Temporada de siembra:<\/strong>\u00a0Primavera<\/p>\n<p><strong>Cantidad:<\/strong> 15 semillas por sobre<\/p>\n","protected":false},"featured_media":98992,"comment_status":"open","ping_status":"closed","template":"","meta":[],"product_brand":[],"product_cat":[155],"product_tag":[],"class_list":{"0":"post-98994","1":"product","2":"type-product","3":"status-publish","4":"has-post-thumbnail","6":"product_cat-sobres-en-formato-economico","8":"first","9":"outofstock","10":"taxable","11":"shipping-taxable","12":"purchasable","13":"product-type-simple"},"jetpack_sharing_enabled":true,"_links":{"self":[{"href":"https:\/\/mercadovivoagroecologia.cl\/wprod\/wp-json\/wp\/v2\/product\/98994","targetHints":{"allow":["GET"]}}],"collection":[{"href":"https:\/\/mercadovivoagroecologia.cl\/wprod\/wp-json\/wp\/v2\/product"}],"about":[{"href":"https:\/\/mercadovivoagroecologia.cl\/wprod\/wp-json\/wp\/v2\/types\/product"}],"replies":[{"embeddable":true,"href":"https:\/\/mercadovivoagroecologia.cl\/wprod\/wp-json\/wp\/v2\/comments?post=98994"}],"version-history":[{"count":1,"href":"https:\/\/mercadovivoagroecologia.cl\/wprod\/wp-json\/wp\/v2\/product\/98994\/revisions"}],"predecessor-version":[{"id":98995,"href":"https:\/\/mercadovivoagroecologia.cl\/wprod\/wp-json\/wp\/v2\/product\/98994\/revisions\/98995"}],"wp:featuredmedia":[{"embeddable":true,"href":"https:\/\/mercadovivoagroecologia.cl\/wprod\/wp-json\/wp\/v2\/media\/98992"}],"wp:attachment":[{"href":"https:\/\/mercadovivoagroecologia.cl\/wprod\/wp-json\/wp\/v2\/media?parent=98994"}],"wp:term":[{"taxonomy":"product_brand","embeddable":true,"href":"https:\/\/mercadovivoagroecologia.cl\/wprod\/wp-json\/wp\/v2\/product_brand?post=98994"},{"taxonomy":"product_cat","embeddable":true,"href":"https:\/\/mercadovivoagroecologia.cl\/wprod\/wp-json\/wp\/v2\/product_cat?post=98994"},{"taxonomy":"product_tag","embeddable":true,"href":"https:\/\/mercadovivoagroecologia.cl\/wprod\/wp-json\/wp\/v2\/product_tag?post=98994"}],"curies":[{"name":"wp","href":"https:\/\/api.w.org\/{rel}","templated":true}]}}