{"id":98949,"date":"2023-09-02T23:58:45","date_gmt":"2023-09-02T23:58:45","guid":{"rendered":"https:\/\/mercadovivoagroecologia.cl\/wprod\/?post_type=product&#038;p=98949"},"modified":"2026-03-27T13:54:22","modified_gmt":"2026-03-27T13:54:22","slug":"tomate-black-cherokee-fp","status":"publish","type":"product","link":"https:\/\/mercadovivoagroecologia.cl\/wprod\/producto\/tomate-black-cherokee-fp\/","title":{"rendered":"Tomate Black Cherokee FP"},"content":{"rendered":"<p><strong><em> Heirloom Seeds <\/em><\/strong><\/p>\n<p>Variedad indeterminada, de maduraci\u00f3n temprana y rendimiento medio. La planta es mediana, requiere sujeci\u00f3n, tutores y poda. El fruto es de tama\u00f1o grande, de color rojo oscuro con tonalidades negras. Es de sabor muy agradable, dulce afrutado, de piel firme y carne suave.<\/p>\n","protected":false},"excerpt":{"rendered":"<p><strong>Nombre cient\u00edfico:\u00a0<\/strong>Solanum lycopersicum<\/p>\n<p><strong>Familia:\u00a0<\/strong>Solanaceae<\/p>\n<p><strong>Temporada de siembra:\u00a0<\/strong>Primavera<\/p>\n<p><strong>Cantidad:<\/strong> 15 semillas por sobre<\/p>\n","protected":false},"featured_media":92627,"comment_status":"open","ping_status":"closed","template":"","meta":[],"product_brand":[],"product_cat":[155],"product_tag":[],"class_list":{"0":"post-98949","1":"product","2":"type-product","3":"status-publish","4":"has-post-thumbnail","6":"product_cat-sobres-en-formato-economico","8":"first","9":"instock","10":"taxable","11":"shipping-taxable","12":"purchasable","13":"product-type-simple"},"jetpack_sharing_enabled":true,"_links":{"self":[{"href":"https:\/\/mercadovivoagroecologia.cl\/wprod\/wp-json\/wp\/v2\/product\/98949","targetHints":{"allow":["GET"]}}],"collection":[{"href":"https:\/\/mercadovivoagroecologia.cl\/wprod\/wp-json\/wp\/v2\/product"}],"about":[{"href":"https:\/\/mercadovivoagroecologia.cl\/wprod\/wp-json\/wp\/v2\/types\/product"}],"replies":[{"embeddable":true,"href":"https:\/\/mercadovivoagroecologia.cl\/wprod\/wp-json\/wp\/v2\/comments?post=98949"}],"version-history":[{"count":1,"href":"https:\/\/mercadovivoagroecologia.cl\/wprod\/wp-json\/wp\/v2\/product\/98949\/revisions"}],"predecessor-version":[{"id":98950,"href":"https:\/\/mercadovivoagroecologia.cl\/wprod\/wp-json\/wp\/v2\/product\/98949\/revisions\/98950"}],"wp:featuredmedia":[{"embeddable":true,"href":"https:\/\/mercadovivoagroecologia.cl\/wprod\/wp-json\/wp\/v2\/media\/92627"}],"wp:attachment":[{"href":"https:\/\/mercadovivoagroecologia.cl\/wprod\/wp-json\/wp\/v2\/media?parent=98949"}],"wp:term":[{"taxonomy":"product_brand","embeddable":true,"href":"https:\/\/mercadovivoagroecologia.cl\/wprod\/wp-json\/wp\/v2\/product_brand?post=98949"},{"taxonomy":"product_cat","embeddable":true,"href":"https:\/\/mercadovivoagroecologia.cl\/wprod\/wp-json\/wp\/v2\/product_cat?post=98949"},{"taxonomy":"product_tag","embeddable":true,"href":"https:\/\/mercadovivoagroecologia.cl\/wprod\/wp-json\/wp\/v2\/product_tag?post=98949"}],"curies":[{"name":"wp","href":"https:\/\/api.w.org\/{rel}","templated":true}]}}