{"id":98815,"date":"2023-09-01T04:59:10","date_gmt":"2023-09-01T04:59:10","guid":{"rendered":"https:\/\/mercadovivoagroecologia.cl\/wprod\/?post_type=product&#038;p=98815"},"modified":"2026-03-27T13:47:30","modified_gmt":"2026-03-27T13:47:30","slug":"rabano-negro-espanol-fp","status":"publish","type":"product","link":"https:\/\/mercadovivoagroecologia.cl\/wprod\/producto\/rabano-negro-espanol-fp\/","title":{"rendered":"R\u00e1bano Negro Espa\u00f1ol FP"},"content":{"rendered":"<p>Variedad color Negro espa\u00f1ol, es de crecimiento r\u00e1pido y de f\u00e1cil cultivo.<\/p>\n<p>El r\u00e1bano se adapta bien a diversos climas. Requiere suelos livianos.<\/p>\n<p>Se recomienda consumir fresco entre los 25 a 30 d\u00edas luego se sembrar, ya que luego se pondr\u00e1 amargo.<\/p>\n","protected":false},"excerpt":{"rendered":"<p><strong>Nombre Cient\u00edfico:\u00a0<\/strong>Raphanus sativus<\/p>\n<p><strong>Familia:\u00a0<\/strong>Brassicaceae<\/p>\n<p><strong>Siembra:\u00a0<\/strong>Todo el a\u00f1o<\/p>\n<p><strong>Cantidad de semillas:\u00a0<\/strong>0,1 gr por sobre<\/p>\n","protected":false},"featured_media":80765,"comment_status":"open","ping_status":"closed","template":"","meta":[],"product_brand":[],"product_cat":[155],"product_tag":[],"class_list":{"0":"post-98815","1":"product","2":"type-product","3":"status-publish","4":"has-post-thumbnail","6":"product_cat-sobres-en-formato-economico","8":"first","9":"outofstock","10":"taxable","11":"shipping-taxable","12":"purchasable","13":"product-type-simple"},"jetpack_sharing_enabled":true,"_links":{"self":[{"href":"https:\/\/mercadovivoagroecologia.cl\/wprod\/wp-json\/wp\/v2\/product\/98815","targetHints":{"allow":["GET"]}}],"collection":[{"href":"https:\/\/mercadovivoagroecologia.cl\/wprod\/wp-json\/wp\/v2\/product"}],"about":[{"href":"https:\/\/mercadovivoagroecologia.cl\/wprod\/wp-json\/wp\/v2\/types\/product"}],"replies":[{"embeddable":true,"href":"https:\/\/mercadovivoagroecologia.cl\/wprod\/wp-json\/wp\/v2\/comments?post=98815"}],"version-history":[{"count":1,"href":"https:\/\/mercadovivoagroecologia.cl\/wprod\/wp-json\/wp\/v2\/product\/98815\/revisions"}],"predecessor-version":[{"id":98816,"href":"https:\/\/mercadovivoagroecologia.cl\/wprod\/wp-json\/wp\/v2\/product\/98815\/revisions\/98816"}],"wp:featuredmedia":[{"embeddable":true,"href":"https:\/\/mercadovivoagroecologia.cl\/wprod\/wp-json\/wp\/v2\/media\/80765"}],"wp:attachment":[{"href":"https:\/\/mercadovivoagroecologia.cl\/wprod\/wp-json\/wp\/v2\/media?parent=98815"}],"wp:term":[{"taxonomy":"product_brand","embeddable":true,"href":"https:\/\/mercadovivoagroecologia.cl\/wprod\/wp-json\/wp\/v2\/product_brand?post=98815"},{"taxonomy":"product_cat","embeddable":true,"href":"https:\/\/mercadovivoagroecologia.cl\/wprod\/wp-json\/wp\/v2\/product_cat?post=98815"},{"taxonomy":"product_tag","embeddable":true,"href":"https:\/\/mercadovivoagroecologia.cl\/wprod\/wp-json\/wp\/v2\/product_tag?post=98815"}],"curies":[{"name":"wp","href":"https:\/\/api.w.org\/{rel}","templated":true}]}}