{"id":98777,"date":"2023-08-30T15:48:03","date_gmt":"2023-08-30T15:48:03","guid":{"rendered":"https:\/\/mercadovivoagroecologia.cl\/wprod\/?post_type=product&#038;p=98777"},"modified":"2026-03-30T13:06:36","modified_gmt":"2026-03-30T13:06:36","slug":"calabaza-manzana","status":"publish","type":"product","link":"https:\/\/mercadovivoagroecologia.cl\/wprod\/producto\/calabaza-manzana\/","title":{"rendered":"Calabaza Manzana"},"content":{"rendered":"<p>Se usa principalmente para fines decorativos, por su gran tama\u00f1o y grosor de su c\u00e1scara, se puede usar como recipiente, pajarera o para decoraci\u00f3n de jardines.<\/p>\n<p>La planta es trepadora, muy frondosa y vigorosa, necesita tutores o gu\u00edas.<\/p>\n<p>Se desarrolla bien a pleno sol o invernadero.<\/p>\n<p>El color del fruto es verde moteado que luego cambia a marr\u00f3n cuando est\u00e1 seca.<\/p>\n<p>Cada fruto puede llegar a pesar mas de 2 kilos cuando est\u00e1n verdes.<\/p>\n<p>El fruto est\u00e1 listo a partir de los 120 d\u00edas.<\/p>\n<p>&nbsp;<\/p>\n","protected":false},"excerpt":{"rendered":"<p><strong>Nombre cient\u00edfico: <\/strong>Lagenaria siceraria<\/p>\n<p><strong>Familia: <\/strong>Cucurbitaceae<\/p>\n<p><strong>Siembra: <\/strong>Primavera<\/p>\n<p><strong>Cantidad:<\/strong> 15 semillas por sobre<\/p>\n","protected":false},"featured_media":98780,"comment_status":"open","ping_status":"closed","template":"","meta":[],"product_brand":[],"product_cat":[178],"product_tag":[],"class_list":{"0":"post-98777","1":"product","2":"type-product","3":"status-publish","4":"has-post-thumbnail","6":"product_cat-calabazas","8":"first","9":"instock","10":"taxable","11":"shipping-taxable","12":"purchasable","13":"product-type-simple"},"jetpack_sharing_enabled":true,"_links":{"self":[{"href":"https:\/\/mercadovivoagroecologia.cl\/wprod\/wp-json\/wp\/v2\/product\/98777","targetHints":{"allow":["GET"]}}],"collection":[{"href":"https:\/\/mercadovivoagroecologia.cl\/wprod\/wp-json\/wp\/v2\/product"}],"about":[{"href":"https:\/\/mercadovivoagroecologia.cl\/wprod\/wp-json\/wp\/v2\/types\/product"}],"replies":[{"embeddable":true,"href":"https:\/\/mercadovivoagroecologia.cl\/wprod\/wp-json\/wp\/v2\/comments?post=98777"}],"version-history":[{"count":2,"href":"https:\/\/mercadovivoagroecologia.cl\/wprod\/wp-json\/wp\/v2\/product\/98777\/revisions"}],"predecessor-version":[{"id":98784,"href":"https:\/\/mercadovivoagroecologia.cl\/wprod\/wp-json\/wp\/v2\/product\/98777\/revisions\/98784"}],"wp:featuredmedia":[{"embeddable":true,"href":"https:\/\/mercadovivoagroecologia.cl\/wprod\/wp-json\/wp\/v2\/media\/98780"}],"wp:attachment":[{"href":"https:\/\/mercadovivoagroecologia.cl\/wprod\/wp-json\/wp\/v2\/media?parent=98777"}],"wp:term":[{"taxonomy":"product_brand","embeddable":true,"href":"https:\/\/mercadovivoagroecologia.cl\/wprod\/wp-json\/wp\/v2\/product_brand?post=98777"},{"taxonomy":"product_cat","embeddable":true,"href":"https:\/\/mercadovivoagroecologia.cl\/wprod\/wp-json\/wp\/v2\/product_cat?post=98777"},{"taxonomy":"product_tag","embeddable":true,"href":"https:\/\/mercadovivoagroecologia.cl\/wprod\/wp-json\/wp\/v2\/product_tag?post=98777"}],"curies":[{"name":"wp","href":"https:\/\/api.w.org\/{rel}","templated":true}]}}