{"id":98169,"date":"2023-07-29T03:47:03","date_gmt":"2023-07-29T03:47:03","guid":{"rendered":"https:\/\/mercadovivoagroecologia.cl\/wprod\/?post_type=product&#038;p=98169"},"modified":"2026-03-31T18:18:02","modified_gmt":"2026-03-31T18:18:02","slug":"cucamelon-sandia-enana-o-raton-fp","status":"publish","type":"product","link":"https:\/\/mercadovivoagroecologia.cl\/wprod\/producto\/cucamelon-sandia-enana-o-raton-fp\/","title":{"rendered":"Cucamel\u00f3n \/ Sandia enana o rat\u00f3n FP"},"content":{"rendered":"<p>Tambi\u00e9n conocida como <em>Sand\u00eda enana, Sand\u00eda Rat\u00f3n, Pepinillo agrio mexicano, mel\u00f3n rat\u00f3n, jengibre agrio, sand\u00eda mexicana.<\/em><\/p>\n<p>Es una planta trepadora, perteneciente a la familia de las curcibit\u00e1ceas.<\/p>\n<p>Es originaria de M\u00e9xico y Centroam\u00e9rica y es cultivado desde la \u00e9poca prehisp\u00e1nica.<\/p>\n<p>La mejor forma de describirlo ser\u00eda: <em><strong>Tiene el tama\u00f1o de una uva, parece una sand\u00eda. pero por dentro tiene sabor y es como un pepino.<\/strong><\/em><\/p>\n<p>Se puede consumir solo o acompa\u00f1ando ensaladas o diversas preparaciones, es perfecto para decorar platos.<\/p>\n","protected":false},"excerpt":{"rendered":"<p><strong>Nombre Cient\u00edfico: <\/strong>Melothria scabra<\/p>\n<p><strong>Familia: <\/strong>Cucurbitaceae<\/p>\n<p><strong>Siembra:\u00a0<\/strong>Primavera<\/p>\n<p><strong>Cantidad:<\/strong> 10 semillas por sobre<\/p>\n<p>&nbsp;<\/p>\n","protected":false},"featured_media":82029,"comment_status":"open","ping_status":"closed","template":"","meta":[],"product_brand":[],"product_cat":[155],"product_tag":[],"class_list":{"0":"post-98169","1":"product","2":"type-product","3":"status-publish","4":"has-post-thumbnail","6":"product_cat-sobres-en-formato-economico","8":"first","9":"instock","10":"taxable","11":"shipping-taxable","12":"purchasable","13":"product-type-simple"},"jetpack_sharing_enabled":true,"_links":{"self":[{"href":"https:\/\/mercadovivoagroecologia.cl\/wprod\/wp-json\/wp\/v2\/product\/98169","targetHints":{"allow":["GET"]}}],"collection":[{"href":"https:\/\/mercadovivoagroecologia.cl\/wprod\/wp-json\/wp\/v2\/product"}],"about":[{"href":"https:\/\/mercadovivoagroecologia.cl\/wprod\/wp-json\/wp\/v2\/types\/product"}],"replies":[{"embeddable":true,"href":"https:\/\/mercadovivoagroecologia.cl\/wprod\/wp-json\/wp\/v2\/comments?post=98169"}],"version-history":[{"count":1,"href":"https:\/\/mercadovivoagroecologia.cl\/wprod\/wp-json\/wp\/v2\/product\/98169\/revisions"}],"predecessor-version":[{"id":98170,"href":"https:\/\/mercadovivoagroecologia.cl\/wprod\/wp-json\/wp\/v2\/product\/98169\/revisions\/98170"}],"wp:featuredmedia":[{"embeddable":true,"href":"https:\/\/mercadovivoagroecologia.cl\/wprod\/wp-json\/wp\/v2\/media\/82029"}],"wp:attachment":[{"href":"https:\/\/mercadovivoagroecologia.cl\/wprod\/wp-json\/wp\/v2\/media?parent=98169"}],"wp:term":[{"taxonomy":"product_brand","embeddable":true,"href":"https:\/\/mercadovivoagroecologia.cl\/wprod\/wp-json\/wp\/v2\/product_brand?post=98169"},{"taxonomy":"product_cat","embeddable":true,"href":"https:\/\/mercadovivoagroecologia.cl\/wprod\/wp-json\/wp\/v2\/product_cat?post=98169"},{"taxonomy":"product_tag","embeddable":true,"href":"https:\/\/mercadovivoagroecologia.cl\/wprod\/wp-json\/wp\/v2\/product_tag?post=98169"}],"curies":[{"name":"wp","href":"https:\/\/api.w.org\/{rel}","templated":true}]}}