{"id":98165,"date":"2023-07-29T03:41:18","date_gmt":"2023-07-29T03:41:18","guid":{"rendered":"https:\/\/mercadovivoagroecologia.cl\/wprod\/?post_type=product&#038;p=98165"},"modified":"2026-03-27T13:26:08","modified_gmt":"2026-03-27T13:26:08","slug":"calabaza-serpiente-de-sicilia-fp","status":"publish","type":"product","link":"https:\/\/mercadovivoagroecologia.cl\/wprod\/producto\/calabaza-serpiente-de-sicilia-fp\/","title":{"rendered":"Calabaza Serpiente de Sicilia FP"},"content":{"rendered":"<p>Es una variedad de doble prop\u00f3sito, se puede usar para decoraci\u00f3n y para consumir, es muy popular en la cocina tradicional siciliana y sur de Italia, para esto se recomienda cortar cuando est\u00e1 tierna, ya que as\u00ed estar\u00e1 muy blanda.<\/p>\n<p>Una de las preparaciones mas comunes en las que se usa esta calabaza, es la sopa templada, fr\u00eda, o muy fr\u00eda de verano: \u201csopa cucuzza longa\u201d.<\/p>\n<p>La planta es trepadora, muy frondosa, por lo que se recomienda plantar en una ligar con suficiente espacio y se debe guiar.<\/p>\n<p>Los frutos son grandes y alargados, pueden llegar a medir 2 metros de longitud y pesar entre 3 a 5 kilos.<\/p>\n<p>&nbsp;<\/p>\n<p>&nbsp;<\/p>\n<p>&nbsp;<\/p>\n<p>&nbsp;<\/p>\n","protected":false},"excerpt":{"rendered":"<p><strong>Nombre Cient\u00edfico: <\/strong>Lagenaria longissima Hort.<\/p>\n<p><strong>Familia: <\/strong>Cucurbit\u00e1ceas<\/p>\n<p><strong>Temporada de siembra:<\/strong> Primavera<\/p>\n<p><strong>Cantidad:<\/strong> 8 semillas por sobre<\/p>\n","protected":false},"featured_media":84428,"comment_status":"open","ping_status":"closed","template":"","meta":[],"product_brand":[],"product_cat":[155],"product_tag":[],"class_list":{"0":"post-98165","1":"product","2":"type-product","3":"status-publish","4":"has-post-thumbnail","6":"product_cat-sobres-en-formato-economico","8":"first","9":"instock","10":"taxable","11":"shipping-taxable","12":"purchasable","13":"product-type-simple"},"jetpack_sharing_enabled":true,"_links":{"self":[{"href":"https:\/\/mercadovivoagroecologia.cl\/wprod\/wp-json\/wp\/v2\/product\/98165","targetHints":{"allow":["GET"]}}],"collection":[{"href":"https:\/\/mercadovivoagroecologia.cl\/wprod\/wp-json\/wp\/v2\/product"}],"about":[{"href":"https:\/\/mercadovivoagroecologia.cl\/wprod\/wp-json\/wp\/v2\/types\/product"}],"replies":[{"embeddable":true,"href":"https:\/\/mercadovivoagroecologia.cl\/wprod\/wp-json\/wp\/v2\/comments?post=98165"}],"version-history":[{"count":1,"href":"https:\/\/mercadovivoagroecologia.cl\/wprod\/wp-json\/wp\/v2\/product\/98165\/revisions"}],"predecessor-version":[{"id":98166,"href":"https:\/\/mercadovivoagroecologia.cl\/wprod\/wp-json\/wp\/v2\/product\/98165\/revisions\/98166"}],"wp:featuredmedia":[{"embeddable":true,"href":"https:\/\/mercadovivoagroecologia.cl\/wprod\/wp-json\/wp\/v2\/media\/84428"}],"wp:attachment":[{"href":"https:\/\/mercadovivoagroecologia.cl\/wprod\/wp-json\/wp\/v2\/media?parent=98165"}],"wp:term":[{"taxonomy":"product_brand","embeddable":true,"href":"https:\/\/mercadovivoagroecologia.cl\/wprod\/wp-json\/wp\/v2\/product_brand?post=98165"},{"taxonomy":"product_cat","embeddable":true,"href":"https:\/\/mercadovivoagroecologia.cl\/wprod\/wp-json\/wp\/v2\/product_cat?post=98165"},{"taxonomy":"product_tag","embeddable":true,"href":"https:\/\/mercadovivoagroecologia.cl\/wprod\/wp-json\/wp\/v2\/product_tag?post=98165"}],"curies":[{"name":"wp","href":"https:\/\/api.w.org\/{rel}","templated":true}]}}