{"id":98162,"date":"2023-07-29T03:38:10","date_gmt":"2023-07-29T03:38:10","guid":{"rendered":"https:\/\/mercadovivoagroecologia.cl\/wprod\/?post_type=product&#038;p=98162"},"modified":"2026-03-27T13:26:07","modified_gmt":"2026-03-27T13:26:07","slug":"calabaza-mate-fp","status":"publish","type":"product","link":"https:\/\/mercadovivoagroecologia.cl\/wprod\/producto\/calabaza-mate-fp\/","title":{"rendered":"Calabaza Mate FP"},"content":{"rendered":"<p>El cultivo de esta planta es para los usos decorativos que se le dan al fruto, principalmente para hacer recipientes para mate.<\/p>\n<p>La planta es trepadora, bastante vigorosa y frondosa, tiene un ciclo largo y posterior a la cosecha, el fruto se debe dejar secar por un tiempo, idealmente a la sombra y alejado de la humedad para que tome la consistencia final y est\u00e9 listo para la perforaci\u00f3n, extracci\u00f3n de semillas y el curado en algunos casos.\u00a0 \u00a0 \u00a0 Luego de este proceso, est\u00e1 listo para servir el tradicional mate.<\/p>\n","protected":false},"excerpt":{"rendered":"<p><strong>Nombre cient\u00edfico: <\/strong>Lagenaria siceraria<\/p>\n<p><strong>Familia: <\/strong>Cucurbitaceae<\/p>\n<p><strong>Siembra: <\/strong>Primavera<\/p>\n<p><strong>Cantidad:<\/strong> 4 semillas por sobre<\/p>\n","protected":false},"featured_media":99133,"comment_status":"open","ping_status":"closed","template":"","meta":[],"product_brand":[],"product_cat":[155],"product_tag":[],"class_list":{"0":"post-98162","1":"product","2":"type-product","3":"status-publish","4":"has-post-thumbnail","6":"product_cat-sobres-en-formato-economico","8":"first","9":"outofstock","10":"taxable","11":"shipping-taxable","12":"purchasable","13":"product-type-simple"},"jetpack_sharing_enabled":true,"_links":{"self":[{"href":"https:\/\/mercadovivoagroecologia.cl\/wprod\/wp-json\/wp\/v2\/product\/98162","targetHints":{"allow":["GET"]}}],"collection":[{"href":"https:\/\/mercadovivoagroecologia.cl\/wprod\/wp-json\/wp\/v2\/product"}],"about":[{"href":"https:\/\/mercadovivoagroecologia.cl\/wprod\/wp-json\/wp\/v2\/types\/product"}],"replies":[{"embeddable":true,"href":"https:\/\/mercadovivoagroecologia.cl\/wprod\/wp-json\/wp\/v2\/comments?post=98162"}],"version-history":[{"count":1,"href":"https:\/\/mercadovivoagroecologia.cl\/wprod\/wp-json\/wp\/v2\/product\/98162\/revisions"}],"predecessor-version":[{"id":98163,"href":"https:\/\/mercadovivoagroecologia.cl\/wprod\/wp-json\/wp\/v2\/product\/98162\/revisions\/98163"}],"wp:featuredmedia":[{"embeddable":true,"href":"https:\/\/mercadovivoagroecologia.cl\/wprod\/wp-json\/wp\/v2\/media\/99133"}],"wp:attachment":[{"href":"https:\/\/mercadovivoagroecologia.cl\/wprod\/wp-json\/wp\/v2\/media?parent=98162"}],"wp:term":[{"taxonomy":"product_brand","embeddable":true,"href":"https:\/\/mercadovivoagroecologia.cl\/wprod\/wp-json\/wp\/v2\/product_brand?post=98162"},{"taxonomy":"product_cat","embeddable":true,"href":"https:\/\/mercadovivoagroecologia.cl\/wprod\/wp-json\/wp\/v2\/product_cat?post=98162"},{"taxonomy":"product_tag","embeddable":true,"href":"https:\/\/mercadovivoagroecologia.cl\/wprod\/wp-json\/wp\/v2\/product_tag?post=98162"}],"curies":[{"name":"wp","href":"https:\/\/api.w.org\/{rel}","templated":true}]}}