{"id":98156,"date":"2023-07-29T03:27:53","date_gmt":"2023-07-29T03:27:53","guid":{"rendered":"https:\/\/mercadovivoagroecologia.cl\/wprod\/?post_type=product&#038;p=98156"},"modified":"2026-03-30T13:06:36","modified_gmt":"2026-03-30T13:06:36","slug":"aji-corona-de-obispo-o-chile-campana-fp","status":"publish","type":"product","link":"https:\/\/mercadovivoagroecologia.cl\/wprod\/producto\/aji-corona-de-obispo-o-chile-campana-fp\/","title":{"rendered":"Aj\u00ed Corona de Obispo o Chile Campana FP"},"content":{"rendered":"<p><em>Otros nombres: <strong>Christmas bell<\/strong>\u00a0(campana de Navidad),\u00a0<strong>joker\u2019s bell<\/strong>\u00a0(sombrero de payaso) o, de forma m\u00e1s frecuente,\u00a0<strong>Bishop\u2019s crown.<\/strong><\/em><\/p>\n<p>Es originario de Per\u00fa y Bolivia, donde hay pruebas procedentes de excavaciones de que ya se cultivaban variedades de C. baccatum hacia el 2.500 a.C, teniendo al dia de hoy, una antig\u00fcedad de 4.500 a\u00f1os.<\/p>\n<p>Este aj\u00ed tiene la particularidad de tener una forma muy at\u00edpica, tiene tres lados que terminan en punta, tomando la forma de una campana.<\/p>\n<p>Tiene un sabor dulce afrutado con picor medio.<\/p>\n<p>La planta toma r\u00e1pidamente una altura impresionante, pudiendo alcanzar hasta 2 metros de altura, ya que no posee crecimiento arbustivo como la mayor\u00eda de los aj\u00edes, si no que, su crecimiento de desarrolla hacia arriba, como un \u00e1rbol.<\/p>\n","protected":false},"excerpt":{"rendered":"<p><strong>Nombre Cient\u00edfico: <\/strong>Capsicum baccatum\u00a0L.<\/p>\n<p><strong>Familia: <\/strong>Solanaceae<\/p>\n<p><strong>Temporada de siembra: <\/strong>Primavera<\/p>\n<p><strong>Cantidad de semillas:<\/strong> 10 unidades por sobre<\/p>\n<p><strong>Unidades Scoville:<\/strong> 5.000 \u2013 30.000 SHU<\/p>\n","protected":false},"featured_media":98154,"comment_status":"open","ping_status":"closed","template":"","meta":[],"product_brand":[],"product_cat":[155],"product_tag":[],"class_list":{"0":"post-98156","1":"product","2":"type-product","3":"status-publish","4":"has-post-thumbnail","6":"product_cat-sobres-en-formato-economico","8":"first","9":"instock","10":"taxable","11":"shipping-taxable","12":"purchasable","13":"product-type-simple"},"jetpack_sharing_enabled":true,"_links":{"self":[{"href":"https:\/\/mercadovivoagroecologia.cl\/wprod\/wp-json\/wp\/v2\/product\/98156","targetHints":{"allow":["GET"]}}],"collection":[{"href":"https:\/\/mercadovivoagroecologia.cl\/wprod\/wp-json\/wp\/v2\/product"}],"about":[{"href":"https:\/\/mercadovivoagroecologia.cl\/wprod\/wp-json\/wp\/v2\/types\/product"}],"replies":[{"embeddable":true,"href":"https:\/\/mercadovivoagroecologia.cl\/wprod\/wp-json\/wp\/v2\/comments?post=98156"}],"version-history":[{"count":1,"href":"https:\/\/mercadovivoagroecologia.cl\/wprod\/wp-json\/wp\/v2\/product\/98156\/revisions"}],"predecessor-version":[{"id":98157,"href":"https:\/\/mercadovivoagroecologia.cl\/wprod\/wp-json\/wp\/v2\/product\/98156\/revisions\/98157"}],"wp:featuredmedia":[{"embeddable":true,"href":"https:\/\/mercadovivoagroecologia.cl\/wprod\/wp-json\/wp\/v2\/media\/98154"}],"wp:attachment":[{"href":"https:\/\/mercadovivoagroecologia.cl\/wprod\/wp-json\/wp\/v2\/media?parent=98156"}],"wp:term":[{"taxonomy":"product_brand","embeddable":true,"href":"https:\/\/mercadovivoagroecologia.cl\/wprod\/wp-json\/wp\/v2\/product_brand?post=98156"},{"taxonomy":"product_cat","embeddable":true,"href":"https:\/\/mercadovivoagroecologia.cl\/wprod\/wp-json\/wp\/v2\/product_cat?post=98156"},{"taxonomy":"product_tag","embeddable":true,"href":"https:\/\/mercadovivoagroecologia.cl\/wprod\/wp-json\/wp\/v2\/product_tag?post=98156"}],"curies":[{"name":"wp","href":"https:\/\/api.w.org\/{rel}","templated":true}]}}