{"id":97773,"date":"2023-07-20T02:57:55","date_gmt":"2023-07-20T02:57:55","guid":{"rendered":"https:\/\/mercadovivoagroecologia.cl\/wprod\/?post_type=product&#038;p=97773"},"modified":"2026-03-31T14:18:16","modified_gmt":"2026-03-31T14:18:16","slug":"mostaza-roja-mostaza-de-hoja-fp","status":"publish","type":"product","link":"https:\/\/mercadovivoagroecologia.cl\/wprod\/producto\/mostaza-roja-mostaza-de-hoja-fp\/","title":{"rendered":"Mostaza Roja \/ Mostaza de Hoja FP"},"content":{"rendered":"<p>Produce grandes hojas abiertas con un intenso color morado, se ver\u00e1 preciosa en tu huerto y adem\u00e1s tiene un sabor incre\u00edble, muy intenso y picante. <\/p>\n<p>Se recomienda cocinar o saltear, ya que la hoja es gruesa.<\/p>\n<p>Puede ser plantada en invernadero o en tu huerto exterior.<\/p>\n","protected":false},"excerpt":{"rendered":"<p><strong>Nombre Cient\u00edfico: <\/strong>Brassica juncea<\/p>\n<p><strong>Familia: <\/strong>Brassicaceae<\/p>\n<p><strong>Siembra: <\/strong>Todo el a\u00f1o (recomendado: Marzo a Noviembre)<\/p>\n<p><strong>Cantidad de semillas: <\/strong>0,1 gr por sobre<\/p>\n<p><strong>Otros nombres: <\/strong>Mostaza de Hoja, Mostaza parda.<\/p>\n","protected":false},"featured_media":111848,"comment_status":"open","ping_status":"closed","template":"","meta":[],"product_brand":[],"product_cat":[155],"product_tag":[],"class_list":{"0":"post-97773","1":"product","2":"type-product","3":"status-publish","4":"has-post-thumbnail","6":"product_cat-sobres-en-formato-economico","8":"first","9":"instock","10":"taxable","11":"shipping-taxable","12":"purchasable","13":"product-type-simple"},"jetpack_sharing_enabled":true,"_links":{"self":[{"href":"https:\/\/mercadovivoagroecologia.cl\/wprod\/wp-json\/wp\/v2\/product\/97773","targetHints":{"allow":["GET"]}}],"collection":[{"href":"https:\/\/mercadovivoagroecologia.cl\/wprod\/wp-json\/wp\/v2\/product"}],"about":[{"href":"https:\/\/mercadovivoagroecologia.cl\/wprod\/wp-json\/wp\/v2\/types\/product"}],"replies":[{"embeddable":true,"href":"https:\/\/mercadovivoagroecologia.cl\/wprod\/wp-json\/wp\/v2\/comments?post=97773"}],"version-history":[{"count":3,"href":"https:\/\/mercadovivoagroecologia.cl\/wprod\/wp-json\/wp\/v2\/product\/97773\/revisions"}],"predecessor-version":[{"id":110755,"href":"https:\/\/mercadovivoagroecologia.cl\/wprod\/wp-json\/wp\/v2\/product\/97773\/revisions\/110755"}],"wp:featuredmedia":[{"embeddable":true,"href":"https:\/\/mercadovivoagroecologia.cl\/wprod\/wp-json\/wp\/v2\/media\/111848"}],"wp:attachment":[{"href":"https:\/\/mercadovivoagroecologia.cl\/wprod\/wp-json\/wp\/v2\/media?parent=97773"}],"wp:term":[{"taxonomy":"product_brand","embeddable":true,"href":"https:\/\/mercadovivoagroecologia.cl\/wprod\/wp-json\/wp\/v2\/product_brand?post=97773"},{"taxonomy":"product_cat","embeddable":true,"href":"https:\/\/mercadovivoagroecologia.cl\/wprod\/wp-json\/wp\/v2\/product_cat?post=97773"},{"taxonomy":"product_tag","embeddable":true,"href":"https:\/\/mercadovivoagroecologia.cl\/wprod\/wp-json\/wp\/v2\/product_tag?post=97773"}],"curies":[{"name":"wp","href":"https:\/\/api.w.org\/{rel}","templated":true}]}}