{"id":97603,"date":"2023-07-17T19:19:45","date_gmt":"2023-07-17T19:19:45","guid":{"rendered":"https:\/\/mercadovivoagroecologia.cl\/wprod\/?post_type=product&#038;p=97603"},"modified":"2026-03-27T13:24:44","modified_gmt":"2026-03-27T13:24:44","slug":"aji-dulce-venezolano-aji-margariteno","status":"publish","type":"product","link":"https:\/\/mercadovivoagroecologia.cl\/wprod\/producto\/aji-dulce-venezolano-aji-margariteno\/","title":{"rendered":"Aj\u00ed dulce Venezolano \/ Aj\u00ed Margarite\u00f1o"},"content":{"rendered":"<p><em><strong>Otros nombres: Aj\u00ed Margarite\u00f1o.<\/strong><\/em><\/p>\n<p>No es originario de Venezuela, pero lleg\u00f3 a ese pa\u00eds hace unos 20.000 a\u00f1os.<\/p>\n<p>Sus frutos poseen una forma muy particular y tienden a arrugarse, a simple vista se piensa que es un aj\u00ed muy picante, pero en realidad tiene un picor suave, por lo que e puede usar para sofritos y condimentar comidas.<\/p>\n<p>&nbsp;<\/p>\n<p>&nbsp;<\/p>\n","protected":false},"excerpt":{"rendered":"<p><strong>Nombre cient\u00edfico:<\/strong> Capsicum chinense<\/p>\n<p><b>Familia: <\/b>Solan\u00e1ceas<\/p>\n<p><strong>Siembra:<\/strong> Primavera<\/p>\n<p><strong>Cantidad de semillas:<\/strong> 10 semillas por sobre.<\/p>\n<p><strong>Unidades Scoville: <\/strong>\u00a0100 &#8211; 500\u00a0SHU<\/p>\n","protected":false},"featured_media":97298,"comment_status":"closed","ping_status":"closed","template":"","meta":[],"product_brand":[],"product_cat":[161],"product_tag":[],"class_list":{"0":"post-97603","1":"product","2":"type-product","3":"status-publish","4":"has-post-thumbnail","6":"product_cat-aji","8":"first","9":"outofstock","10":"taxable","11":"shipping-taxable","12":"purchasable","13":"product-type-simple"},"jetpack_sharing_enabled":true,"_links":{"self":[{"href":"https:\/\/mercadovivoagroecologia.cl\/wprod\/wp-json\/wp\/v2\/product\/97603","targetHints":{"allow":["GET"]}}],"collection":[{"href":"https:\/\/mercadovivoagroecologia.cl\/wprod\/wp-json\/wp\/v2\/product"}],"about":[{"href":"https:\/\/mercadovivoagroecologia.cl\/wprod\/wp-json\/wp\/v2\/types\/product"}],"replies":[{"embeddable":true,"href":"https:\/\/mercadovivoagroecologia.cl\/wprod\/wp-json\/wp\/v2\/comments?post=97603"}],"version-history":[{"count":1,"href":"https:\/\/mercadovivoagroecologia.cl\/wprod\/wp-json\/wp\/v2\/product\/97603\/revisions"}],"predecessor-version":[{"id":97604,"href":"https:\/\/mercadovivoagroecologia.cl\/wprod\/wp-json\/wp\/v2\/product\/97603\/revisions\/97604"}],"wp:featuredmedia":[{"embeddable":true,"href":"https:\/\/mercadovivoagroecologia.cl\/wprod\/wp-json\/wp\/v2\/media\/97298"}],"wp:attachment":[{"href":"https:\/\/mercadovivoagroecologia.cl\/wprod\/wp-json\/wp\/v2\/media?parent=97603"}],"wp:term":[{"taxonomy":"product_brand","embeddable":true,"href":"https:\/\/mercadovivoagroecologia.cl\/wprod\/wp-json\/wp\/v2\/product_brand?post=97603"},{"taxonomy":"product_cat","embeddable":true,"href":"https:\/\/mercadovivoagroecologia.cl\/wprod\/wp-json\/wp\/v2\/product_cat?post=97603"},{"taxonomy":"product_tag","embeddable":true,"href":"https:\/\/mercadovivoagroecologia.cl\/wprod\/wp-json\/wp\/v2\/product_tag?post=97603"}],"curies":[{"name":"wp","href":"https:\/\/api.w.org\/{rel}","templated":true}]}}