{"id":97598,"date":"2023-07-17T19:07:26","date_gmt":"2023-07-17T19:07:26","guid":{"rendered":"https:\/\/mercadovivoagroecologia.cl\/wprod\/?post_type=product&#038;p=97598"},"modified":"2026-03-27T13:24:44","modified_gmt":"2026-03-27T13:24:44","slug":"aji-habanero-blanco","status":"publish","type":"product","link":"https:\/\/mercadovivoagroecologia.cl\/wprod\/producto\/aji-habanero-blanco\/","title":{"rendered":"Aj\u00ed Habanero Blanco"},"content":{"rendered":"<p>El Chile Habanero est\u00e1 entre los mas picantes del mundo, despu\u00e9s del famoso Carolina Reaper, para que tengas una idea, es 40 veces mas picante que un Jalape\u00f1o.<\/p>\n<p>Esta variedad en color blanco es raro de encontrar.<\/p>\n<p>La planta prefiere pleno sol y las altas temperaturas.<\/p>\n<p>Su sabor es muy picante y tiene un sabor afrutado ahumado.<\/p>\n<p>Se recomienda precauci\u00f3n al manipularlo, idealmente usar guantes.<\/p>\n<p>&nbsp;<\/p>\n","protected":false},"excerpt":{"rendered":"<p><strong>Nombre cient\u00edfico:<\/strong> Capsicum chinense Habanero Group<\/p>\n<p><b>Familia: <\/b>Solan\u00e1ceas<\/p>\n<p><strong>Siembra:<\/strong> Primavera<\/p>\n<p><strong>Cantidad de semillas:<\/strong>\u00a0 10 semillas por sobre.<\/p>\n<p><strong>Unidades Scoville: <\/strong>150.000 &#8211; 325.000 SHU<\/p>\n","protected":false},"featured_media":97302,"comment_status":"closed","ping_status":"closed","template":"","meta":[],"product_brand":[],"product_cat":[161],"product_tag":[],"class_list":{"0":"post-97598","1":"product","2":"type-product","3":"status-publish","4":"has-post-thumbnail","6":"product_cat-aji","8":"first","9":"outofstock","10":"taxable","11":"shipping-taxable","12":"purchasable","13":"product-type-simple"},"jetpack_sharing_enabled":true,"_links":{"self":[{"href":"https:\/\/mercadovivoagroecologia.cl\/wprod\/wp-json\/wp\/v2\/product\/97598","targetHints":{"allow":["GET"]}}],"collection":[{"href":"https:\/\/mercadovivoagroecologia.cl\/wprod\/wp-json\/wp\/v2\/product"}],"about":[{"href":"https:\/\/mercadovivoagroecologia.cl\/wprod\/wp-json\/wp\/v2\/types\/product"}],"replies":[{"embeddable":true,"href":"https:\/\/mercadovivoagroecologia.cl\/wprod\/wp-json\/wp\/v2\/comments?post=97598"}],"version-history":[{"count":1,"href":"https:\/\/mercadovivoagroecologia.cl\/wprod\/wp-json\/wp\/v2\/product\/97598\/revisions"}],"predecessor-version":[{"id":97599,"href":"https:\/\/mercadovivoagroecologia.cl\/wprod\/wp-json\/wp\/v2\/product\/97598\/revisions\/97599"}],"wp:featuredmedia":[{"embeddable":true,"href":"https:\/\/mercadovivoagroecologia.cl\/wprod\/wp-json\/wp\/v2\/media\/97302"}],"wp:attachment":[{"href":"https:\/\/mercadovivoagroecologia.cl\/wprod\/wp-json\/wp\/v2\/media?parent=97598"}],"wp:term":[{"taxonomy":"product_brand","embeddable":true,"href":"https:\/\/mercadovivoagroecologia.cl\/wprod\/wp-json\/wp\/v2\/product_brand?post=97598"},{"taxonomy":"product_cat","embeddable":true,"href":"https:\/\/mercadovivoagroecologia.cl\/wprod\/wp-json\/wp\/v2\/product_cat?post=97598"},{"taxonomy":"product_tag","embeddable":true,"href":"https:\/\/mercadovivoagroecologia.cl\/wprod\/wp-json\/wp\/v2\/product_tag?post=97598"}],"curies":[{"name":"wp","href":"https:\/\/api.w.org\/{rel}","templated":true}]}}