{"id":97034,"date":"2023-07-05T17:23:41","date_gmt":"2023-07-05T17:23:41","guid":{"rendered":"https:\/\/mercadovivoagroecologia.cl\/wprod\/?post_type=product&#038;p=97034"},"modified":"2026-03-31T14:18:16","modified_gmt":"2026-03-31T14:18:16","slug":"calendula-snow-princess","status":"publish","type":"product","link":"https:\/\/mercadovivoagroecologia.cl\/wprod\/producto\/calendula-snow-princess\/","title":{"rendered":"Cal\u00e9ndula Snow Princess"},"content":{"rendered":"<p>Hermosa variedad de cal\u00e9ndula que produce flores con p\u00e9talos amarillo p\u00e1lido, y que a medida que la flor va abriendo nuevos p\u00e9talos, \u00e9stos van cambiando a color blanco brillante con un centro de flor negro.<\/p>\n<p>La cal\u00e9ndula es un infaltable en tu huerto ya que cumple la funci\u00f3n de ser un corredor biol\u00f3gico y tambi\u00e9n tiene fines ornamentales.<\/p>\n<p>&nbsp;<\/p>\n","protected":false},"excerpt":{"rendered":"<p><strong>Nombre cient\u00edfico: <\/strong>Calendula officinalis<\/p>\n<p><strong>Familia: <\/strong>Asteracea<\/p>\n<p><strong>Siembra:<\/strong> Siembra directa (Todo el a\u00f1o) \/ Alm\u00e1cigos (primavera).<\/p>\n<p><strong>Cantidad de semillas:<\/strong> 1 gr por sobre<\/p>\n","protected":false},"featured_media":99421,"comment_status":"closed","ping_status":"closed","template":"","meta":[],"product_brand":[],"product_cat":[108],"product_tag":[],"class_list":{"0":"post-97034","1":"product","2":"type-product","3":"status-publish","4":"has-post-thumbnail","6":"product_cat-flores-y-plantas-ornamentales","8":"first","9":"instock","10":"taxable","11":"shipping-taxable","12":"purchasable","13":"product-type-simple"},"jetpack_sharing_enabled":true,"_links":{"self":[{"href":"https:\/\/mercadovivoagroecologia.cl\/wprod\/wp-json\/wp\/v2\/product\/97034","targetHints":{"allow":["GET"]}}],"collection":[{"href":"https:\/\/mercadovivoagroecologia.cl\/wprod\/wp-json\/wp\/v2\/product"}],"about":[{"href":"https:\/\/mercadovivoagroecologia.cl\/wprod\/wp-json\/wp\/v2\/types\/product"}],"replies":[{"embeddable":true,"href":"https:\/\/mercadovivoagroecologia.cl\/wprod\/wp-json\/wp\/v2\/comments?post=97034"}],"version-history":[{"count":2,"href":"https:\/\/mercadovivoagroecologia.cl\/wprod\/wp-json\/wp\/v2\/product\/97034\/revisions"}],"predecessor-version":[{"id":103447,"href":"https:\/\/mercadovivoagroecologia.cl\/wprod\/wp-json\/wp\/v2\/product\/97034\/revisions\/103447"}],"wp:featuredmedia":[{"embeddable":true,"href":"https:\/\/mercadovivoagroecologia.cl\/wprod\/wp-json\/wp\/v2\/media\/99421"}],"wp:attachment":[{"href":"https:\/\/mercadovivoagroecologia.cl\/wprod\/wp-json\/wp\/v2\/media?parent=97034"}],"wp:term":[{"taxonomy":"product_brand","embeddable":true,"href":"https:\/\/mercadovivoagroecologia.cl\/wprod\/wp-json\/wp\/v2\/product_brand?post=97034"},{"taxonomy":"product_cat","embeddable":true,"href":"https:\/\/mercadovivoagroecologia.cl\/wprod\/wp-json\/wp\/v2\/product_cat?post=97034"},{"taxonomy":"product_tag","embeddable":true,"href":"https:\/\/mercadovivoagroecologia.cl\/wprod\/wp-json\/wp\/v2\/product_tag?post=97034"}],"curies":[{"name":"wp","href":"https:\/\/api.w.org\/{rel}","templated":true}]}}