{"id":97022,"date":"2023-07-05T17:03:20","date_gmt":"2023-07-05T17:03:20","guid":{"rendered":"https:\/\/mercadovivoagroecologia.cl\/wprod\/?post_type=product&#038;p=97022"},"modified":"2026-03-27T13:26:11","modified_gmt":"2026-03-27T13:26:11","slug":"calendula-frutilla","status":"publish","type":"product","link":"https:\/\/mercadovivoagroecologia.cl\/wprod\/producto\/calendula-frutilla\/","title":{"rendered":"Cal\u00e9ndula Frutilla"},"content":{"rendered":"<p>Hermosa variedad de cal\u00e9ndula con p\u00e9talos color rosado intenso.<\/p>\n<p>La planta es una infaltable en tu huerto ya que cumple la funci\u00f3n de ser un corredor biol\u00f3gico y tambi\u00e9n tiene fines ornamentales.<\/p>\n<p>A diferencia de la cal\u00e9ndula com\u00fan, \u00e9sta produce pocas semillas.<\/p>\n","protected":false},"excerpt":{"rendered":"<p><strong>Nombre cient\u00edfico: <\/strong>Calendula officinalis<\/p>\n<p><strong>Familia: <\/strong>Asteracea<\/p>\n<p><strong>Siembra:<\/strong> Siembra directa (Todo el a\u00f1o) \/ Alm\u00e1cigos (primavera).<\/p>\n<p><strong>Cantidad:<\/strong> 20 semillas por sobre<\/p>\n","protected":false},"featured_media":97032,"comment_status":"closed","ping_status":"closed","template":"","meta":[],"product_brand":[],"product_cat":[108],"product_tag":[],"class_list":{"0":"post-97022","1":"product","2":"type-product","3":"status-publish","4":"has-post-thumbnail","6":"product_cat-flores-y-plantas-ornamentales","8":"first","9":"outofstock","10":"taxable","11":"shipping-taxable","12":"purchasable","13":"product-type-simple"},"jetpack_sharing_enabled":true,"_links":{"self":[{"href":"https:\/\/mercadovivoagroecologia.cl\/wprod\/wp-json\/wp\/v2\/product\/97022","targetHints":{"allow":["GET"]}}],"collection":[{"href":"https:\/\/mercadovivoagroecologia.cl\/wprod\/wp-json\/wp\/v2\/product"}],"about":[{"href":"https:\/\/mercadovivoagroecologia.cl\/wprod\/wp-json\/wp\/v2\/types\/product"}],"replies":[{"embeddable":true,"href":"https:\/\/mercadovivoagroecologia.cl\/wprod\/wp-json\/wp\/v2\/comments?post=97022"}],"version-history":[{"count":1,"href":"https:\/\/mercadovivoagroecologia.cl\/wprod\/wp-json\/wp\/v2\/product\/97022\/revisions"}],"predecessor-version":[{"id":97033,"href":"https:\/\/mercadovivoagroecologia.cl\/wprod\/wp-json\/wp\/v2\/product\/97022\/revisions\/97033"}],"wp:featuredmedia":[{"embeddable":true,"href":"https:\/\/mercadovivoagroecologia.cl\/wprod\/wp-json\/wp\/v2\/media\/97032"}],"wp:attachment":[{"href":"https:\/\/mercadovivoagroecologia.cl\/wprod\/wp-json\/wp\/v2\/media?parent=97022"}],"wp:term":[{"taxonomy":"product_brand","embeddable":true,"href":"https:\/\/mercadovivoagroecologia.cl\/wprod\/wp-json\/wp\/v2\/product_brand?post=97022"},{"taxonomy":"product_cat","embeddable":true,"href":"https:\/\/mercadovivoagroecologia.cl\/wprod\/wp-json\/wp\/v2\/product_cat?post=97022"},{"taxonomy":"product_tag","embeddable":true,"href":"https:\/\/mercadovivoagroecologia.cl\/wprod\/wp-json\/wp\/v2\/product_tag?post=97022"}],"curies":[{"name":"wp","href":"https:\/\/api.w.org\/{rel}","templated":true}]}}