{"id":96949,"date":"2023-07-04T13:39:56","date_gmt":"2023-07-04T13:39:56","guid":{"rendered":"https:\/\/mercadovivoagroecologia.cl\/wprod\/?post_type=product&#038;p=96949"},"modified":"2026-03-31T18:18:02","modified_gmt":"2026-03-31T18:18:02","slug":"coliflor-fp","status":"publish","type":"product","link":"https:\/\/mercadovivoagroecologia.cl\/wprod\/producto\/coliflor-fp\/","title":{"rendered":"Coliflor FP"},"content":{"rendered":"<p>Es originario del Mediterr\u00e1neo y hoy en d\u00eda el principal productor de esta cruc\u00edfera es China.<\/p>\n<p>Pertenece a la familia del repollo, r\u00e1bano, br\u00f3coli y nabo.<\/p>\n<p>El Coliflor tiene un ciclo biol\u00f3gico de 2 a\u00f1os, pero por lo general se usa como planta anual, ya que se cosecha su flor inmadura para consumo, tambi\u00e9n se pueden consumir sus hojas.<\/p>\n<p>Es una planta resistente a temperaturas adversas y suele ser atacado por plagas, por lo que se recomienda hacer control a tiempo.<\/p>\n<p>La cosecha del coliflor para consumo es de 4 a 6 meses.<\/p>\n","protected":false},"excerpt":{"rendered":"<p><strong>Nombre Cient\u00edfico: <\/strong>Brassica oleracea var. botrytis<\/p>\n<p><strong>Familia: <\/strong>Brassicaceae.<\/p>\n<p><strong>Siembra: <\/strong>Oto\u00f1o\/Invierno\/ Primavera<\/p>\n<p><strong>Cantidad de semillas: <\/strong>0.1 gr por sobre<\/p>\n","protected":false},"featured_media":110517,"comment_status":"open","ping_status":"closed","template":"","meta":[],"product_brand":[],"product_cat":[155],"product_tag":[],"class_list":{"0":"post-96949","1":"product","2":"type-product","3":"status-publish","4":"has-post-thumbnail","6":"product_cat-sobres-en-formato-economico","8":"first","9":"instock","10":"taxable","11":"shipping-taxable","12":"purchasable","13":"product-type-simple"},"jetpack_sharing_enabled":true,"_links":{"self":[{"href":"https:\/\/mercadovivoagroecologia.cl\/wprod\/wp-json\/wp\/v2\/product\/96949","targetHints":{"allow":["GET"]}}],"collection":[{"href":"https:\/\/mercadovivoagroecologia.cl\/wprod\/wp-json\/wp\/v2\/product"}],"about":[{"href":"https:\/\/mercadovivoagroecologia.cl\/wprod\/wp-json\/wp\/v2\/types\/product"}],"replies":[{"embeddable":true,"href":"https:\/\/mercadovivoagroecologia.cl\/wprod\/wp-json\/wp\/v2\/comments?post=96949"}],"version-history":[{"count":1,"href":"https:\/\/mercadovivoagroecologia.cl\/wprod\/wp-json\/wp\/v2\/product\/96949\/revisions"}],"predecessor-version":[{"id":96950,"href":"https:\/\/mercadovivoagroecologia.cl\/wprod\/wp-json\/wp\/v2\/product\/96949\/revisions\/96950"}],"wp:featuredmedia":[{"embeddable":true,"href":"https:\/\/mercadovivoagroecologia.cl\/wprod\/wp-json\/wp\/v2\/media\/110517"}],"wp:attachment":[{"href":"https:\/\/mercadovivoagroecologia.cl\/wprod\/wp-json\/wp\/v2\/media?parent=96949"}],"wp:term":[{"taxonomy":"product_brand","embeddable":true,"href":"https:\/\/mercadovivoagroecologia.cl\/wprod\/wp-json\/wp\/v2\/product_brand?post=96949"},{"taxonomy":"product_cat","embeddable":true,"href":"https:\/\/mercadovivoagroecologia.cl\/wprod\/wp-json\/wp\/v2\/product_cat?post=96949"},{"taxonomy":"product_tag","embeddable":true,"href":"https:\/\/mercadovivoagroecologia.cl\/wprod\/wp-json\/wp\/v2\/product_tag?post=96949"}],"curies":[{"name":"wp","href":"https:\/\/api.w.org\/{rel}","templated":true}]}}