{"id":96833,"date":"2023-07-03T16:52:39","date_gmt":"2023-07-03T16:52:39","guid":{"rendered":"https:\/\/mercadovivoagroecologia.cl\/wprod\/?post_type=product&#038;p=96833"},"modified":"2026-03-27T13:24:45","modified_gmt":"2026-03-27T13:24:45","slug":"aji-puta-madre-fp","status":"publish","type":"product","link":"https:\/\/mercadovivoagroecologia.cl\/wprod\/producto\/aji-puta-madre-fp\/","title":{"rendered":"Aj\u00ed Puta Madre FP"},"content":{"rendered":"<p><em><strong>Otros nombres:<\/strong> aj\u00ed putapari\u00f3, aj\u00ed de la mala palabra, aj\u00ed musamadre.<\/em><\/p>\n<p>Variedad nativa de Sudam\u00e9rica.<\/p>\n<p>Planta arbustiva, de cultivo anual.<\/p>\n<p>Produce frutos de unos 2.5 cm de largo, que maduran de verde a rojo.<\/p>\n<p>Su nombre es debido al insulto que se pronunciar\u00eda al comerlo.<\/p>\n<p>&nbsp;<\/p>\n<p>&nbsp;<\/p>\n<p>&nbsp;<\/p>\n","protected":false},"excerpt":{"rendered":"<p><strong>Nombre cient\u00edfico:<\/strong> Capsicum chacoense<\/p>\n<p><strong>Familia:<\/strong> Solan\u00e1ceas<\/p>\n<p><strong>Temporada de siembra:<\/strong> Primavera<\/p>\n<p><strong>Cantidad:<\/strong> 20 semillas por sobre<\/p>\n<p>&nbsp;<\/p>\n","protected":false},"featured_media":84335,"comment_status":"open","ping_status":"closed","template":"","meta":[],"product_brand":[],"product_cat":[155],"product_tag":[],"class_list":{"0":"post-96833","1":"product","2":"type-product","3":"status-publish","4":"has-post-thumbnail","6":"product_cat-sobres-en-formato-economico","8":"first","9":"instock","10":"taxable","11":"shipping-taxable","12":"purchasable","13":"product-type-simple"},"jetpack_sharing_enabled":true,"_links":{"self":[{"href":"https:\/\/mercadovivoagroecologia.cl\/wprod\/wp-json\/wp\/v2\/product\/96833","targetHints":{"allow":["GET"]}}],"collection":[{"href":"https:\/\/mercadovivoagroecologia.cl\/wprod\/wp-json\/wp\/v2\/product"}],"about":[{"href":"https:\/\/mercadovivoagroecologia.cl\/wprod\/wp-json\/wp\/v2\/types\/product"}],"replies":[{"embeddable":true,"href":"https:\/\/mercadovivoagroecologia.cl\/wprod\/wp-json\/wp\/v2\/comments?post=96833"}],"version-history":[{"count":1,"href":"https:\/\/mercadovivoagroecologia.cl\/wprod\/wp-json\/wp\/v2\/product\/96833\/revisions"}],"predecessor-version":[{"id":96834,"href":"https:\/\/mercadovivoagroecologia.cl\/wprod\/wp-json\/wp\/v2\/product\/96833\/revisions\/96834"}],"wp:featuredmedia":[{"embeddable":true,"href":"https:\/\/mercadovivoagroecologia.cl\/wprod\/wp-json\/wp\/v2\/media\/84335"}],"wp:attachment":[{"href":"https:\/\/mercadovivoagroecologia.cl\/wprod\/wp-json\/wp\/v2\/media?parent=96833"}],"wp:term":[{"taxonomy":"product_brand","embeddable":true,"href":"https:\/\/mercadovivoagroecologia.cl\/wprod\/wp-json\/wp\/v2\/product_brand?post=96833"},{"taxonomy":"product_cat","embeddable":true,"href":"https:\/\/mercadovivoagroecologia.cl\/wprod\/wp-json\/wp\/v2\/product_cat?post=96833"},{"taxonomy":"product_tag","embeddable":true,"href":"https:\/\/mercadovivoagroecologia.cl\/wprod\/wp-json\/wp\/v2\/product_tag?post=96833"}],"curies":[{"name":"wp","href":"https:\/\/api.w.org\/{rel}","templated":true}]}}