{"id":96825,"date":"2023-07-03T16:48:03","date_gmt":"2023-07-03T16:48:03","guid":{"rendered":"https:\/\/mercadovivoagroecologia.cl\/wprod\/?post_type=product&#038;p=96825"},"modified":"2026-03-27T13:24:43","modified_gmt":"2026-03-27T13:24:43","slug":"aji-cristal-pf","status":"publish","type":"product","link":"https:\/\/mercadovivoagroecologia.cl\/wprod\/producto\/aji-cristal-pf\/","title":{"rendered":"Aj\u00ed Cristal FP"},"content":{"rendered":"<p><b><i>Tambi\u00e9n<\/i><\/b><em><strong>\u00a0conocido como Aj\u00ed verde.<\/strong><\/em><\/p>\n<p>Es un aj\u00ed muy productivo, que se consume mucho de manera fresca, ya que adem\u00e1s de tener un incre\u00edble aroma, tiene un sabor y picor equilibrado.<\/p>\n<p>En su etapa de maduraci\u00f3n pasa por varios colores, en un inicio son blancos (ah\u00ed es muy recomendado comerlos), luego toman color amarillo, siguiendo en naranja y su color final de maduraci\u00f3n es de rojo.<\/p>\n","protected":false},"excerpt":{"rendered":"<p><b>Nombre cient\u00edfico: <\/b>Capsicum baccatum\u00a0L. var.\u00a0pendulum\u00a0(Willd.) Eshbaugh<\/p>\n<p><strong>Familia: <\/strong>Solan\u00e9ceas<\/p>\n<p><strong>Siembra:<\/strong> Primavera<\/p>\n<p><strong>Cantidad de semillas:<\/strong> 20 por sobre<\/p>\n<p><strong>Unidades de Scoville:<\/strong> 30 000 &#8211; 50 000 SHU<\/p>\n","protected":false},"featured_media":99164,"comment_status":"open","ping_status":"closed","template":"","meta":[],"product_brand":[],"product_cat":[155],"product_tag":[],"class_list":{"0":"post-96825","1":"product","2":"type-product","3":"status-publish","4":"has-post-thumbnail","6":"product_cat-sobres-en-formato-economico","8":"first","9":"outofstock","10":"taxable","11":"shipping-taxable","12":"purchasable","13":"product-type-simple"},"jetpack_sharing_enabled":true,"_links":{"self":[{"href":"https:\/\/mercadovivoagroecologia.cl\/wprod\/wp-json\/wp\/v2\/product\/96825","targetHints":{"allow":["GET"]}}],"collection":[{"href":"https:\/\/mercadovivoagroecologia.cl\/wprod\/wp-json\/wp\/v2\/product"}],"about":[{"href":"https:\/\/mercadovivoagroecologia.cl\/wprod\/wp-json\/wp\/v2\/types\/product"}],"replies":[{"embeddable":true,"href":"https:\/\/mercadovivoagroecologia.cl\/wprod\/wp-json\/wp\/v2\/comments?post=96825"}],"version-history":[{"count":2,"href":"https:\/\/mercadovivoagroecologia.cl\/wprod\/wp-json\/wp\/v2\/product\/96825\/revisions"}],"predecessor-version":[{"id":99167,"href":"https:\/\/mercadovivoagroecologia.cl\/wprod\/wp-json\/wp\/v2\/product\/96825\/revisions\/99167"}],"wp:featuredmedia":[{"embeddable":true,"href":"https:\/\/mercadovivoagroecologia.cl\/wprod\/wp-json\/wp\/v2\/media\/99164"}],"wp:attachment":[{"href":"https:\/\/mercadovivoagroecologia.cl\/wprod\/wp-json\/wp\/v2\/media?parent=96825"}],"wp:term":[{"taxonomy":"product_brand","embeddable":true,"href":"https:\/\/mercadovivoagroecologia.cl\/wprod\/wp-json\/wp\/v2\/product_brand?post=96825"},{"taxonomy":"product_cat","embeddable":true,"href":"https:\/\/mercadovivoagroecologia.cl\/wprod\/wp-json\/wp\/v2\/product_cat?post=96825"},{"taxonomy":"product_tag","embeddable":true,"href":"https:\/\/mercadovivoagroecologia.cl\/wprod\/wp-json\/wp\/v2\/product_tag?post=96825"}],"curies":[{"name":"wp","href":"https:\/\/api.w.org\/{rel}","templated":true}]}}