{"id":96821,"date":"2023-07-03T16:45:55","date_gmt":"2023-07-03T16:45:55","guid":{"rendered":"https:\/\/mercadovivoagroecologia.cl\/wprod\/?post_type=product&#038;p=96821"},"modified":"2026-03-27T13:23:56","modified_gmt":"2026-03-27T13:23:56","slug":"aji-amarillo-peruano-fp","status":"publish","type":"product","link":"https:\/\/mercadovivoagroecologia.cl\/wprod\/producto\/aji-amarillo-peruano-fp\/","title":{"rendered":"Aj\u00ed amarillo Peruano FP"},"content":{"rendered":"<p><strong>Origen<\/strong>: <em>Per\u00fa.<\/em><\/p>\n<p>Tambi\u00e9n conocido como Aj\u00ed escabeche o Aj\u00ed Cuzque\u00f1o, es uno de los mas consumidos y usado en la gastronom\u00eda peruana.<\/p>\n<p>Es muy arom\u00e1tico y de buen sabor.<\/p>\n<p>La planta es mediana, de producci\u00f3n media y de ciclo largo por el tama\u00f1o de sus frutos.<\/p>\n<p><em>Aunque se llama Aj\u00ed amarillo, su color es anaranjado.<\/em><\/p>\n<p>&nbsp;<\/p>\n","protected":false},"excerpt":{"rendered":"<p><strong>Nombre cient\u00edfico: <\/strong>Capsicum baccatum var. pendulum.<\/p>\n<p><strong>Familia: <\/strong>Solan\u00e1ceas<\/p>\n<p><strong>Siembra: <\/strong>Primavera<\/p>\n<p><strong>Cantidad de semillas:<\/strong> 15 por sobre.<\/p>\n<p><strong>Unidades de Scoville: <\/strong>30.000 y 50.000 SHU<\/p>\n","protected":false},"featured_media":82849,"comment_status":"open","ping_status":"closed","template":"","meta":[],"product_brand":[],"product_cat":[155],"product_tag":[],"class_list":{"0":"post-96821","1":"product","2":"type-product","3":"status-publish","4":"has-post-thumbnail","6":"product_cat-sobres-en-formato-economico","8":"first","9":"outofstock","10":"taxable","11":"shipping-taxable","12":"purchasable","13":"product-type-simple"},"jetpack_sharing_enabled":true,"_links":{"self":[{"href":"https:\/\/mercadovivoagroecologia.cl\/wprod\/wp-json\/wp\/v2\/product\/96821","targetHints":{"allow":["GET"]}}],"collection":[{"href":"https:\/\/mercadovivoagroecologia.cl\/wprod\/wp-json\/wp\/v2\/product"}],"about":[{"href":"https:\/\/mercadovivoagroecologia.cl\/wprod\/wp-json\/wp\/v2\/types\/product"}],"replies":[{"embeddable":true,"href":"https:\/\/mercadovivoagroecologia.cl\/wprod\/wp-json\/wp\/v2\/comments?post=96821"}],"version-history":[{"count":1,"href":"https:\/\/mercadovivoagroecologia.cl\/wprod\/wp-json\/wp\/v2\/product\/96821\/revisions"}],"predecessor-version":[{"id":96822,"href":"https:\/\/mercadovivoagroecologia.cl\/wprod\/wp-json\/wp\/v2\/product\/96821\/revisions\/96822"}],"wp:featuredmedia":[{"embeddable":true,"href":"https:\/\/mercadovivoagroecologia.cl\/wprod\/wp-json\/wp\/v2\/media\/82849"}],"wp:attachment":[{"href":"https:\/\/mercadovivoagroecologia.cl\/wprod\/wp-json\/wp\/v2\/media?parent=96821"}],"wp:term":[{"taxonomy":"product_brand","embeddable":true,"href":"https:\/\/mercadovivoagroecologia.cl\/wprod\/wp-json\/wp\/v2\/product_brand?post=96821"},{"taxonomy":"product_cat","embeddable":true,"href":"https:\/\/mercadovivoagroecologia.cl\/wprod\/wp-json\/wp\/v2\/product_cat?post=96821"},{"taxonomy":"product_tag","embeddable":true,"href":"https:\/\/mercadovivoagroecologia.cl\/wprod\/wp-json\/wp\/v2\/product_tag?post=96821"}],"curies":[{"name":"wp","href":"https:\/\/api.w.org\/{rel}","templated":true}]}}