{"id":96573,"date":"2023-06-29T02:33:40","date_gmt":"2023-06-29T02:33:40","guid":{"rendered":"https:\/\/mercadovivoagroecologia.cl\/wprod\/?post_type=product&#038;p=96573"},"modified":"2026-03-27T14:09:07","modified_gmt":"2026-03-27T14:09:07","slug":"zapallo-italiano-de-flor-fp","status":"publish","type":"product","link":"https:\/\/mercadovivoagroecologia.cl\/wprod\/producto\/zapallo-italiano-de-flor-fp\/","title":{"rendered":"Zapallo Italiano de Flor FP"},"content":{"rendered":"<p>Variedad de zapallo tipo italiano, que se cultiva principalmente para usar su flor de manera rellena y horneada. Esto debido que las flores de esta variedad, son mas largas.<\/p>\n<p>Para consumir flores de zapallo, puedes usar la flor cualquier variedad, ac\u00e1 recomendamos esta en particular, debido a que la forma de la flor es mas adecuada para estos fines.<\/p>\n<p>Se recomienda cosechar las flores por la ma\u00f1ana, ya que ah\u00ed se encontrar\u00e1n abiertas y ser\u00e1 mas f\u00e1cil manipularlas. Tambi\u00e9n es ideal usar las flores masculinas para consumo, ya que as\u00ed dejamos las flores femeninas para que sigan dando mas frutos.<\/p>\n<p>Los frutos son alargados, algunos rectos y otros curvos, se puede consumir como cualquier otro zapallo italiano. Cuando el fruto est\u00e1 muy maduro, la piel es mas dura, por lo que consumirlos tiernos ser\u00eda lo ideal.<\/p>\n<p>&nbsp;<\/p>\n<p>&nbsp;<\/p>\n<p>&nbsp;<\/p>\n","protected":false},"excerpt":{"rendered":"<p><strong>Nombre Cient\u00edfico: <\/strong>Cuc\u00farbita pepo<\/p>\n<p><strong>Familia: <\/strong>Cucurbitaceae<\/p>\n<p><strong>Temporada de siembra: <\/strong>Primavera<\/p>\n<p><strong>Cantidad: <\/strong>5\u00a0semillas por sobre.<\/p>\n","protected":false},"featured_media":95829,"comment_status":"closed","ping_status":"closed","template":"","meta":[],"product_brand":[],"product_cat":[155],"product_tag":[],"class_list":{"0":"post-96573","1":"product","2":"type-product","3":"status-publish","4":"has-post-thumbnail","6":"product_cat-sobres-en-formato-economico","8":"first","9":"instock","10":"taxable","11":"shipping-taxable","12":"purchasable","13":"product-type-simple"},"jetpack_sharing_enabled":true,"_links":{"self":[{"href":"https:\/\/mercadovivoagroecologia.cl\/wprod\/wp-json\/wp\/v2\/product\/96573","targetHints":{"allow":["GET"]}}],"collection":[{"href":"https:\/\/mercadovivoagroecologia.cl\/wprod\/wp-json\/wp\/v2\/product"}],"about":[{"href":"https:\/\/mercadovivoagroecologia.cl\/wprod\/wp-json\/wp\/v2\/types\/product"}],"replies":[{"embeddable":true,"href":"https:\/\/mercadovivoagroecologia.cl\/wprod\/wp-json\/wp\/v2\/comments?post=96573"}],"version-history":[{"count":1,"href":"https:\/\/mercadovivoagroecologia.cl\/wprod\/wp-json\/wp\/v2\/product\/96573\/revisions"}],"predecessor-version":[{"id":96574,"href":"https:\/\/mercadovivoagroecologia.cl\/wprod\/wp-json\/wp\/v2\/product\/96573\/revisions\/96574"}],"wp:featuredmedia":[{"embeddable":true,"href":"https:\/\/mercadovivoagroecologia.cl\/wprod\/wp-json\/wp\/v2\/media\/95829"}],"wp:attachment":[{"href":"https:\/\/mercadovivoagroecologia.cl\/wprod\/wp-json\/wp\/v2\/media?parent=96573"}],"wp:term":[{"taxonomy":"product_brand","embeddable":true,"href":"https:\/\/mercadovivoagroecologia.cl\/wprod\/wp-json\/wp\/v2\/product_brand?post=96573"},{"taxonomy":"product_cat","embeddable":true,"href":"https:\/\/mercadovivoagroecologia.cl\/wprod\/wp-json\/wp\/v2\/product_cat?post=96573"},{"taxonomy":"product_tag","embeddable":true,"href":"https:\/\/mercadovivoagroecologia.cl\/wprod\/wp-json\/wp\/v2\/product_tag?post=96573"}],"curies":[{"name":"wp","href":"https:\/\/api.w.org\/{rel}","templated":true}]}}