{"id":96436,"date":"2023-06-29T01:20:27","date_gmt":"2023-06-29T01:20:27","guid":{"rendered":"https:\/\/mercadovivoagroecologia.cl\/wprod\/?post_type=product&#038;p=96436"},"modified":"2026-03-31T14:18:16","modified_gmt":"2026-03-31T14:18:16","slug":"lechuga-escarola-fp","status":"publish","type":"product","link":"https:\/\/mercadovivoagroecologia.cl\/wprod\/producto\/lechuga-escarola-fp\/","title":{"rendered":"Lechuga Escarola FP"},"content":{"rendered":"<p>Es una de las variedades mas consumidas, debido a su gran contenido de hojas, las cuales son crujientes y con alta cantidad de agua (95%).<\/p>\n<p>Desarrolla un tipo de cogollo muy apretado.<\/p>\n<p>Es muy baja en calor\u00edas, rica en antioxidantes, vitaminas y minerales.<\/p>\n<p>Cultivo que se puede sembrar todo el a\u00f1o.<\/p>\n<p>Se adapta bien a diferentes tipos de suelos y climas.<\/p>\n<p>Es de r\u00e1pida germinaci\u00f3n y se puede cosechar el fruto luego de 30 a 70 d\u00edas luego del trasplante.<\/p>\n","protected":false},"excerpt":{"rendered":"<p><strong>Nombre cient\u00edfico: <\/strong>Lactuca sativa<\/p>\n<p><strong>Familia: <\/strong>Asteraceae<\/p>\n<p><strong>Temporada se siembra: <\/strong>Todo el a\u00f1o.<\/p>\n<p><strong>Cantidad de semillas: <\/strong>50\u00a0por sobre.<\/p>\n","protected":false},"featured_media":92410,"comment_status":"closed","ping_status":"closed","template":"","meta":[],"product_brand":[],"product_cat":[155],"product_tag":[],"class_list":{"0":"post-96436","1":"product","2":"type-product","3":"status-publish","4":"has-post-thumbnail","6":"product_cat-sobres-en-formato-economico","8":"first","9":"instock","10":"taxable","11":"shipping-taxable","12":"purchasable","13":"product-type-simple"},"jetpack_sharing_enabled":true,"_links":{"self":[{"href":"https:\/\/mercadovivoagroecologia.cl\/wprod\/wp-json\/wp\/v2\/product\/96436","targetHints":{"allow":["GET"]}}],"collection":[{"href":"https:\/\/mercadovivoagroecologia.cl\/wprod\/wp-json\/wp\/v2\/product"}],"about":[{"href":"https:\/\/mercadovivoagroecologia.cl\/wprod\/wp-json\/wp\/v2\/types\/product"}],"replies":[{"embeddable":true,"href":"https:\/\/mercadovivoagroecologia.cl\/wprod\/wp-json\/wp\/v2\/comments?post=96436"}],"version-history":[{"count":1,"href":"https:\/\/mercadovivoagroecologia.cl\/wprod\/wp-json\/wp\/v2\/product\/96436\/revisions"}],"predecessor-version":[{"id":96437,"href":"https:\/\/mercadovivoagroecologia.cl\/wprod\/wp-json\/wp\/v2\/product\/96436\/revisions\/96437"}],"wp:featuredmedia":[{"embeddable":true,"href":"https:\/\/mercadovivoagroecologia.cl\/wprod\/wp-json\/wp\/v2\/media\/92410"}],"wp:attachment":[{"href":"https:\/\/mercadovivoagroecologia.cl\/wprod\/wp-json\/wp\/v2\/media?parent=96436"}],"wp:term":[{"taxonomy":"product_brand","embeddable":true,"href":"https:\/\/mercadovivoagroecologia.cl\/wprod\/wp-json\/wp\/v2\/product_brand?post=96436"},{"taxonomy":"product_cat","embeddable":true,"href":"https:\/\/mercadovivoagroecologia.cl\/wprod\/wp-json\/wp\/v2\/product_cat?post=96436"},{"taxonomy":"product_tag","embeddable":true,"href":"https:\/\/mercadovivoagroecologia.cl\/wprod\/wp-json\/wp\/v2\/product_tag?post=96436"}],"curies":[{"name":"wp","href":"https:\/\/api.w.org\/{rel}","templated":true}]}}