{"id":96434,"date":"2023-06-29T01:19:38","date_gmt":"2023-06-29T01:19:38","guid":{"rendered":"https:\/\/mercadovivoagroecologia.cl\/wprod\/?post_type=product&#038;p=96434"},"modified":"2026-04-07T11:57:25","modified_gmt":"2026-04-07T11:57:25","slug":"jigsaw-hot-pepper-fp","status":"publish","type":"product","link":"https:\/\/mercadovivoagroecologia.cl\/wprod\/producto\/jigsaw-hot-pepper-fp\/","title":{"rendered":"Jigsaw Hot Pepper FP"},"content":{"rendered":"<p><strong>Variedad Heirloom.\u00a0<\/strong><\/p>\n<p>Este aj\u00ed posee nace de una de las plantas amas ornamentales que puedes tener en tu huerto, las tonalidades de sus hojas van te\u00f1idas de tonos lavandas, cremas, espuma de mar y verde bosque, lo que la hace, una maravilla a la vista.<\/p>\n<p>La planta es peque\u00f1a y robusta, y produce frutos p\u00farpuras muy peque\u00f1os, los cuales son tan picantes como un Jalape\u00f1o.<\/p>\n<p>&nbsp;<\/p>\n<p>&nbsp;<\/p>\n","protected":false},"excerpt":{"rendered":"<p><strong>Nombre cient\u00edfico:<\/strong>\u00a0Capsicum chinense<em><br \/>\n<\/em><\/p>\n<p><strong>Familia:<\/strong> Solan\u00e1ceas<\/p>\n<p><strong>Temporada de siembra:<\/strong>\u00a0<em>Primavera<\/em><\/p>\n<p><strong>Cantidad:<\/strong> 5 semillas por sobre<\/p>\n<p><strong>Unidades Scoville: <\/strong>1.500.000 a 2.200.000 SHU.<\/p>\n","protected":false},"featured_media":93789,"comment_status":"closed","ping_status":"closed","template":"","meta":[],"product_brand":[],"product_cat":[155],"product_tag":[],"class_list":{"0":"post-96434","1":"product","2":"type-product","3":"status-publish","4":"has-post-thumbnail","6":"product_cat-sobres-en-formato-economico","8":"first","9":"instock","10":"taxable","11":"shipping-taxable","12":"purchasable","13":"product-type-simple"},"jetpack_sharing_enabled":true,"_links":{"self":[{"href":"https:\/\/mercadovivoagroecologia.cl\/wprod\/wp-json\/wp\/v2\/product\/96434","targetHints":{"allow":["GET"]}}],"collection":[{"href":"https:\/\/mercadovivoagroecologia.cl\/wprod\/wp-json\/wp\/v2\/product"}],"about":[{"href":"https:\/\/mercadovivoagroecologia.cl\/wprod\/wp-json\/wp\/v2\/types\/product"}],"replies":[{"embeddable":true,"href":"https:\/\/mercadovivoagroecologia.cl\/wprod\/wp-json\/wp\/v2\/comments?post=96434"}],"version-history":[{"count":1,"href":"https:\/\/mercadovivoagroecologia.cl\/wprod\/wp-json\/wp\/v2\/product\/96434\/revisions"}],"predecessor-version":[{"id":96435,"href":"https:\/\/mercadovivoagroecologia.cl\/wprod\/wp-json\/wp\/v2\/product\/96434\/revisions\/96435"}],"wp:featuredmedia":[{"embeddable":true,"href":"https:\/\/mercadovivoagroecologia.cl\/wprod\/wp-json\/wp\/v2\/media\/93789"}],"wp:attachment":[{"href":"https:\/\/mercadovivoagroecologia.cl\/wprod\/wp-json\/wp\/v2\/media?parent=96434"}],"wp:term":[{"taxonomy":"product_brand","embeddable":true,"href":"https:\/\/mercadovivoagroecologia.cl\/wprod\/wp-json\/wp\/v2\/product_brand?post=96434"},{"taxonomy":"product_cat","embeddable":true,"href":"https:\/\/mercadovivoagroecologia.cl\/wprod\/wp-json\/wp\/v2\/product_cat?post=96434"},{"taxonomy":"product_tag","embeddable":true,"href":"https:\/\/mercadovivoagroecologia.cl\/wprod\/wp-json\/wp\/v2\/product_tag?post=96434"}],"curies":[{"name":"wp","href":"https:\/\/api.w.org\/{rel}","templated":true}]}}