{"id":96428,"date":"2023-06-29T01:16:48","date_gmt":"2023-06-29T01:16:48","guid":{"rendered":"https:\/\/mercadovivoagroecologia.cl\/wprod\/?post_type=product&#038;p=96428"},"modified":"2026-03-27T13:30:29","modified_gmt":"2026-03-27T13:30:29","slug":"espinaca-de-nueva-zelanda-o-tetragonia-rastrera-fp","status":"publish","type":"product","link":"https:\/\/mercadovivoagroecologia.cl\/wprod\/producto\/espinaca-de-nueva-zelanda-o-tetragonia-rastrera-fp\/","title":{"rendered":"Espinaca de Nueva Zelanda o Tetragonia (rastrera) FP"},"content":{"rendered":"<p>Esta planta produce hojas parecidas a la espinaca, su crecimiento es de crecimiento tipo rastrero, de hojas peque\u00f1as y suaves, es de un sabor mas fuerte que una espinaca convencional.<\/p>\n<p>La planta es de crecimiento r\u00e1pido y es muy resistente, nosotros la cultivamos en invernadero, donde est\u00e1 produciendo todo el a\u00f1o.<\/p>\n","protected":false},"excerpt":{"rendered":"<p><strong>Nombre cient\u00edfico: <\/strong>Tetragonia tetragonioides<\/p>\n<p><strong>Familia: <\/strong>Aizoaceae<\/p>\n<p><strong>Temporada de siembra: <\/strong>Todo el a\u00f1o.<\/p>\n<p><strong>Cantidad de semillas: <\/strong>10\u00a0por sobre<\/p>\n","protected":false},"featured_media":91465,"comment_status":"closed","ping_status":"closed","template":"","meta":[],"product_brand":[],"product_cat":[155],"product_tag":[],"class_list":{"0":"post-96428","1":"product","2":"type-product","3":"status-publish","4":"has-post-thumbnail","6":"product_cat-sobres-en-formato-economico","8":"first","9":"instock","10":"taxable","11":"shipping-taxable","12":"purchasable","13":"product-type-simple"},"jetpack_sharing_enabled":true,"_links":{"self":[{"href":"https:\/\/mercadovivoagroecologia.cl\/wprod\/wp-json\/wp\/v2\/product\/96428","targetHints":{"allow":["GET"]}}],"collection":[{"href":"https:\/\/mercadovivoagroecologia.cl\/wprod\/wp-json\/wp\/v2\/product"}],"about":[{"href":"https:\/\/mercadovivoagroecologia.cl\/wprod\/wp-json\/wp\/v2\/types\/product"}],"replies":[{"embeddable":true,"href":"https:\/\/mercadovivoagroecologia.cl\/wprod\/wp-json\/wp\/v2\/comments?post=96428"}],"version-history":[{"count":1,"href":"https:\/\/mercadovivoagroecologia.cl\/wprod\/wp-json\/wp\/v2\/product\/96428\/revisions"}],"predecessor-version":[{"id":96429,"href":"https:\/\/mercadovivoagroecologia.cl\/wprod\/wp-json\/wp\/v2\/product\/96428\/revisions\/96429"}],"wp:featuredmedia":[{"embeddable":true,"href":"https:\/\/mercadovivoagroecologia.cl\/wprod\/wp-json\/wp\/v2\/media\/91465"}],"wp:attachment":[{"href":"https:\/\/mercadovivoagroecologia.cl\/wprod\/wp-json\/wp\/v2\/media?parent=96428"}],"wp:term":[{"taxonomy":"product_brand","embeddable":true,"href":"https:\/\/mercadovivoagroecologia.cl\/wprod\/wp-json\/wp\/v2\/product_brand?post=96428"},{"taxonomy":"product_cat","embeddable":true,"href":"https:\/\/mercadovivoagroecologia.cl\/wprod\/wp-json\/wp\/v2\/product_cat?post=96428"},{"taxonomy":"product_tag","embeddable":true,"href":"https:\/\/mercadovivoagroecologia.cl\/wprod\/wp-json\/wp\/v2\/product_tag?post=96428"}],"curies":[{"name":"wp","href":"https:\/\/api.w.org\/{rel}","templated":true}]}}