{"id":96406,"date":"2023-06-29T00:39:33","date_gmt":"2023-06-29T00:39:33","guid":{"rendered":"https:\/\/mercadovivoagroecologia.cl\/wprod\/?post_type=product&#038;p=96406"},"modified":"2026-03-27T13:25:27","modified_gmt":"2026-03-27T13:25:27","slug":"berro-de-agua-fp","status":"publish","type":"product","link":"https:\/\/mercadovivoagroecologia.cl\/wprod\/producto\/berro-de-agua-fp\/","title":{"rendered":"Berro de agua FP"},"content":{"rendered":"<p>El berro de considera una de las plantas mas antiguas consumidas por el ser humano.<\/p>\n<p>Es una planta perenne acu\u00e1tica o semiacu\u00e1tica originaria de Asia y Europa.<\/p>\n<p>Es com\u00fan encontrarla en arroyos, torrentes de agua y lugares con mucha humedad, por lo que lo ideal es darle mucha agua o plantarla el lugares h\u00famedos para su buen desarrollo.<\/p>\n<p>Se reproduce bien desde semillas, y una vez que la planta est\u00e1 grande, sus tallos comienzan a desarrollar ra\u00edces, por lo que es f\u00e1cil reproducirla desde esquejes.<\/p>\n<p>Una vez que la planta desarrolla las vainas de semillas, es recomendable sacarlas r\u00e1pidamente, ya que es muy f\u00e1cil que las semillas se caigan, por lo que se recomienda extraer las vainas antes de que est\u00e9n completamente secas.<\/p>\n","protected":false},"excerpt":{"rendered":"<p><strong>Nombre cient\u00edfico: <\/strong>Nasturtium officinale<\/p>\n<p><strong>Familia bot\u00e1nica:<\/strong> Brassicaceae.<\/p>\n<p><strong>Temporada de siembra: <\/strong>Inicios de primavera<\/p>\n<p><strong>Cantidad de semillas: <\/strong>0.1 gr por sobre<\/p>\n","protected":false},"featured_media":91142,"comment_status":"closed","ping_status":"closed","template":"","meta":[],"product_brand":[],"product_cat":[155],"product_tag":[],"class_list":{"0":"post-96406","1":"product","2":"type-product","3":"status-publish","4":"has-post-thumbnail","6":"product_cat-sobres-en-formato-economico","8":"first","9":"instock","10":"taxable","11":"shipping-taxable","12":"purchasable","13":"product-type-simple"},"jetpack_sharing_enabled":true,"_links":{"self":[{"href":"https:\/\/mercadovivoagroecologia.cl\/wprod\/wp-json\/wp\/v2\/product\/96406","targetHints":{"allow":["GET"]}}],"collection":[{"href":"https:\/\/mercadovivoagroecologia.cl\/wprod\/wp-json\/wp\/v2\/product"}],"about":[{"href":"https:\/\/mercadovivoagroecologia.cl\/wprod\/wp-json\/wp\/v2\/types\/product"}],"replies":[{"embeddable":true,"href":"https:\/\/mercadovivoagroecologia.cl\/wprod\/wp-json\/wp\/v2\/comments?post=96406"}],"version-history":[{"count":2,"href":"https:\/\/mercadovivoagroecologia.cl\/wprod\/wp-json\/wp\/v2\/product\/96406\/revisions"}],"predecessor-version":[{"id":96989,"href":"https:\/\/mercadovivoagroecologia.cl\/wprod\/wp-json\/wp\/v2\/product\/96406\/revisions\/96989"}],"wp:featuredmedia":[{"embeddable":true,"href":"https:\/\/mercadovivoagroecologia.cl\/wprod\/wp-json\/wp\/v2\/media\/91142"}],"wp:attachment":[{"href":"https:\/\/mercadovivoagroecologia.cl\/wprod\/wp-json\/wp\/v2\/media?parent=96406"}],"wp:term":[{"taxonomy":"product_brand","embeddable":true,"href":"https:\/\/mercadovivoagroecologia.cl\/wprod\/wp-json\/wp\/v2\/product_brand?post=96406"},{"taxonomy":"product_cat","embeddable":true,"href":"https:\/\/mercadovivoagroecologia.cl\/wprod\/wp-json\/wp\/v2\/product_cat?post=96406"},{"taxonomy":"product_tag","embeddable":true,"href":"https:\/\/mercadovivoagroecologia.cl\/wprod\/wp-json\/wp\/v2\/product_tag?post=96406"}],"curies":[{"name":"wp","href":"https:\/\/api.w.org\/{rel}","templated":true}]}}