{"id":95765,"date":"2023-06-19T15:07:28","date_gmt":"2023-06-19T15:07:28","guid":{"rendered":"https:\/\/mercadovivoagroecologia.cl\/wprod\/?post_type=product&#038;p=95765"},"modified":"2026-03-27T13:24:43","modified_gmt":"2026-03-27T13:24:43","slug":"aji-carolina-reaper","status":"publish","type":"product","link":"https:\/\/mercadovivoagroecologia.cl\/wprod\/producto\/aji-carolina-reaper\/","title":{"rendered":"Aj\u00ed Carolina Reaper"},"content":{"rendered":"<p><b style=\"font-weight: bold;\">Tiene el primer lugar como el aj\u00ed m\u00e1s picante del mundo<\/b><b>, certificado en 2013 por los\u00a0R\u00e9cord Guinness.<\/b><\/p>\n<p>Les presentamos este exclusivo y mundialmente famoso aj\u00ed Carolina Reaper, como el aj\u00ed mas picante del mundo, superando al <em>Aj\u00ed Trinidad\u00a0Scorpion Moruga, <\/em>quien qued\u00f3 atr\u00e1s en la competencia.<\/p>\n<p>Esta variedad, tambi\u00e9n conocida como <em>HP22B,<\/em> result\u00f3 de una mezcla entre el Aj\u00ed Naga Buth Jolokia y diferentes tipos de habaneros.<\/p>\n<p>Se recomienda precauci\u00f3n al momento de manipularlo y consumirlo, ya que su picor es extremo.<\/p>\n<p>En cuanto a su sabor, no tan solo es picante, si no que tambi\u00e9n puedes notar su sabor dulce y afrutado, justo antes de recibir el golpe de picor.<\/p>\n<p>La planta puede llegar a crecer hasta 100 cm y sus primeros frutos se cosechan a los 90 d\u00edas.<\/p>\n<p>&nbsp;<\/p>\n<p>&nbsp;<\/p>\n","protected":false},"excerpt":{"rendered":"<p><strong>Nombre cient\u00edfico:<\/strong>\u00a0Capsicum chinense<em><br \/>\n<\/em><\/p>\n<p><strong>Familia:<\/strong> Solan\u00e1ceas<\/p>\n<p><strong>Temporada de siembra:<\/strong>\u00a0Primavera<\/p>\n<p><strong>Cantidad:<\/strong> 10 semillas por sobre<\/p>\n<p><b>Unidades Scoville: <\/b>2.200.000\u00a0SHU<\/p>\n","protected":false},"featured_media":97853,"comment_status":"closed","ping_status":"closed","template":"","meta":[],"product_brand":[],"product_cat":[161],"product_tag":[],"class_list":{"0":"post-95765","1":"product","2":"type-product","3":"status-publish","4":"has-post-thumbnail","6":"product_cat-aji","8":"first","9":"outofstock","10":"featured","11":"taxable","12":"shipping-taxable","13":"purchasable","14":"product-type-simple"},"jetpack_sharing_enabled":true,"_links":{"self":[{"href":"https:\/\/mercadovivoagroecologia.cl\/wprod\/wp-json\/wp\/v2\/product\/95765","targetHints":{"allow":["GET"]}}],"collection":[{"href":"https:\/\/mercadovivoagroecologia.cl\/wprod\/wp-json\/wp\/v2\/product"}],"about":[{"href":"https:\/\/mercadovivoagroecologia.cl\/wprod\/wp-json\/wp\/v2\/types\/product"}],"replies":[{"embeddable":true,"href":"https:\/\/mercadovivoagroecologia.cl\/wprod\/wp-json\/wp\/v2\/comments?post=95765"}],"version-history":[{"count":4,"href":"https:\/\/mercadovivoagroecologia.cl\/wprod\/wp-json\/wp\/v2\/product\/95765\/revisions"}],"predecessor-version":[{"id":98537,"href":"https:\/\/mercadovivoagroecologia.cl\/wprod\/wp-json\/wp\/v2\/product\/95765\/revisions\/98537"}],"wp:featuredmedia":[{"embeddable":true,"href":"https:\/\/mercadovivoagroecologia.cl\/wprod\/wp-json\/wp\/v2\/media\/97853"}],"wp:attachment":[{"href":"https:\/\/mercadovivoagroecologia.cl\/wprod\/wp-json\/wp\/v2\/media?parent=95765"}],"wp:term":[{"taxonomy":"product_brand","embeddable":true,"href":"https:\/\/mercadovivoagroecologia.cl\/wprod\/wp-json\/wp\/v2\/product_brand?post=95765"},{"taxonomy":"product_cat","embeddable":true,"href":"https:\/\/mercadovivoagroecologia.cl\/wprod\/wp-json\/wp\/v2\/product_cat?post=95765"},{"taxonomy":"product_tag","embeddable":true,"href":"https:\/\/mercadovivoagroecologia.cl\/wprod\/wp-json\/wp\/v2\/product_tag?post=95765"}],"curies":[{"name":"wp","href":"https:\/\/api.w.org\/{rel}","templated":true}]}}