{"id":94684,"date":"2023-05-17T19:39:01","date_gmt":"2023-05-17T19:39:01","guid":{"rendered":"https:\/\/mercadovivoagroecologia.cl\/wprod\/?post_type=product&#038;p=94684"},"modified":"2026-03-27T14:01:47","modified_gmt":"2026-03-27T14:01:47","slug":"tomate-micro-dwarf-jochalos","status":"publish","type":"product","link":"https:\/\/mercadovivoagroecologia.cl\/wprod\/producto\/tomate-micro-dwarf-jochalos\/","title":{"rendered":"Tomate Micro Dwarf Jochalos"},"content":{"rendered":"<p>Tambi\u00e9n se conocen como \u00abtomates de cocina y tomates de maceta\u00bb.<\/p>\n<p>Esta variedad es ideal para su cultivo en macetas donde lo puede tener por largos periodos de tiempo en producci\u00f3n, ya que, lo puedes resguardar de los tiempo fr\u00edos y heladas dentro de tu casa, en un lugar c\u00e1lido y donde tenga luz solar, por eso su nombre de \u00abtomates de cocina\u00bb, debido a que solemos dejarlo ah\u00ed para ir cosechando sus frutos y agregarlos directo a la ensalada.<\/p>\n<p>La planta es determinada y crece de 15 a 20 cm de altura, lo cual tambi\u00e9n depende del tama\u00f1o de la maceta en que se planta, ya que este tama\u00f1o puede variar en macetas mas grandes, donde la planta y el fruto se desarrollaran mas y ocurre el efecto contrario en macetas mas peque\u00f1as.<\/p>\n<p>Los frutos son peque\u00f1os, tipo cherry, los cuales maduran de amarillo a dorado y tienen un sabor dulce afrutado.<\/p>\n<p>La planta no requiere tutores y tampoco podas.<\/p>\n","protected":false},"excerpt":{"rendered":"<p><strong>Nombre cient\u00edfico:\u00a0<\/strong>Solanum lycopersicum<\/p>\n<p><strong>Familia:\u00a0<\/strong>Solanaceae<\/p>\n<p><strong>Temporada de siembra:\u00a0<\/strong>Primavera\/verano<\/p>\n<p><strong>Cantidad:<\/strong> 30 semillas por sobre<\/p>\n","protected":false},"featured_media":94687,"comment_status":"closed","ping_status":"closed","template":"","meta":[],"product_brand":[],"product_cat":[103],"product_tag":[],"class_list":{"0":"post-94684","1":"product","2":"type-product","3":"status-publish","4":"has-post-thumbnail","6":"product_cat-tomates","8":"first","9":"outofstock","10":"taxable","11":"shipping-taxable","12":"purchasable","13":"product-type-simple"},"jetpack_sharing_enabled":true,"_links":{"self":[{"href":"https:\/\/mercadovivoagroecologia.cl\/wprod\/wp-json\/wp\/v2\/product\/94684","targetHints":{"allow":["GET"]}}],"collection":[{"href":"https:\/\/mercadovivoagroecologia.cl\/wprod\/wp-json\/wp\/v2\/product"}],"about":[{"href":"https:\/\/mercadovivoagroecologia.cl\/wprod\/wp-json\/wp\/v2\/types\/product"}],"replies":[{"embeddable":true,"href":"https:\/\/mercadovivoagroecologia.cl\/wprod\/wp-json\/wp\/v2\/comments?post=94684"}],"version-history":[{"count":2,"href":"https:\/\/mercadovivoagroecologia.cl\/wprod\/wp-json\/wp\/v2\/product\/94684\/revisions"}],"predecessor-version":[{"id":94700,"href":"https:\/\/mercadovivoagroecologia.cl\/wprod\/wp-json\/wp\/v2\/product\/94684\/revisions\/94700"}],"wp:featuredmedia":[{"embeddable":true,"href":"https:\/\/mercadovivoagroecologia.cl\/wprod\/wp-json\/wp\/v2\/media\/94687"}],"wp:attachment":[{"href":"https:\/\/mercadovivoagroecologia.cl\/wprod\/wp-json\/wp\/v2\/media?parent=94684"}],"wp:term":[{"taxonomy":"product_brand","embeddable":true,"href":"https:\/\/mercadovivoagroecologia.cl\/wprod\/wp-json\/wp\/v2\/product_brand?post=94684"},{"taxonomy":"product_cat","embeddable":true,"href":"https:\/\/mercadovivoagroecologia.cl\/wprod\/wp-json\/wp\/v2\/product_cat?post=94684"},{"taxonomy":"product_tag","embeddable":true,"href":"https:\/\/mercadovivoagroecologia.cl\/wprod\/wp-json\/wp\/v2\/product_tag?post=94684"}],"curies":[{"name":"wp","href":"https:\/\/api.w.org\/{rel}","templated":true}]}}