{"id":93900,"date":"2023-04-21T19:09:45","date_gmt":"2023-04-21T19:09:45","guid":{"rendered":"https:\/\/mercadovivoagroecologia.cl\/wprod\/?post_type=product&#038;p=93900"},"modified":"2026-03-27T13:37:47","modified_gmt":"2026-03-27T13:37:47","slug":"maiz-glass-gem","status":"publish","type":"product","link":"https:\/\/mercadovivoagroecologia.cl\/wprod\/producto\/maiz-glass-gem\/","title":{"rendered":"Ma\u00edz Glass Gem"},"content":{"rendered":"<p><em>Es catalogado el \u00abMa\u00edz mas bonito del Mundo\u00bb.<\/em><\/p>\n<p>Su consumo ideal es como harina, ya que contiene mucho almid\u00f3n, pero su gran y principal valor es ornamental y cultural, siendo una semilla de arte.<\/p>\n<p>Su origen e historia, proviene de un agricultor fitomejorador de ascendencia Cheroqui, llamado Carl Barnes, que para rescatar los conocimientos de sus antepasados, guard\u00f3 y sembr\u00f3 por a\u00f1os diferentes semillas de ma\u00edces, cuidadosamente seleccionadas con los colores mas llamativos, hasta que luego de varios a\u00f1os, logr\u00f3 a trav\u00e9s de la polinizaci\u00f3n cruzada, obtener esta bello ma\u00edz de gemas brillantes y lo llam\u00f3 Glass Gem Corn. Esto fue realizado en estados unidos, luego Barnes se mud\u00f3 a M\u00e9xico, donde se sigui\u00f3 reproduciendo este ma\u00edz.<\/p>\n<p>En el a\u00f1o 2009, la empresa Native Seed,\u00a0 se hizo responsable de comercializar este bello ma\u00edz arco\u00edris y se ha comenzado a hacer mundialmente conocido.<\/p>\n<p>&nbsp;<\/p>\n","protected":false},"excerpt":{"rendered":"<p><strong>Nombre Cient\u00edfico:<\/strong> Zea mayz var.\u00a0Glass gem<\/p>\n<p><strong>Familia: <\/strong>Poaceae<\/p>\n<p><strong>Temporada de siembra: <\/strong>Primavera<\/p>\n<p><strong>Cantidad de semillas:<\/strong> 20 por sobre<\/p>\n<p><strong>Otros nombres:<\/strong> Glass gem\u00a0corn;\u00a0Ma\u00edz\u00a0arco\u00edris; Circus color corn; True rainbow corn;\u00a0Ma\u00edz\u00a0gemas de cristal;\u00a0Ma\u00edz\u00a0de colores.<\/p>\n","protected":false},"featured_media":99385,"comment_status":"closed","ping_status":"closed","template":"","meta":[],"product_brand":[],"product_cat":[142],"product_tag":[],"class_list":{"0":"post-93900","1":"product","2":"type-product","3":"status-publish","4":"has-post-thumbnail","6":"product_cat-maices-semillas","8":"first","9":"instock","10":"taxable","11":"shipping-taxable","12":"purchasable","13":"product-type-simple"},"jetpack_sharing_enabled":true,"_links":{"self":[{"href":"https:\/\/mercadovivoagroecologia.cl\/wprod\/wp-json\/wp\/v2\/product\/93900","targetHints":{"allow":["GET"]}}],"collection":[{"href":"https:\/\/mercadovivoagroecologia.cl\/wprod\/wp-json\/wp\/v2\/product"}],"about":[{"href":"https:\/\/mercadovivoagroecologia.cl\/wprod\/wp-json\/wp\/v2\/types\/product"}],"replies":[{"embeddable":true,"href":"https:\/\/mercadovivoagroecologia.cl\/wprod\/wp-json\/wp\/v2\/comments?post=93900"}],"version-history":[{"count":1,"href":"https:\/\/mercadovivoagroecologia.cl\/wprod\/wp-json\/wp\/v2\/product\/93900\/revisions"}],"predecessor-version":[{"id":93904,"href":"https:\/\/mercadovivoagroecologia.cl\/wprod\/wp-json\/wp\/v2\/product\/93900\/revisions\/93904"}],"wp:featuredmedia":[{"embeddable":true,"href":"https:\/\/mercadovivoagroecologia.cl\/wprod\/wp-json\/wp\/v2\/media\/99385"}],"wp:attachment":[{"href":"https:\/\/mercadovivoagroecologia.cl\/wprod\/wp-json\/wp\/v2\/media?parent=93900"}],"wp:term":[{"taxonomy":"product_brand","embeddable":true,"href":"https:\/\/mercadovivoagroecologia.cl\/wprod\/wp-json\/wp\/v2\/product_brand?post=93900"},{"taxonomy":"product_cat","embeddable":true,"href":"https:\/\/mercadovivoagroecologia.cl\/wprod\/wp-json\/wp\/v2\/product_cat?post=93900"},{"taxonomy":"product_tag","embeddable":true,"href":"https:\/\/mercadovivoagroecologia.cl\/wprod\/wp-json\/wp\/v2\/product_tag?post=93900"}],"curies":[{"name":"wp","href":"https:\/\/api.w.org\/{rel}","templated":true}]}}