{"id":93783,"date":"2023-04-17T15:28:23","date_gmt":"2023-04-17T15:28:23","guid":{"rendered":"https:\/\/mercadovivoagroecologia.cl\/wprod\/?post_type=product&#038;p=93783"},"modified":"2026-03-31T14:17:26","modified_gmt":"2026-03-31T14:17:26","slug":"aji-purple-ufo","status":"publish","type":"product","link":"https:\/\/mercadovivoagroecologia.cl\/wprod\/producto\/aji-purple-ufo\/","title":{"rendered":"Aj\u00ed Purple Ufo"},"content":{"rendered":"<p>Este aj\u00ed es una maravilla a la vista, ya que el fruto, tiene la forma de un ovni morado, de ah\u00ed su nombre, el cual llega a medir 4 cm de alto y unos 3 cm de ancho.<\/p>\n<p>La planta es alta, cuando se planta en el suelo, puede llegar a medir hasta 1,5 mt y es de poca ramificaci\u00f3n.<\/p>\n<p>El fruto tiene un sabor \u00fanico a manzana dulce, bien jugoso y levemente picante.<\/p>\n<p>El color de este aj\u00ed pasa por varias etapas, comienza con frutos p\u00farpuras oscuros que finalizan en un rojo intenso cuando est\u00e1 totalmente maduro, pero tambi\u00e9n puede tomar colores amarillos, naranjas, crema y rosado, depende del lugar donde sea plantado y cuanta luz solar llegue a la planta.<\/p>\n<p><em>Produce muy poca cantidad de semillas por fruto.<\/em><\/p>\n<p>&nbsp;<\/p>\n","protected":false},"excerpt":{"rendered":"<p><strong>Nombre cient\u00edfico:<\/strong>\u00a0<em>Capsicum annuum<\/em><\/p>\n<p><strong>Familia:<\/strong> Solan\u00e1ceas<\/p>\n<p><strong>Temporada de siembra:<\/strong>\u00a0<em>Primavera<\/em><\/p>\n<p><strong>Cantidad:<\/strong> 30 semillas por sobre.<\/p>\n<p><strong>Unidades Scoville: <\/strong>2.500 y 5.000 SHU<\/p>\n","protected":false},"featured_media":93798,"comment_status":"closed","ping_status":"closed","template":"","meta":[],"product_brand":[],"product_cat":[161],"product_tag":[],"class_list":{"0":"post-93783","1":"product","2":"type-product","3":"status-publish","4":"has-post-thumbnail","6":"product_cat-aji","8":"first","9":"instock","10":"taxable","11":"shipping-taxable","12":"purchasable","13":"product-type-simple"},"jetpack_sharing_enabled":true,"_links":{"self":[{"href":"https:\/\/mercadovivoagroecologia.cl\/wprod\/wp-json\/wp\/v2\/product\/93783","targetHints":{"allow":["GET"]}}],"collection":[{"href":"https:\/\/mercadovivoagroecologia.cl\/wprod\/wp-json\/wp\/v2\/product"}],"about":[{"href":"https:\/\/mercadovivoagroecologia.cl\/wprod\/wp-json\/wp\/v2\/types\/product"}],"replies":[{"embeddable":true,"href":"https:\/\/mercadovivoagroecologia.cl\/wprod\/wp-json\/wp\/v2\/comments?post=93783"}],"version-history":[{"count":4,"href":"https:\/\/mercadovivoagroecologia.cl\/wprod\/wp-json\/wp\/v2\/product\/93783\/revisions"}],"predecessor-version":[{"id":102553,"href":"https:\/\/mercadovivoagroecologia.cl\/wprod\/wp-json\/wp\/v2\/product\/93783\/revisions\/102553"}],"wp:featuredmedia":[{"embeddable":true,"href":"https:\/\/mercadovivoagroecologia.cl\/wprod\/wp-json\/wp\/v2\/media\/93798"}],"wp:attachment":[{"href":"https:\/\/mercadovivoagroecologia.cl\/wprod\/wp-json\/wp\/v2\/media?parent=93783"}],"wp:term":[{"taxonomy":"product_brand","embeddable":true,"href":"https:\/\/mercadovivoagroecologia.cl\/wprod\/wp-json\/wp\/v2\/product_brand?post=93783"},{"taxonomy":"product_cat","embeddable":true,"href":"https:\/\/mercadovivoagroecologia.cl\/wprod\/wp-json\/wp\/v2\/product_cat?post=93783"},{"taxonomy":"product_tag","embeddable":true,"href":"https:\/\/mercadovivoagroecologia.cl\/wprod\/wp-json\/wp\/v2\/product_tag?post=93783"}],"curies":[{"name":"wp","href":"https:\/\/api.w.org\/{rel}","templated":true}]}}