{"id":93224,"date":"2023-04-01T00:09:55","date_gmt":"2023-04-01T00:09:55","guid":{"rendered":"https:\/\/mercadovivoagroecologia.cl\/wprod\/?post_type=product&#038;p=93224"},"modified":"2026-03-27T13:39:02","modified_gmt":"2026-03-27T13:39:02","slug":"melon-tuna","status":"publish","type":"product","link":"https:\/\/mercadovivoagroecologia.cl\/wprod\/producto\/melon-tuna\/","title":{"rendered":"Mel\u00f3n Tuna"},"content":{"rendered":"<p>Este mel\u00f3n es uno de los m\u00e1s conocidos y consumidos por su gran sabor fresco y dulzura.<\/p>\n<p>Su c\u00e1scara y carne es lisa, color blanco.<\/p>\n<p>La planta es muy productiva y resistente.<\/p>\n","protected":false},"excerpt":{"rendered":"<p><strong>Nombre cient\u00edfico:\u00a0<\/strong>Cucumis melo<\/p>\n<p><strong>Familia: <\/strong>Cucurbit\u00e1ceas<\/p>\n<p><strong>Fecha de siembra:<\/strong>\u00a0Primavera\/verano<\/p>\n<p><strong>Cantidad: <\/strong>25\u00a0semillas por sobre.<\/p>\n","protected":false},"featured_media":93157,"comment_status":"closed","ping_status":"closed","template":"","meta":[],"product_brand":[],"product_cat":[164],"product_tag":[],"class_list":{"0":"post-93224","1":"product","2":"type-product","3":"status-publish","4":"has-post-thumbnail","6":"product_cat-melones","8":"first","9":"instock","10":"taxable","11":"shipping-taxable","12":"purchasable","13":"product-type-simple"},"jetpack_sharing_enabled":true,"_links":{"self":[{"href":"https:\/\/mercadovivoagroecologia.cl\/wprod\/wp-json\/wp\/v2\/product\/93224","targetHints":{"allow":["GET"]}}],"collection":[{"href":"https:\/\/mercadovivoagroecologia.cl\/wprod\/wp-json\/wp\/v2\/product"}],"about":[{"href":"https:\/\/mercadovivoagroecologia.cl\/wprod\/wp-json\/wp\/v2\/types\/product"}],"replies":[{"embeddable":true,"href":"https:\/\/mercadovivoagroecologia.cl\/wprod\/wp-json\/wp\/v2\/comments?post=93224"}],"version-history":[{"count":1,"href":"https:\/\/mercadovivoagroecologia.cl\/wprod\/wp-json\/wp\/v2\/product\/93224\/revisions"}],"predecessor-version":[{"id":93225,"href":"https:\/\/mercadovivoagroecologia.cl\/wprod\/wp-json\/wp\/v2\/product\/93224\/revisions\/93225"}],"wp:featuredmedia":[{"embeddable":true,"href":"https:\/\/mercadovivoagroecologia.cl\/wprod\/wp-json\/wp\/v2\/media\/93157"}],"wp:attachment":[{"href":"https:\/\/mercadovivoagroecologia.cl\/wprod\/wp-json\/wp\/v2\/media?parent=93224"}],"wp:term":[{"taxonomy":"product_brand","embeddable":true,"href":"https:\/\/mercadovivoagroecologia.cl\/wprod\/wp-json\/wp\/v2\/product_brand?post=93224"},{"taxonomy":"product_cat","embeddable":true,"href":"https:\/\/mercadovivoagroecologia.cl\/wprod\/wp-json\/wp\/v2\/product_cat?post=93224"},{"taxonomy":"product_tag","embeddable":true,"href":"https:\/\/mercadovivoagroecologia.cl\/wprod\/wp-json\/wp\/v2\/product_tag?post=93224"}],"curies":[{"name":"wp","href":"https:\/\/api.w.org\/{rel}","templated":true}]}}