{"id":93161,"date":"2023-03-31T22:13:21","date_gmt":"2023-03-31T22:13:21","guid":{"rendered":"https:\/\/mercadovivoagroecologia.cl\/wprod\/?post_type=product&#038;p=93161"},"modified":"2026-03-27T13:37:50","modified_gmt":"2026-03-27T13:37:50","slug":"melon-calameno","status":"publish","type":"product","link":"https:\/\/mercadovivoagroecologia.cl\/wprod\/producto\/melon-calameno\/","title":{"rendered":"Mel\u00f3n Calame\u00f1o"},"content":{"rendered":"<p>Este es uno de los frutos mas tradicionales del verano, destaca por sus dise\u00f1os con textura en la c\u00e1scara y su carne de color salm\u00f3n intenso muy arom\u00e1tico.<\/p>\n<p>Es una variedad temprana, muy productiva.<\/p>\n","protected":false},"excerpt":{"rendered":"<p><strong>Nombre cient\u00edfico:\u00a0<\/strong>Cucumis melo<\/p>\n<p><strong>Familia: <\/strong>Cucurbit\u00e1ceas<\/p>\n<p><strong>Fecha de siembra:<\/strong>\u00a0Primavera\/verano<\/p>\n<p><strong>Cantidad: <\/strong>25\u00a0semillas por sobre.<\/p>\n","protected":false},"featured_media":93136,"comment_status":"closed","ping_status":"closed","template":"","meta":[],"product_brand":[],"product_cat":[164],"product_tag":[],"class_list":{"0":"post-93161","1":"product","2":"type-product","3":"status-publish","4":"has-post-thumbnail","6":"product_cat-melones","8":"first","9":"instock","10":"taxable","11":"shipping-taxable","12":"purchasable","13":"product-type-simple"},"jetpack_sharing_enabled":true,"_links":{"self":[{"href":"https:\/\/mercadovivoagroecologia.cl\/wprod\/wp-json\/wp\/v2\/product\/93161","targetHints":{"allow":["GET"]}}],"collection":[{"href":"https:\/\/mercadovivoagroecologia.cl\/wprod\/wp-json\/wp\/v2\/product"}],"about":[{"href":"https:\/\/mercadovivoagroecologia.cl\/wprod\/wp-json\/wp\/v2\/types\/product"}],"replies":[{"embeddable":true,"href":"https:\/\/mercadovivoagroecologia.cl\/wprod\/wp-json\/wp\/v2\/comments?post=93161"}],"version-history":[{"count":1,"href":"https:\/\/mercadovivoagroecologia.cl\/wprod\/wp-json\/wp\/v2\/product\/93161\/revisions"}],"predecessor-version":[{"id":93222,"href":"https:\/\/mercadovivoagroecologia.cl\/wprod\/wp-json\/wp\/v2\/product\/93161\/revisions\/93222"}],"wp:featuredmedia":[{"embeddable":true,"href":"https:\/\/mercadovivoagroecologia.cl\/wprod\/wp-json\/wp\/v2\/media\/93136"}],"wp:attachment":[{"href":"https:\/\/mercadovivoagroecologia.cl\/wprod\/wp-json\/wp\/v2\/media?parent=93161"}],"wp:term":[{"taxonomy":"product_brand","embeddable":true,"href":"https:\/\/mercadovivoagroecologia.cl\/wprod\/wp-json\/wp\/v2\/product_brand?post=93161"},{"taxonomy":"product_cat","embeddable":true,"href":"https:\/\/mercadovivoagroecologia.cl\/wprod\/wp-json\/wp\/v2\/product_cat?post=93161"},{"taxonomy":"product_tag","embeddable":true,"href":"https:\/\/mercadovivoagroecologia.cl\/wprod\/wp-json\/wp\/v2\/product_tag?post=93161"}],"curies":[{"name":"wp","href":"https:\/\/api.w.org\/{rel}","templated":true}]}}