{"id":92535,"date":"2023-03-13T20:18:54","date_gmt":"2023-03-13T20:18:54","guid":{"rendered":"https:\/\/mercadovivoagroecologia.cl\/wprod\/?post_type=product&#038;p=92535"},"modified":"2026-03-27T14:09:07","modified_gmt":"2026-03-27T14:09:07","slug":"zapallo-jack-be-little","status":"publish","type":"product","link":"https:\/\/mercadovivoagroecologia.cl\/wprod\/producto\/zapallo-jack-be-little\/","title":{"rendered":"Zapallo Jack Be Little"},"content":{"rendered":"<p><em>Otros nombres: Jack Be o Lilliput.<\/em><\/p>\n<p>Es una calabaza tipo Halloween, pero mucho mas peque\u00f1a, mide de 5 a 8 cm de di\u00e1metro.<\/p>\n<p>Es de carne color amarillo anaranjada, muy dulce, con sabor a casta\u00f1as.<\/p>\n<p>Es de tipo decorativo y para consumo, donde se puede preparar frito, salteado, a la mantequilla, en sopa, relleno, etc.<\/p>\n<p>Esta variedad da su producci\u00f3n a finales de verano e inicios de oto\u00f1o, y puede durar 1 a\u00f1o guardada en ambiente seco a temperaturas de 10 a 15\u00b0.<\/p>\n","protected":false},"excerpt":{"rendered":"<p><strong>Nombre cient\u00edfico:\u00a0<\/strong>Cuc\u00farbita pepo<\/p>\n<p><strong>Familia: <\/strong>Cucurbit\u00e1ceas<\/p>\n<p><strong>Temporada de siembra: <\/strong>Primavera<\/p>\n<p><strong>Cantidad de semillas: <\/strong>8 por sobre<\/p>\n","protected":false},"featured_media":92526,"comment_status":"closed","ping_status":"closed","template":"","meta":[],"product_brand":[],"product_cat":[176],"product_tag":[],"class_list":{"0":"post-92535","1":"product","2":"type-product","3":"status-publish","4":"has-post-thumbnail","6":"product_cat-zapallos-de-guarda","8":"first","9":"outofstock","10":"taxable","11":"shipping-taxable","12":"purchasable","13":"product-type-simple"},"jetpack_sharing_enabled":true,"_links":{"self":[{"href":"https:\/\/mercadovivoagroecologia.cl\/wprod\/wp-json\/wp\/v2\/product\/92535","targetHints":{"allow":["GET"]}}],"collection":[{"href":"https:\/\/mercadovivoagroecologia.cl\/wprod\/wp-json\/wp\/v2\/product"}],"about":[{"href":"https:\/\/mercadovivoagroecologia.cl\/wprod\/wp-json\/wp\/v2\/types\/product"}],"replies":[{"embeddable":true,"href":"https:\/\/mercadovivoagroecologia.cl\/wprod\/wp-json\/wp\/v2\/comments?post=92535"}],"version-history":[{"count":2,"href":"https:\/\/mercadovivoagroecologia.cl\/wprod\/wp-json\/wp\/v2\/product\/92535\/revisions"}],"predecessor-version":[{"id":92537,"href":"https:\/\/mercadovivoagroecologia.cl\/wprod\/wp-json\/wp\/v2\/product\/92535\/revisions\/92537"}],"wp:featuredmedia":[{"embeddable":true,"href":"https:\/\/mercadovivoagroecologia.cl\/wprod\/wp-json\/wp\/v2\/media\/92526"}],"wp:attachment":[{"href":"https:\/\/mercadovivoagroecologia.cl\/wprod\/wp-json\/wp\/v2\/media?parent=92535"}],"wp:term":[{"taxonomy":"product_brand","embeddable":true,"href":"https:\/\/mercadovivoagroecologia.cl\/wprod\/wp-json\/wp\/v2\/product_brand?post=92535"},{"taxonomy":"product_cat","embeddable":true,"href":"https:\/\/mercadovivoagroecologia.cl\/wprod\/wp-json\/wp\/v2\/product_cat?post=92535"},{"taxonomy":"product_tag","embeddable":true,"href":"https:\/\/mercadovivoagroecologia.cl\/wprod\/wp-json\/wp\/v2\/product_tag?post=92535"}],"curies":[{"name":"wp","href":"https:\/\/api.w.org\/{rel}","templated":true}]}}