{"id":92414,"date":"2023-03-10T14:29:13","date_gmt":"2023-03-10T14:29:13","guid":{"rendered":"https:\/\/mercadovivoagroecologia.cl\/wprod\/?post_type=product&#038;p=92414"},"modified":"2026-03-27T13:36:09","modified_gmt":"2026-03-27T13:36:09","slug":"lechuga-sanguienta","status":"publish","type":"product","link":"https:\/\/mercadovivoagroecologia.cl\/wprod\/producto\/lechuga-sanguienta\/","title":{"rendered":"Lechuga Sangrienta"},"content":{"rendered":"<p><em>Otros nombres: Lechuga pecosa.<\/em><\/p>\n<p>Esta lechuga es similar en aspecto a la nuestra otra variedad \u00abButter Gem\u00bb pero \u00e9sta tiene sus peca o manchas mas suaves.<\/p>\n<p>Es de un sabor muy agradable, tiene hojas y textura muy suave. Muy recomendaba para probar.<\/p>\n<p>Cultivo que se puede sembrar todo el a\u00f1o.<\/p>\n<p>Se adapta bien a diferentes tipos de suelos y climas.<\/p>\n<p>Es de r\u00e1pida germinaci\u00f3n y se puede cosechar el fruto luego de 30 a 70 d\u00edas luego del trasplante.<\/p>\n","protected":false},"excerpt":{"rendered":"<p><strong>Nombre cient\u00edfico: <\/strong>Lactuca sativa<\/p>\n<p><strong>Familia: <\/strong>Asteraceae<\/p>\n<p><strong>Temporada se siembra: <\/strong>Todo el a\u00f1o.<\/p>\n<p><strong>Cantidad de semillas: <\/strong>0,5 gr por sobre.<\/p>\n","protected":false},"featured_media":92415,"comment_status":"closed","ping_status":"closed","template":"","meta":[],"product_brand":[],"product_cat":[169],"product_tag":[],"class_list":{"0":"post-92414","1":"product","2":"type-product","3":"status-publish","4":"has-post-thumbnail","6":"product_cat-lechugas","8":"first","9":"instock","10":"taxable","11":"shipping-taxable","12":"purchasable","13":"product-type-simple"},"jetpack_sharing_enabled":true,"_links":{"self":[{"href":"https:\/\/mercadovivoagroecologia.cl\/wprod\/wp-json\/wp\/v2\/product\/92414","targetHints":{"allow":["GET"]}}],"collection":[{"href":"https:\/\/mercadovivoagroecologia.cl\/wprod\/wp-json\/wp\/v2\/product"}],"about":[{"href":"https:\/\/mercadovivoagroecologia.cl\/wprod\/wp-json\/wp\/v2\/types\/product"}],"replies":[{"embeddable":true,"href":"https:\/\/mercadovivoagroecologia.cl\/wprod\/wp-json\/wp\/v2\/comments?post=92414"}],"version-history":[{"count":2,"href":"https:\/\/mercadovivoagroecologia.cl\/wprod\/wp-json\/wp\/v2\/product\/92414\/revisions"}],"predecessor-version":[{"id":92632,"href":"https:\/\/mercadovivoagroecologia.cl\/wprod\/wp-json\/wp\/v2\/product\/92414\/revisions\/92632"}],"wp:featuredmedia":[{"embeddable":true,"href":"https:\/\/mercadovivoagroecologia.cl\/wprod\/wp-json\/wp\/v2\/media\/92415"}],"wp:attachment":[{"href":"https:\/\/mercadovivoagroecologia.cl\/wprod\/wp-json\/wp\/v2\/media?parent=92414"}],"wp:term":[{"taxonomy":"product_brand","embeddable":true,"href":"https:\/\/mercadovivoagroecologia.cl\/wprod\/wp-json\/wp\/v2\/product_brand?post=92414"},{"taxonomy":"product_cat","embeddable":true,"href":"https:\/\/mercadovivoagroecologia.cl\/wprod\/wp-json\/wp\/v2\/product_cat?post=92414"},{"taxonomy":"product_tag","embeddable":true,"href":"https:\/\/mercadovivoagroecologia.cl\/wprod\/wp-json\/wp\/v2\/product_tag?post=92414"}],"curies":[{"name":"wp","href":"https:\/\/api.w.org\/{rel}","templated":true}]}}