{"id":92394,"date":"2023-03-10T04:57:40","date_gmt":"2023-03-10T04:57:40","guid":{"rendered":"https:\/\/mercadovivoagroecologia.cl\/wprod\/?post_type=product&#038;p=92394"},"modified":"2026-03-27T13:36:09","modified_gmt":"2026-03-27T13:36:09","slug":"lechuga-reina-del-hielo","status":"publish","type":"product","link":"https:\/\/mercadovivoagroecologia.cl\/wprod\/producto\/lechuga-reina-del-hielo\/","title":{"rendered":"Lechuga Reina del Hielo"},"content":{"rendered":"<p><em>Origen: Francia.\u00a0<\/em><\/p>\n<p><em><strong>Lechugas tipo Iceberg:\u00a0<\/strong>se denominan as\u00ed por la textura de sus hojas, que son \u00abtan crujientes como un iceberg\u00bb. Otra teor\u00eda dice que estas lechugas eran tapadas con hielo para ser transportadas de un lugar a otro.\u00a0<\/em><\/p>\n<p>Esta variedad posee un muy buen sabor y excelente textura crujiente, por lo que es considerada como una de las mejores del tipo iceberg.<\/p>\n<p>Cultivo que se puede sembrar todo el a\u00f1o y tiene una muy buena tolerancia al fr\u00edo.<\/p>\n<p>Se adapta bien a diferentes tipos de suelos y climas.<\/p>\n<p>Es de r\u00e1pida germinaci\u00f3n y se puede cosechar el fruto luego de 30 a 70 d\u00edas luego del trasplante.<\/p>\n","protected":false},"excerpt":{"rendered":"<p><strong>Nombre cient\u00edfico: <\/strong>Lactuca sativa<\/p>\n<p><strong>Familia: <\/strong>Asteraceae<\/p>\n<p><strong>Temporada se siembra: <\/strong>Todo el a\u00f1o.<\/p>\n<p><strong>Cantidad de semillas: <\/strong>0,5 gr por sobre.<\/p>\n","protected":false},"featured_media":92398,"comment_status":"closed","ping_status":"closed","template":"","meta":[],"product_brand":[],"product_cat":[169],"product_tag":[],"class_list":{"0":"post-92394","1":"product","2":"type-product","3":"status-publish","4":"has-post-thumbnail","6":"product_cat-lechugas","8":"first","9":"instock","10":"taxable","11":"shipping-taxable","12":"purchasable","13":"product-type-simple"},"jetpack_sharing_enabled":true,"_links":{"self":[{"href":"https:\/\/mercadovivoagroecologia.cl\/wprod\/wp-json\/wp\/v2\/product\/92394","targetHints":{"allow":["GET"]}}],"collection":[{"href":"https:\/\/mercadovivoagroecologia.cl\/wprod\/wp-json\/wp\/v2\/product"}],"about":[{"href":"https:\/\/mercadovivoagroecologia.cl\/wprod\/wp-json\/wp\/v2\/types\/product"}],"replies":[{"embeddable":true,"href":"https:\/\/mercadovivoagroecologia.cl\/wprod\/wp-json\/wp\/v2\/comments?post=92394"}],"version-history":[{"count":1,"href":"https:\/\/mercadovivoagroecologia.cl\/wprod\/wp-json\/wp\/v2\/product\/92394\/revisions"}],"predecessor-version":[{"id":92399,"href":"https:\/\/mercadovivoagroecologia.cl\/wprod\/wp-json\/wp\/v2\/product\/92394\/revisions\/92399"}],"wp:featuredmedia":[{"embeddable":true,"href":"https:\/\/mercadovivoagroecologia.cl\/wprod\/wp-json\/wp\/v2\/media\/92398"}],"wp:attachment":[{"href":"https:\/\/mercadovivoagroecologia.cl\/wprod\/wp-json\/wp\/v2\/media?parent=92394"}],"wp:term":[{"taxonomy":"product_brand","embeddable":true,"href":"https:\/\/mercadovivoagroecologia.cl\/wprod\/wp-json\/wp\/v2\/product_brand?post=92394"},{"taxonomy":"product_cat","embeddable":true,"href":"https:\/\/mercadovivoagroecologia.cl\/wprod\/wp-json\/wp\/v2\/product_cat?post=92394"},{"taxonomy":"product_tag","embeddable":true,"href":"https:\/\/mercadovivoagroecologia.cl\/wprod\/wp-json\/wp\/v2\/product_tag?post=92394"}],"curies":[{"name":"wp","href":"https:\/\/api.w.org\/{rel}","templated":true}]}}