{"id":92052,"date":"2023-02-28T21:22:07","date_gmt":"2023-02-28T21:22:07","guid":{"rendered":"https:\/\/mercadovivoagroecologia.cl\/wprod\/?post_type=product&#038;p=92052"},"modified":"2026-03-27T13:30:29","modified_gmt":"2026-03-27T13:30:29","slug":"espinaca-japonesa-komatsuna-roja","status":"publish","type":"product","link":"https:\/\/mercadovivoagroecologia.cl\/wprod\/producto\/espinaca-japonesa-komatsuna-roja\/","title":{"rendered":"Espinaca Japonesa \u00abKomatsuna roja\u00bb"},"content":{"rendered":"<p>Aunque se conoce como espinaca, es familiar del col y nabo.<\/p>\n<p>Esta verdura es uno de los ingredientes estrellas en la cocina japonesa, es com\u00fan encontrarla en la sopa Ramen y en los rollitos primavera.<\/p>\n<p>Se puede consumir la planta completa, y si queremos tenerla todo el a\u00f1o en producci\u00f3n, podemos cortar solo las hojas. Las hojas tiernas y mas peque\u00f1as, se pueden consumir crudas en ensaladas, y tienen sabor entre col y espinaca. Por otro lado, las hojas mas grandes y fibrosas, se recomienda cocerlas, y tienen un sabor mas fuerte, parecido a la mostaza.<\/p>\n","protected":false},"excerpt":{"rendered":"<p><strong>Nombre cient\u00edfico:<\/strong> Brassica rapa var. perviridis<\/p>\n<p><strong>Familia: <\/strong>Brassicaceae<\/p>\n<p><strong>Temporada de siembra:<\/strong> Todo el a\u00f1o.<\/p>\n<p><strong>Cantidad:<\/strong> 0,5 gr por sobre<\/p>\n","protected":false},"featured_media":92053,"comment_status":"closed","ping_status":"closed","template":"","meta":[],"product_brand":[],"product_cat":[173],"product_tag":[],"class_list":{"0":"post-92052","1":"product","2":"type-product","3":"status-publish","4":"has-post-thumbnail","6":"product_cat-espinacas","8":"first","9":"outofstock","10":"taxable","11":"shipping-taxable","12":"purchasable","13":"product-type-simple"},"jetpack_sharing_enabled":true,"_links":{"self":[{"href":"https:\/\/mercadovivoagroecologia.cl\/wprod\/wp-json\/wp\/v2\/product\/92052","targetHints":{"allow":["GET"]}}],"collection":[{"href":"https:\/\/mercadovivoagroecologia.cl\/wprod\/wp-json\/wp\/v2\/product"}],"about":[{"href":"https:\/\/mercadovivoagroecologia.cl\/wprod\/wp-json\/wp\/v2\/types\/product"}],"replies":[{"embeddable":true,"href":"https:\/\/mercadovivoagroecologia.cl\/wprod\/wp-json\/wp\/v2\/comments?post=92052"}],"version-history":[{"count":1,"href":"https:\/\/mercadovivoagroecologia.cl\/wprod\/wp-json\/wp\/v2\/product\/92052\/revisions"}],"predecessor-version":[{"id":92054,"href":"https:\/\/mercadovivoagroecologia.cl\/wprod\/wp-json\/wp\/v2\/product\/92052\/revisions\/92054"}],"wp:featuredmedia":[{"embeddable":true,"href":"https:\/\/mercadovivoagroecologia.cl\/wprod\/wp-json\/wp\/v2\/media\/92053"}],"wp:attachment":[{"href":"https:\/\/mercadovivoagroecologia.cl\/wprod\/wp-json\/wp\/v2\/media?parent=92052"}],"wp:term":[{"taxonomy":"product_brand","embeddable":true,"href":"https:\/\/mercadovivoagroecologia.cl\/wprod\/wp-json\/wp\/v2\/product_brand?post=92052"},{"taxonomy":"product_cat","embeddable":true,"href":"https:\/\/mercadovivoagroecologia.cl\/wprod\/wp-json\/wp\/v2\/product_cat?post=92052"},{"taxonomy":"product_tag","embeddable":true,"href":"https:\/\/mercadovivoagroecologia.cl\/wprod\/wp-json\/wp\/v2\/product_tag?post=92052"}],"curies":[{"name":"wp","href":"https:\/\/api.w.org\/{rel}","templated":true}]}}