{"id":91871,"date":"2023-02-23T16:33:33","date_gmt":"2023-02-23T16:33:33","guid":{"rendered":"https:\/\/mercadovivoagroecologia.cl\/wprod\/?post_type=product&#038;p=91871"},"modified":"2026-03-27T13:30:29","modified_gmt":"2026-03-27T13:30:29","slug":"esparragos","status":"publish","type":"product","link":"https:\/\/mercadovivoagroecologia.cl\/wprod\/producto\/esparragos\/","title":{"rendered":"Esp\u00e1rragos"},"content":{"rendered":"<p>Es un cultivo herb\u00e1ceo perenne, que puede perdurar en nuestro huerto hasta 10 a\u00f1os, una vez que es plantado en suelo, por lo que recomienda hacer una buena preparaci\u00f3n de suelo con compost y humus,\u00a0 adem\u00e1s de preferir un suelo arenoso. Cada a\u00f1o se debe ir incorporando nueva materia org\u00e1nica y aporcando el suelo, ya que los rizomas que se han ido renovando, tienden a subir y queda sobre el suelo, por lo que debemos ir tapando con tierra.<\/p>\n<p>Se puede plantar en invernadero o al aire libre.<\/p>\n<p>En la planta del esp\u00e1rrago hay que diferenciar una parte subterr\u00e1nea (rizoma y sistema radicular) de una parte a\u00e9rea (tallos, ramas, hojas, flores y frutos).<\/p>\n<p>Su producci\u00f3n es lenta, cuando se planta de semillas, se debe esperar de 2 a 3 a\u00f1os para lograr las primeras cosechas.<\/p>\n<p>Si se planta desde rizomas (conocidas como garras), se recomienda no cosechar los primeros frutos y dejar que formen una buena ramificaci\u00f3n para que logren una buena fotos\u00edntesis. Luego del segundo a\u00f1o ya se pueden cosechar los esp\u00e1rragos (turiones).<\/p>\n<p>La planta de esp\u00e1rrago, producir\u00e1 por mas tiempo a medida que pasen los a\u00f1os.<\/p>\n<p>En nuestro caso, pudimos obtener sus primeras semillas a partir del segundo a\u00f1o luego de haber\u00a0 plantado los rizomas al suelo.<\/p>\n","protected":false},"excerpt":{"rendered":"<p><strong>Nombre cient\u00edfico: <\/strong>Asparagus officinalis<\/p>\n<p><strong>Familia: <\/strong>Asparagaceae<\/p>\n<p><strong>Temporada de siembra: <\/strong>Agosto a Septiembre<\/p>\n<p><strong>Cantidad de semillas: <\/strong>15 por sobre<\/p>\n","protected":false},"featured_media":91868,"comment_status":"closed","ping_status":"closed","template":"","meta":[],"product_brand":[],"product_cat":[109],"product_tag":[],"class_list":{"0":"post-91871","1":"product","2":"type-product","3":"status-publish","4":"has-post-thumbnail","6":"product_cat-semillas-exclusivas","8":"first","9":"outofstock","10":"featured","11":"taxable","12":"shipping-taxable","13":"purchasable","14":"product-type-simple"},"jetpack_sharing_enabled":true,"_links":{"self":[{"href":"https:\/\/mercadovivoagroecologia.cl\/wprod\/wp-json\/wp\/v2\/product\/91871","targetHints":{"allow":["GET"]}}],"collection":[{"href":"https:\/\/mercadovivoagroecologia.cl\/wprod\/wp-json\/wp\/v2\/product"}],"about":[{"href":"https:\/\/mercadovivoagroecologia.cl\/wprod\/wp-json\/wp\/v2\/types\/product"}],"replies":[{"embeddable":true,"href":"https:\/\/mercadovivoagroecologia.cl\/wprod\/wp-json\/wp\/v2\/comments?post=91871"}],"version-history":[{"count":1,"href":"https:\/\/mercadovivoagroecologia.cl\/wprod\/wp-json\/wp\/v2\/product\/91871\/revisions"}],"predecessor-version":[{"id":91873,"href":"https:\/\/mercadovivoagroecologia.cl\/wprod\/wp-json\/wp\/v2\/product\/91871\/revisions\/91873"}],"wp:featuredmedia":[{"embeddable":true,"href":"https:\/\/mercadovivoagroecologia.cl\/wprod\/wp-json\/wp\/v2\/media\/91868"}],"wp:attachment":[{"href":"https:\/\/mercadovivoagroecologia.cl\/wprod\/wp-json\/wp\/v2\/media?parent=91871"}],"wp:term":[{"taxonomy":"product_brand","embeddable":true,"href":"https:\/\/mercadovivoagroecologia.cl\/wprod\/wp-json\/wp\/v2\/product_brand?post=91871"},{"taxonomy":"product_cat","embeddable":true,"href":"https:\/\/mercadovivoagroecologia.cl\/wprod\/wp-json\/wp\/v2\/product_cat?post=91871"},{"taxonomy":"product_tag","embeddable":true,"href":"https:\/\/mercadovivoagroecologia.cl\/wprod\/wp-json\/wp\/v2\/product_tag?post=91871"}],"curies":[{"name":"wp","href":"https:\/\/api.w.org\/{rel}","templated":true}]}}