{"id":91793,"date":"2023-02-21T17:49:19","date_gmt":"2023-02-21T17:49:19","guid":{"rendered":"https:\/\/mercadovivoagroecologia.cl\/wprod\/?post_type=product&#038;p=91793"},"modified":"2026-03-27T13:41:34","modified_gmt":"2026-03-27T13:41:34","slug":"pepino-mini-white","status":"publish","type":"product","link":"https:\/\/mercadovivoagroecologia.cl\/wprod\/producto\/pepino-mini-white\/","title":{"rendered":"Pepino Mini White"},"content":{"rendered":"<p>Esta es una variedad de pepino o pepinillo muy peque\u00f1o, de planta vigorosa y de producci\u00f3n temprana.<\/p>\n<p>Se recomienda cortar los frutos cuando est\u00e1n peque\u00f1os, as\u00ed se logra que la planta siga produciendo nuevos frutos.<\/p>\n<p>Para evitar amargura en el fruto, es recomendable mantener la planta siempre con buena humedad.<\/p>\n<p>Estos pepinos son ideales para encurtidos y ensaladas.<\/p>\n<p>&nbsp;<\/p>\n","protected":false},"excerpt":{"rendered":"<p><strong>Nombre cient\u00edfico: <\/strong>Cucumis sativus<\/p>\n<p><strong>Familia: <\/strong>Cucurbitaceae<\/p>\n<p><strong>Temporada de siembra: <\/strong>Primavera<\/p>\n<p><strong>Cantidad de semillas:<\/strong> 20 por sobre<\/p>\n","protected":false},"featured_media":91789,"comment_status":"closed","ping_status":"closed","template":"","meta":[],"product_brand":[],"product_cat":[167],"product_tag":[],"class_list":{"0":"post-91793","1":"product","2":"type-product","3":"status-publish","4":"has-post-thumbnail","6":"product_cat-pepinos","8":"first","9":"outofstock","10":"taxable","11":"shipping-taxable","12":"purchasable","13":"product-type-simple"},"jetpack_sharing_enabled":true,"_links":{"self":[{"href":"https:\/\/mercadovivoagroecologia.cl\/wprod\/wp-json\/wp\/v2\/product\/91793","targetHints":{"allow":["GET"]}}],"collection":[{"href":"https:\/\/mercadovivoagroecologia.cl\/wprod\/wp-json\/wp\/v2\/product"}],"about":[{"href":"https:\/\/mercadovivoagroecologia.cl\/wprod\/wp-json\/wp\/v2\/types\/product"}],"replies":[{"embeddable":true,"href":"https:\/\/mercadovivoagroecologia.cl\/wprod\/wp-json\/wp\/v2\/comments?post=91793"}],"version-history":[{"count":3,"href":"https:\/\/mercadovivoagroecologia.cl\/wprod\/wp-json\/wp\/v2\/product\/91793\/revisions"}],"predecessor-version":[{"id":98518,"href":"https:\/\/mercadovivoagroecologia.cl\/wprod\/wp-json\/wp\/v2\/product\/91793\/revisions\/98518"}],"wp:featuredmedia":[{"embeddable":true,"href":"https:\/\/mercadovivoagroecologia.cl\/wprod\/wp-json\/wp\/v2\/media\/91789"}],"wp:attachment":[{"href":"https:\/\/mercadovivoagroecologia.cl\/wprod\/wp-json\/wp\/v2\/media?parent=91793"}],"wp:term":[{"taxonomy":"product_brand","embeddable":true,"href":"https:\/\/mercadovivoagroecologia.cl\/wprod\/wp-json\/wp\/v2\/product_brand?post=91793"},{"taxonomy":"product_cat","embeddable":true,"href":"https:\/\/mercadovivoagroecologia.cl\/wprod\/wp-json\/wp\/v2\/product_cat?post=91793"},{"taxonomy":"product_tag","embeddable":true,"href":"https:\/\/mercadovivoagroecologia.cl\/wprod\/wp-json\/wp\/v2\/product_tag?post=91793"}],"curies":[{"name":"wp","href":"https:\/\/api.w.org\/{rel}","templated":true}]}}