{"id":91779,"date":"2023-02-21T17:38:31","date_gmt":"2023-02-21T17:38:31","guid":{"rendered":"https:\/\/mercadovivoagroecologia.cl\/wprod\/?post_type=product&#038;p=91779"},"modified":"2026-04-10T18:13:56","modified_gmt":"2026-04-10T18:13:56","slug":"pepino-armenian-white-o-melon-de-pepino","status":"publish","type":"product","link":"https:\/\/mercadovivoagroecologia.cl\/wprod\/producto\/pepino-armenian-white-o-melon-de-pepino\/","title":{"rendered":"Pepino Armenian White o Mel\u00f3n de Pepino"},"content":{"rendered":"<p><em>Es conocido en la cocina japonesa como Uri<\/em><\/p>\n<p>Esta curiosa variedad de Mel\u00f3n, por su forma, sabor y caracter\u00edsticas, se usa como pepino.<\/p>\n<p>Su sabor es una mezcla entre ambos, se consume crudo y si se cosecha tierno, se puede consumir con c\u00e1scara, ya que es delgada y suave.<\/p>\n<p>Si dejas el fruto en la planta hasta que logre su m\u00e1xima maduraci\u00f3n, este puede llegar a medir hasta 1 metro de longitud y llegar a pesar sobre 1,5 kilos, por lo que, de un fruto, tendr\u00e1s varias ensaladas.<\/p>\n","protected":false},"excerpt":{"rendered":"<p><span class=\"w8qArf\"><strong><span class=\"eTVOZd\">Nombre Cient\u00edfico: <\/span><\/strong><\/span>Cucumis melo var. flexuosus<\/p>\n<p><strong>Familia:\u00a0<\/strong>Cucurbitaceae<\/p>\n<p><b>Temporada de siembra:\u00a0<\/b>Primavera\/verano<\/p>\n<p><strong>Cantidad de semillas: <\/strong>25\u00a0por sobre.<\/p>\n","protected":false},"featured_media":91784,"comment_status":"closed","ping_status":"closed","template":"","meta":[],"product_brand":[],"product_cat":[167],"product_tag":[],"class_list":{"0":"post-91779","1":"product","2":"type-product","3":"status-publish","4":"has-post-thumbnail","6":"product_cat-pepinos","8":"first","9":"instock","10":"taxable","11":"shipping-taxable","12":"purchasable","13":"product-type-simple"},"jetpack_sharing_enabled":true,"_links":{"self":[{"href":"https:\/\/mercadovivoagroecologia.cl\/wprod\/wp-json\/wp\/v2\/product\/91779","targetHints":{"allow":["GET"]}}],"collection":[{"href":"https:\/\/mercadovivoagroecologia.cl\/wprod\/wp-json\/wp\/v2\/product"}],"about":[{"href":"https:\/\/mercadovivoagroecologia.cl\/wprod\/wp-json\/wp\/v2\/types\/product"}],"replies":[{"embeddable":true,"href":"https:\/\/mercadovivoagroecologia.cl\/wprod\/wp-json\/wp\/v2\/comments?post=91779"}],"version-history":[{"count":2,"href":"https:\/\/mercadovivoagroecologia.cl\/wprod\/wp-json\/wp\/v2\/product\/91779\/revisions"}],"predecessor-version":[{"id":92187,"href":"https:\/\/mercadovivoagroecologia.cl\/wprod\/wp-json\/wp\/v2\/product\/91779\/revisions\/92187"}],"wp:featuredmedia":[{"embeddable":true,"href":"https:\/\/mercadovivoagroecologia.cl\/wprod\/wp-json\/wp\/v2\/media\/91784"}],"wp:attachment":[{"href":"https:\/\/mercadovivoagroecologia.cl\/wprod\/wp-json\/wp\/v2\/media?parent=91779"}],"wp:term":[{"taxonomy":"product_brand","embeddable":true,"href":"https:\/\/mercadovivoagroecologia.cl\/wprod\/wp-json\/wp\/v2\/product_brand?post=91779"},{"taxonomy":"product_cat","embeddable":true,"href":"https:\/\/mercadovivoagroecologia.cl\/wprod\/wp-json\/wp\/v2\/product_cat?post=91779"},{"taxonomy":"product_tag","embeddable":true,"href":"https:\/\/mercadovivoagroecologia.cl\/wprod\/wp-json\/wp\/v2\/product_tag?post=91779"}],"curies":[{"name":"wp","href":"https:\/\/api.w.org\/{rel}","templated":true}]}}