{"id":91540,"date":"2023-02-15T22:01:18","date_gmt":"2023-02-15T22:01:18","guid":{"rendered":"https:\/\/mercadovivoagroecologia.cl\/wprod\/?post_type=product&#038;p=91540"},"modified":"2026-03-27T13:39:04","modified_gmt":"2026-03-27T13:39:04","slug":"mostaza-amarilla","status":"publish","type":"product","link":"https:\/\/mercadovivoagroecologia.cl\/wprod\/producto\/mostaza-amarilla\/","title":{"rendered":"Mostaza Amarilla"},"content":{"rendered":"<p>Tambi\u00e9n conocida como <em>mostaza blanca,<\/em> <em>Brassica alba, Brassica hirta<\/em> es una planta anual de la familia de las cruc\u00edferas.<\/p>\n<p>Se cultiva en todo el mundo por sus apreciadas semillas usadas como condimento.<\/p>\n<p>Las semillas por si solas no tienen el sabor intenso y picante que conocemos de la mostaza, para que esto suceda, debemos poner las semillas en contacto con alg\u00fan liquido, lo cual hace que se libere la enzima mirosinasa y quedar\u00e1n con su caracter\u00edstico aroma y sabor picante.<\/p>\n","protected":false},"excerpt":{"rendered":"<p><span class=\"w8qArf\"><strong>Nombre cient\u00edfico:<\/strong> <\/span><span class=\"LrzXr kno-fv wHYlTd z8gr9e\">Sinapis alba<\/span><\/p>\n<p><strong>Familia: <\/strong>Brassicaceae<\/p>\n<p><strong>Temporada de siembra:<\/strong>Todo el a\u00f1o (recomendado: Marzo a Noviembre)<\/p>\n<p><strong>Cantidad:<\/strong> 0,5 gr por sobre<\/p>\n","protected":false},"featured_media":91547,"comment_status":"closed","ping_status":"closed","template":"","meta":[],"product_brand":[],"product_cat":[109],"product_tag":[],"class_list":{"0":"post-91540","1":"product","2":"type-product","3":"status-publish","4":"has-post-thumbnail","6":"product_cat-semillas-exclusivas","8":"first","9":"outofstock","10":"taxable","11":"shipping-taxable","12":"purchasable","13":"product-type-simple"},"jetpack_sharing_enabled":true,"_links":{"self":[{"href":"https:\/\/mercadovivoagroecologia.cl\/wprod\/wp-json\/wp\/v2\/product\/91540","targetHints":{"allow":["GET"]}}],"collection":[{"href":"https:\/\/mercadovivoagroecologia.cl\/wprod\/wp-json\/wp\/v2\/product"}],"about":[{"href":"https:\/\/mercadovivoagroecologia.cl\/wprod\/wp-json\/wp\/v2\/types\/product"}],"replies":[{"embeddable":true,"href":"https:\/\/mercadovivoagroecologia.cl\/wprod\/wp-json\/wp\/v2\/comments?post=91540"}],"version-history":[{"count":3,"href":"https:\/\/mercadovivoagroecologia.cl\/wprod\/wp-json\/wp\/v2\/product\/91540\/revisions"}],"predecessor-version":[{"id":97769,"href":"https:\/\/mercadovivoagroecologia.cl\/wprod\/wp-json\/wp\/v2\/product\/91540\/revisions\/97769"}],"wp:featuredmedia":[{"embeddable":true,"href":"https:\/\/mercadovivoagroecologia.cl\/wprod\/wp-json\/wp\/v2\/media\/91547"}],"wp:attachment":[{"href":"https:\/\/mercadovivoagroecologia.cl\/wprod\/wp-json\/wp\/v2\/media?parent=91540"}],"wp:term":[{"taxonomy":"product_brand","embeddable":true,"href":"https:\/\/mercadovivoagroecologia.cl\/wprod\/wp-json\/wp\/v2\/product_brand?post=91540"},{"taxonomy":"product_cat","embeddable":true,"href":"https:\/\/mercadovivoagroecologia.cl\/wprod\/wp-json\/wp\/v2\/product_cat?post=91540"},{"taxonomy":"product_tag","embeddable":true,"href":"https:\/\/mercadovivoagroecologia.cl\/wprod\/wp-json\/wp\/v2\/product_tag?post=91540"}],"curies":[{"name":"wp","href":"https:\/\/api.w.org\/{rel}","templated":true}]}}