{"id":91416,"date":"2023-02-14T13:25:28","date_gmt":"2023-02-14T13:25:28","guid":{"rendered":"https:\/\/mercadovivoagroecologia.cl\/wprod\/?post_type=product&#038;p=91416"},"modified":"2026-03-27T13:25:23","modified_gmt":"2026-03-27T13:25:23","slug":"apio-tallo-rosado","status":"publish","type":"product","link":"https:\/\/mercadovivoagroecologia.cl\/wprod\/producto\/apio-tallo-rosado\/","title":{"rendered":"Apio tallo rosado"},"content":{"rendered":"<p>Esta variedad es del tipo \u00abapio de sopa\u00bb. Es de sabor mas fuerte que el apio com\u00fan, se puede consumir cocido en sopas, guisos, etc, y tambi\u00e9n crudo en ensaladas cuando el tallo y hojas est\u00e1n tiernos.<\/p>\n<p>Sus tallos son delgados y de un color rosa muy llamativo.<\/p>\n","protected":false},"excerpt":{"rendered":"<p><strong>Nombre cient\u00edfico:<\/strong>Apium graveolens<\/p>\n<p><strong>Familia: <\/strong>Apiaceae<\/p>\n<p><strong>Temporada de siembra:<\/strong>\u00a0Todo el a\u00f1o.<\/p>\n<p><strong>Cantidad de semillas:<\/strong>\u00a00,5 gr por sobre<\/p>\n","protected":false},"featured_media":103475,"comment_status":"closed","ping_status":"closed","template":"","meta":[],"product_brand":[],"product_cat":[183],"product_tag":[],"class_list":{"0":"post-91416","1":"product","2":"type-product","3":"status-publish","4":"has-post-thumbnail","6":"product_cat-otras-hortalizas","8":"first","9":"instock","10":"taxable","11":"shipping-taxable","12":"purchasable","13":"product-type-simple"},"jetpack_sharing_enabled":true,"_links":{"self":[{"href":"https:\/\/mercadovivoagroecologia.cl\/wprod\/wp-json\/wp\/v2\/product\/91416","targetHints":{"allow":["GET"]}}],"collection":[{"href":"https:\/\/mercadovivoagroecologia.cl\/wprod\/wp-json\/wp\/v2\/product"}],"about":[{"href":"https:\/\/mercadovivoagroecologia.cl\/wprod\/wp-json\/wp\/v2\/types\/product"}],"replies":[{"embeddable":true,"href":"https:\/\/mercadovivoagroecologia.cl\/wprod\/wp-json\/wp\/v2\/comments?post=91416"}],"version-history":[{"count":2,"href":"https:\/\/mercadovivoagroecologia.cl\/wprod\/wp-json\/wp\/v2\/product\/91416\/revisions"}],"predecessor-version":[{"id":103365,"href":"https:\/\/mercadovivoagroecologia.cl\/wprod\/wp-json\/wp\/v2\/product\/91416\/revisions\/103365"}],"wp:featuredmedia":[{"embeddable":true,"href":"https:\/\/mercadovivoagroecologia.cl\/wprod\/wp-json\/wp\/v2\/media\/103475"}],"wp:attachment":[{"href":"https:\/\/mercadovivoagroecologia.cl\/wprod\/wp-json\/wp\/v2\/media?parent=91416"}],"wp:term":[{"taxonomy":"product_brand","embeddable":true,"href":"https:\/\/mercadovivoagroecologia.cl\/wprod\/wp-json\/wp\/v2\/product_brand?post=91416"},{"taxonomy":"product_cat","embeddable":true,"href":"https:\/\/mercadovivoagroecologia.cl\/wprod\/wp-json\/wp\/v2\/product_cat?post=91416"},{"taxonomy":"product_tag","embeddable":true,"href":"https:\/\/mercadovivoagroecologia.cl\/wprod\/wp-json\/wp\/v2\/product_tag?post=91416"}],"curies":[{"name":"wp","href":"https:\/\/api.w.org\/{rel}","templated":true}]}}