{"id":89611,"date":"2022-12-10T18:38:39","date_gmt":"2022-12-10T18:38:39","guid":{"rendered":"https:\/\/mercadovivoagroecologia.cl\/wprod\/?post_type=product&#038;p=89611"},"modified":"2025-11-05T13:21:51","modified_gmt":"2025-11-05T13:21:51","slug":"pesebre-a-crochet-grande-1","status":"publish","type":"product","link":"https:\/\/mercadovivoagroecologia.cl\/wprod\/producto\/pesebre-a-crochet-grande-1\/","title":{"rendered":"Pesebre a crochet grande 1"},"content":{"rendered":"<p>Pesebre tejido a crochet, ideal para \u00e1rbol mediano y grande.<\/p>\n<p>El pesebre incluye:<\/p>\n<p>1 Mar\u00eda<\/p>\n<p>1 Jos\u00e9<\/p>\n<p>1 ni\u00f1o Jes\u00fas<\/p>\n<p>1 burrito sabanero<\/p>\n<p>1 oveja.<\/p>\n<p>&nbsp;<\/p>\n<p><em>Cada pesebre se puede hacer a pedido, en diferentes colores y\/o agregar mas integrantes: como reyes magos, mas ovejas o animales.\u00a0<\/em><\/p>\n","protected":false},"excerpt":{"rendered":"<p>Pesebre tejido a crochet, ideal para \u00e1rbol mediano y grande. El pesebre incluye: 1 Mar\u00eda 1 Jos\u00e9 1 ni\u00f1o Jes\u00fas 1 burrito sabanero 1 oveja. &nbsp; Cada pesebre se puede hacer a pedido, en diferentes&hellip;<\/p>\n","protected":false},"featured_media":89467,"comment_status":"closed","ping_status":"closed","template":"","meta":[],"product_brand":[],"product_cat":[148,150],"product_tag":[],"class_list":{"0":"post-89611","1":"product","2":"type-product","3":"status-publish","4":"has-post-thumbnail","6":"product_cat-artesanias-y-manualidades","7":"product_cat-pesebres-a-crochet-grandes","9":"first","10":"instock","11":"taxable","12":"shipping-taxable","13":"purchasable","14":"product-type-simple"},"jetpack_sharing_enabled":true,"_links":{"self":[{"href":"https:\/\/mercadovivoagroecologia.cl\/wprod\/wp-json\/wp\/v2\/product\/89611","targetHints":{"allow":["GET"]}}],"collection":[{"href":"https:\/\/mercadovivoagroecologia.cl\/wprod\/wp-json\/wp\/v2\/product"}],"about":[{"href":"https:\/\/mercadovivoagroecologia.cl\/wprod\/wp-json\/wp\/v2\/types\/product"}],"replies":[{"embeddable":true,"href":"https:\/\/mercadovivoagroecologia.cl\/wprod\/wp-json\/wp\/v2\/comments?post=89611"}],"version-history":[{"count":1,"href":"https:\/\/mercadovivoagroecologia.cl\/wprod\/wp-json\/wp\/v2\/product\/89611\/revisions"}],"predecessor-version":[{"id":89612,"href":"https:\/\/mercadovivoagroecologia.cl\/wprod\/wp-json\/wp\/v2\/product\/89611\/revisions\/89612"}],"wp:featuredmedia":[{"embeddable":true,"href":"https:\/\/mercadovivoagroecologia.cl\/wprod\/wp-json\/wp\/v2\/media\/89467"}],"wp:attachment":[{"href":"https:\/\/mercadovivoagroecologia.cl\/wprod\/wp-json\/wp\/v2\/media?parent=89611"}],"wp:term":[{"taxonomy":"product_brand","embeddable":true,"href":"https:\/\/mercadovivoagroecologia.cl\/wprod\/wp-json\/wp\/v2\/product_brand?post=89611"},{"taxonomy":"product_cat","embeddable":true,"href":"https:\/\/mercadovivoagroecologia.cl\/wprod\/wp-json\/wp\/v2\/product_cat?post=89611"},{"taxonomy":"product_tag","embeddable":true,"href":"https:\/\/mercadovivoagroecologia.cl\/wprod\/wp-json\/wp\/v2\/product_tag?post=89611"}],"curies":[{"name":"wp","href":"https:\/\/api.w.org\/{rel}","templated":true}]}}