{"id":89607,"date":"2022-12-10T18:24:41","date_gmt":"2022-12-10T18:24:41","guid":{"rendered":"https:\/\/mercadovivoagroecologia.cl\/wprod\/?post_type=product&#038;p=89607"},"modified":"2025-12-17T14:21:16","modified_gmt":"2025-12-17T14:21:16","slug":"pesebre-a-crochet-pequeno-mas-base","status":"publish","type":"product","link":"https:\/\/mercadovivoagroecologia.cl\/wprod\/producto\/pesebre-a-crochet-pequeno-mas-base\/","title":{"rendered":"Pesebre a crochet mediano mas base modelo 2"},"content":{"rendered":"","protected":false},"excerpt":{"rendered":"<p>&#x1f338; Material crochet.<br \/>\n&#x1f338; Sin costuras.<br \/>\n&#x1f338; Altura: 20 cm<\/p>\n<p>&#x1f338; Incluye: 1 Mar\u00eda + 1 Jos\u00e9 + 1 ni\u00f1o Jes\u00fas + 1 oveja + base.<\/p>\n<p>&#x2705;&#xfe0f; Este modelo se puede personalizar incluyendo mas animales o los reyes magos. &#x1f9f6;<\/p>\n","protected":false},"featured_media":117309,"comment_status":"closed","ping_status":"closed","template":"","meta":[],"product_brand":[],"product_cat":[148,149],"product_tag":[],"class_list":{"0":"post-89607","1":"product","2":"type-product","3":"status-publish","4":"has-post-thumbnail","6":"product_cat-artesanias-y-manualidades","7":"product_cat-pesebres-a-crochet-pequenos","9":"first","10":"instock","11":"taxable","12":"shipping-taxable","13":"purchasable","14":"product-type-simple"},"jetpack_sharing_enabled":true,"_links":{"self":[{"href":"https:\/\/mercadovivoagroecologia.cl\/wprod\/wp-json\/wp\/v2\/product\/89607","targetHints":{"allow":["GET"]}}],"collection":[{"href":"https:\/\/mercadovivoagroecologia.cl\/wprod\/wp-json\/wp\/v2\/product"}],"about":[{"href":"https:\/\/mercadovivoagroecologia.cl\/wprod\/wp-json\/wp\/v2\/types\/product"}],"replies":[{"embeddable":true,"href":"https:\/\/mercadovivoagroecologia.cl\/wprod\/wp-json\/wp\/v2\/comments?post=89607"}],"version-history":[{"count":6,"href":"https:\/\/mercadovivoagroecologia.cl\/wprod\/wp-json\/wp\/v2\/product\/89607\/revisions"}],"predecessor-version":[{"id":117323,"href":"https:\/\/mercadovivoagroecologia.cl\/wprod\/wp-json\/wp\/v2\/product\/89607\/revisions\/117323"}],"wp:featuredmedia":[{"embeddable":true,"href":"https:\/\/mercadovivoagroecologia.cl\/wprod\/wp-json\/wp\/v2\/media\/117309"}],"wp:attachment":[{"href":"https:\/\/mercadovivoagroecologia.cl\/wprod\/wp-json\/wp\/v2\/media?parent=89607"}],"wp:term":[{"taxonomy":"product_brand","embeddable":true,"href":"https:\/\/mercadovivoagroecologia.cl\/wprod\/wp-json\/wp\/v2\/product_brand?post=89607"},{"taxonomy":"product_cat","embeddable":true,"href":"https:\/\/mercadovivoagroecologia.cl\/wprod\/wp-json\/wp\/v2\/product_cat?post=89607"},{"taxonomy":"product_tag","embeddable":true,"href":"https:\/\/mercadovivoagroecologia.cl\/wprod\/wp-json\/wp\/v2\/product_tag?post=89607"}],"curies":[{"name":"wp","href":"https:\/\/api.w.org\/{rel}","templated":true}]}}