{"id":88698,"date":"2022-11-08T14:55:05","date_gmt":"2022-11-08T14:55:05","guid":{"rendered":"https:\/\/mercadovivoagroecologia.cl\/wprod\/?post_type=product&#038;p=88698"},"modified":"2026-03-27T13:37:47","modified_gmt":"2026-03-27T13:37:47","slug":"maiz-tongo","status":"publish","type":"product","link":"https:\/\/mercadovivoagroecologia.cl\/wprod\/producto\/maiz-tongo\/","title":{"rendered":"Ma\u00edz Cancha"},"content":{"rendered":"<p>Tambi\u00e9n se conoce como Ma\u00edz Serrano.<\/p>\n<p>Se consume idealmente como choclo o tipo snack, se puede preparar tostado, pero a diferencia del ma\u00edz de las palomitas, este se revienta por dentro, dejando unas consistencia arenosa y tierna en la boca.<\/p>\n<p>Su consumo se recomienda para deportistas, que necesitan energ\u00eda que se digiera r\u00e1pido.<\/p>\n<p>Esta variedad es cultivado hace siglos en tierras andinas.<\/p>\n","protected":false},"excerpt":{"rendered":"<p><strong>Nombre cient\u00edfico: <\/strong>Zea mays.<\/p>\n<p><strong>Familia: <\/strong>Poacea<\/p>\n<p><strong>Siembra: <\/strong>Primavera<\/p>\n<p><strong>Cantidad de semillas:<\/strong> 25 por sobre.<\/p>\n","protected":false},"featured_media":100156,"comment_status":"closed","ping_status":"closed","template":"","meta":[],"product_brand":[],"product_cat":[142],"product_tag":[],"class_list":{"0":"post-88698","1":"product","2":"type-product","3":"status-publish","4":"has-post-thumbnail","6":"product_cat-maices-semillas","8":"first","9":"outofstock","10":"taxable","11":"shipping-taxable","12":"purchasable","13":"product-type-simple"},"jetpack_sharing_enabled":true,"_links":{"self":[{"href":"https:\/\/mercadovivoagroecologia.cl\/wprod\/wp-json\/wp\/v2\/product\/88698","targetHints":{"allow":["GET"]}}],"collection":[{"href":"https:\/\/mercadovivoagroecologia.cl\/wprod\/wp-json\/wp\/v2\/product"}],"about":[{"href":"https:\/\/mercadovivoagroecologia.cl\/wprod\/wp-json\/wp\/v2\/types\/product"}],"replies":[{"embeddable":true,"href":"https:\/\/mercadovivoagroecologia.cl\/wprod\/wp-json\/wp\/v2\/comments?post=88698"}],"version-history":[{"count":5,"href":"https:\/\/mercadovivoagroecologia.cl\/wprod\/wp-json\/wp\/v2\/product\/88698\/revisions"}],"predecessor-version":[{"id":100166,"href":"https:\/\/mercadovivoagroecologia.cl\/wprod\/wp-json\/wp\/v2\/product\/88698\/revisions\/100166"}],"wp:featuredmedia":[{"embeddable":true,"href":"https:\/\/mercadovivoagroecologia.cl\/wprod\/wp-json\/wp\/v2\/media\/100156"}],"wp:attachment":[{"href":"https:\/\/mercadovivoagroecologia.cl\/wprod\/wp-json\/wp\/v2\/media?parent=88698"}],"wp:term":[{"taxonomy":"product_brand","embeddable":true,"href":"https:\/\/mercadovivoagroecologia.cl\/wprod\/wp-json\/wp\/v2\/product_brand?post=88698"},{"taxonomy":"product_cat","embeddable":true,"href":"https:\/\/mercadovivoagroecologia.cl\/wprod\/wp-json\/wp\/v2\/product_cat?post=88698"},{"taxonomy":"product_tag","embeddable":true,"href":"https:\/\/mercadovivoagroecologia.cl\/wprod\/wp-json\/wp\/v2\/product_tag?post=88698"}],"curies":[{"name":"wp","href":"https:\/\/api.w.org\/{rel}","templated":true}]}}