{"id":87924,"date":"2022-10-14T13:34:26","date_gmt":"2022-10-14T13:34:26","guid":{"rendered":"https:\/\/mercadovivoagroecologia.cl\/wprod\/?post_type=product&#038;p=87924"},"modified":"2025-04-15T04:05:53","modified_gmt":"2025-04-15T04:05:53","slug":"tierra-de-diatomeas-500-gr","status":"publish","type":"product","link":"https:\/\/mercadovivoagroecologia.cl\/wprod\/producto\/tierra-de-diatomeas-500-gr\/","title":{"rendered":"Tierra de Diatomeas 500 gr"},"content":{"rendered":"<p>La Diatomeas son algas fosilizadas que forman parte del fitoplancton marino desde hace miles de a\u00f1os, son de los primeros organismos que habitaron la Tierra.<\/p>\n<p>Con el tiempo, al secarse los mares y lagos, estas algas formaron asentamientos en sus fondos y, con la acumulaci\u00f3n de capas de tierra con el tiempo, continuaron\u00a0fosilizando sus exoesqueletos de s\u00edlice. Es por esta raz\u00f3n que podemos encontrar Diatomeas bajo varias capas de tierra en diversos sitios donde antes existi\u00f3 alg\u00fan mar o lago. Debido a su alto contenido en silicio org\u00e1nico y calcio adquieren esa coloraci\u00f3n de\u00a0tierra blanca.-<\/p>\n<p><strong>Los\u00a0usos m\u00e1s comunes<\/strong> de la tierra de diatomeas\u00a0son los siguientes, aunque existen muchos m\u00e1s:<\/p>\n<h4><\/h4>\n<ul>\n<li><strong>Insecticida ecol\u00f3gico<\/strong><\/li>\n<li><strong>Desparasitaci\u00f3n y complemento alimentario para mascotas:<\/strong> \u00a0eliminar los par\u00e1sitos internos y externos que perjudican la salud de nuestros animales <em>(para administraci\u00f3n interna se debe consultar con veterinario).\u00a0<\/em><\/li>\n<li><strong>Fertilizante ecol\u00f3gico y natural:<\/strong> La Tierra de Diatomeas o Diatomita aporta un total de 40 nutrientes minerales, algunos de ellos son los siguientes:<\/li>\n<li>\n<div class=\"apartado\">\n<ul>\n<li>Silicio<\/li>\n<li>Carbonato c\u00e1lcico<\/li>\n<li>Calcio<\/li>\n<li>Aluminio<\/li>\n<li>Magnesio<\/li>\n<li>Hierro<\/li>\n<li>Potasio<\/li>\n<li>F\u00f3sforo<\/li>\n<li>Sulfato de cal<\/li>\n<li>Cloro<\/li>\n<\/ul>\n<\/div>\n<h4>Dosis de tierra de diatomeas para jard\u00edn y cultivos<\/h4>\n<\/li>\n<li>Para usarla como fertilizante espolvoreado, usa una mezcla del sustrato o tierra del suelo con diatomita en proporci\u00f3n de 40 o 50 g de diatomita por cada m2 de suelo de jard\u00edn. Para usarla de forma pulverizada, usa 40 g por cada litro.\n<p>Para el control de plagas terrestres usa 100 g de diatomita por cada m2 de suelo y para las plagas a\u00e9reas usa entre 10 g y 40 g de esta tierra por cada litro de agua para pulverizar, ajustando la dosis seg\u00fan el tama\u00f1o de la plaga.<\/li>\n<\/ul>\n<p>&nbsp;<\/p>\n<p>&nbsp;<\/p>\n<h5><em>Fuente: https:\/\/www.ecologiaverde.com\/que-es-la-tierra-de-diatomeas-y-para-que-sirve-1687.html<\/em><\/h5>\n","protected":false},"excerpt":{"rendered":"<p>La Diatomeas son algas fosilizadas que forman parte del fitoplancton marino desde hace miles de a\u00f1os, son de los primeros organismos que habitaron la Tierra. Con el tiempo, al secarse los mares y lagos, estas&hellip;<\/p>\n","protected":false},"featured_media":87914,"comment_status":"closed","ping_status":"closed","template":"","meta":[],"product_brand":[],"product_cat":[114],"product_tag":[],"class_list":{"0":"post-87924","1":"product","2":"type-product","3":"status-publish","4":"has-post-thumbnail","6":"product_cat-insumos-para-huerto","8":"first","9":"outofstock","10":"taxable","11":"shipping-taxable","12":"purchasable","13":"product-type-simple"},"jetpack_sharing_enabled":true,"_links":{"self":[{"href":"https:\/\/mercadovivoagroecologia.cl\/wprod\/wp-json\/wp\/v2\/product\/87924","targetHints":{"allow":["GET"]}}],"collection":[{"href":"https:\/\/mercadovivoagroecologia.cl\/wprod\/wp-json\/wp\/v2\/product"}],"about":[{"href":"https:\/\/mercadovivoagroecologia.cl\/wprod\/wp-json\/wp\/v2\/types\/product"}],"replies":[{"embeddable":true,"href":"https:\/\/mercadovivoagroecologia.cl\/wprod\/wp-json\/wp\/v2\/comments?post=87924"}],"version-history":[{"count":1,"href":"https:\/\/mercadovivoagroecologia.cl\/wprod\/wp-json\/wp\/v2\/product\/87924\/revisions"}],"predecessor-version":[{"id":87926,"href":"https:\/\/mercadovivoagroecologia.cl\/wprod\/wp-json\/wp\/v2\/product\/87924\/revisions\/87926"}],"wp:featuredmedia":[{"embeddable":true,"href":"https:\/\/mercadovivoagroecologia.cl\/wprod\/wp-json\/wp\/v2\/media\/87914"}],"wp:attachment":[{"href":"https:\/\/mercadovivoagroecologia.cl\/wprod\/wp-json\/wp\/v2\/media?parent=87924"}],"wp:term":[{"taxonomy":"product_brand","embeddable":true,"href":"https:\/\/mercadovivoagroecologia.cl\/wprod\/wp-json\/wp\/v2\/product_brand?post=87924"},{"taxonomy":"product_cat","embeddable":true,"href":"https:\/\/mercadovivoagroecologia.cl\/wprod\/wp-json\/wp\/v2\/product_cat?post=87924"},{"taxonomy":"product_tag","embeddable":true,"href":"https:\/\/mercadovivoagroecologia.cl\/wprod\/wp-json\/wp\/v2\/product_tag?post=87924"}],"curies":[{"name":"wp","href":"https:\/\/api.w.org\/{rel}","templated":true}]}}