{"id":86986,"date":"2022-09-12T18:37:36","date_gmt":"2022-09-12T18:37:36","guid":{"rendered":"https:\/\/mercadovivoagroecologia.cl\/wprod\/?post_type=product&#038;p=86986"},"modified":"2026-03-27T13:41:34","modified_gmt":"2026-03-27T13:41:34","slug":"pepino-limon","status":"publish","type":"product","link":"https:\/\/mercadovivoagroecologia.cl\/wprod\/producto\/pepino-limon\/","title":{"rendered":"Pepino Lim\u00f3n"},"content":{"rendered":"<p><em>Semilla de Reliquia (Heirloom).<\/em><\/p>\n<p>Variedad de pepino, que destaca por su forma, color y tama\u00f1o similar a un lim\u00f3n, de ah\u00ed su nombre.<\/p>\n<p>Su sabor y textura, es igual a un pepino com\u00fan, y se consume principalmente como ensalada.<\/p>\n<p>Cuando los frutos son cosechados tiernos, no es necesario pelarlos.<\/p>\n<p>La planta es trepadora, muy productiva. Desarrolla sus frutos a final de temporada.<\/p>\n","protected":false},"excerpt":{"rendered":"<p><strong>Nombre cient\u00edfico:<\/strong> Cucumis sativus<\/p>\n<p><strong>Familia: <\/strong>Cucurbitaceae<\/p>\n<p><strong>Temporada de siembra:<\/strong> Primavera\/verano.<\/p>\n<p><strong>Cantidad:<\/strong> 15 semillas por sobre.<\/p>\n","protected":false},"featured_media":86988,"comment_status":"closed","ping_status":"closed","template":"","meta":[],"product_brand":[],"product_cat":[167],"product_tag":[],"class_list":{"0":"post-86986","1":"product","2":"type-product","3":"status-publish","4":"has-post-thumbnail","6":"product_cat-pepinos","8":"first","9":"instock","10":"taxable","11":"shipping-taxable","12":"purchasable","13":"product-type-simple"},"jetpack_sharing_enabled":true,"_links":{"self":[{"href":"https:\/\/mercadovivoagroecologia.cl\/wprod\/wp-json\/wp\/v2\/product\/86986","targetHints":{"allow":["GET"]}}],"collection":[{"href":"https:\/\/mercadovivoagroecologia.cl\/wprod\/wp-json\/wp\/v2\/product"}],"about":[{"href":"https:\/\/mercadovivoagroecologia.cl\/wprod\/wp-json\/wp\/v2\/types\/product"}],"replies":[{"embeddable":true,"href":"https:\/\/mercadovivoagroecologia.cl\/wprod\/wp-json\/wp\/v2\/comments?post=86986"}],"version-history":[{"count":4,"href":"https:\/\/mercadovivoagroecologia.cl\/wprod\/wp-json\/wp\/v2\/product\/86986\/revisions"}],"predecessor-version":[{"id":92846,"href":"https:\/\/mercadovivoagroecologia.cl\/wprod\/wp-json\/wp\/v2\/product\/86986\/revisions\/92846"}],"wp:featuredmedia":[{"embeddable":true,"href":"https:\/\/mercadovivoagroecologia.cl\/wprod\/wp-json\/wp\/v2\/media\/86988"}],"wp:attachment":[{"href":"https:\/\/mercadovivoagroecologia.cl\/wprod\/wp-json\/wp\/v2\/media?parent=86986"}],"wp:term":[{"taxonomy":"product_brand","embeddable":true,"href":"https:\/\/mercadovivoagroecologia.cl\/wprod\/wp-json\/wp\/v2\/product_brand?post=86986"},{"taxonomy":"product_cat","embeddable":true,"href":"https:\/\/mercadovivoagroecologia.cl\/wprod\/wp-json\/wp\/v2\/product_cat?post=86986"},{"taxonomy":"product_tag","embeddable":true,"href":"https:\/\/mercadovivoagroecologia.cl\/wprod\/wp-json\/wp\/v2\/product_tag?post=86986"}],"curies":[{"name":"wp","href":"https:\/\/api.w.org\/{rel}","templated":true}]}}