{"id":86958,"date":"2022-09-12T17:30:49","date_gmt":"2022-09-12T17:30:49","guid":{"rendered":"https:\/\/mercadovivoagroecologia.cl\/wprod\/?post_type=product&#038;p=86958"},"modified":"2026-03-27T14:09:08","modified_gmt":"2026-03-27T14:09:08","slug":"zapallo-thai-raw-kaw-tok","status":"publish","type":"product","link":"https:\/\/mercadovivoagroecologia.cl\/wprod\/producto\/zapallo-thai-raw-kaw-tok\/","title":{"rendered":"Zapallo Thai Rai Kaw Tok"},"content":{"rendered":"<ul>\n<li>Variedad Heirloon.<\/li>\n<\/ul>\n<p>Zapallo de muy buen sabor y textura, tiene carne muy densa y cremosa. Es de piel blanda.<\/p>\n<p>Esta variedad Tailandesa se usa para diversas preparaciones, entre ellas destacan las cremas de zapallo por su particular textura, tambi\u00e9n suelen cortarse rodajas y se prearan asadas, al vapor, fritas o salteadas con huevos, una preparaci\u00f3n especial para ni\u00f1os, por su lato contenido nutricional.<\/p>\n<p>Tambi\u00e9n se prepara en sopas y guisos.<\/p>\n<p>Adem\u00e1s, las semillas poseen un buen tama\u00f1o y textura por lo que se pueden tostar y consumir como snack.<\/p>\n<p>&nbsp;<\/p>\n","protected":false},"excerpt":{"rendered":"<p><strong>Nombre cient\u00edfico:<\/strong> Cuc\u00farbita Moshata<\/p>\n<p><strong>Temporada de siembra:<\/strong> Primavera\/verano<\/p>\n<p><strong>Cantidad:<\/strong> 10 semillas por sobre<\/p>\n","protected":false},"featured_media":86765,"comment_status":"closed","ping_status":"closed","template":"","meta":[],"product_brand":[],"product_cat":[109,176],"product_tag":[],"class_list":{"0":"post-86958","1":"product","2":"type-product","3":"status-publish","4":"has-post-thumbnail","6":"product_cat-semillas-exclusivas","7":"product_cat-zapallos-de-guarda","9":"first","10":"outofstock","11":"taxable","12":"shipping-taxable","13":"purchasable","14":"product-type-simple"},"jetpack_sharing_enabled":true,"_links":{"self":[{"href":"https:\/\/mercadovivoagroecologia.cl\/wprod\/wp-json\/wp\/v2\/product\/86958","targetHints":{"allow":["GET"]}}],"collection":[{"href":"https:\/\/mercadovivoagroecologia.cl\/wprod\/wp-json\/wp\/v2\/product"}],"about":[{"href":"https:\/\/mercadovivoagroecologia.cl\/wprod\/wp-json\/wp\/v2\/types\/product"}],"replies":[{"embeddable":true,"href":"https:\/\/mercadovivoagroecologia.cl\/wprod\/wp-json\/wp\/v2\/comments?post=86958"}],"version-history":[{"count":2,"href":"https:\/\/mercadovivoagroecologia.cl\/wprod\/wp-json\/wp\/v2\/product\/86958\/revisions"}],"predecessor-version":[{"id":87066,"href":"https:\/\/mercadovivoagroecologia.cl\/wprod\/wp-json\/wp\/v2\/product\/86958\/revisions\/87066"}],"wp:featuredmedia":[{"embeddable":true,"href":"https:\/\/mercadovivoagroecologia.cl\/wprod\/wp-json\/wp\/v2\/media\/86765"}],"wp:attachment":[{"href":"https:\/\/mercadovivoagroecologia.cl\/wprod\/wp-json\/wp\/v2\/media?parent=86958"}],"wp:term":[{"taxonomy":"product_brand","embeddable":true,"href":"https:\/\/mercadovivoagroecologia.cl\/wprod\/wp-json\/wp\/v2\/product_brand?post=86958"},{"taxonomy":"product_cat","embeddable":true,"href":"https:\/\/mercadovivoagroecologia.cl\/wprod\/wp-json\/wp\/v2\/product_cat?post=86958"},{"taxonomy":"product_tag","embeddable":true,"href":"https:\/\/mercadovivoagroecologia.cl\/wprod\/wp-json\/wp\/v2\/product_tag?post=86958"}],"curies":[{"name":"wp","href":"https:\/\/api.w.org\/{rel}","templated":true}]}}