{"id":84511,"date":"2022-06-18T18:41:30","date_gmt":"2022-06-18T18:41:30","guid":{"rendered":"https:\/\/mercadovivoagroecologia.cl\/wprod\/?post_type=product&#038;p=84511"},"modified":"2026-03-27T13:49:41","modified_gmt":"2026-03-27T13:49:41","slug":"sandia-luna-y-estrellas-roja","status":"publish","type":"product","link":"https:\/\/mercadovivoagroecologia.cl\/wprod\/producto\/sandia-luna-y-estrellas-roja\/","title":{"rendered":"Sand\u00eda Luna y Estrellas roja"},"content":{"rendered":"<p><em>Variedad legendaria reliquia redescubierta en Macon, Missouri.<\/em><\/p>\n<p>Destaca por su c\u00e1scara verde oscuro con sus manchas amarillas formando la apariencia de Lunas y estrellas. Las hojas de la planta tambi\u00e9n tienen estas manchas amarillas, lo que hace que esta planta resalte entre otras sand\u00edas.<\/p>\n<p>Variedad de tama\u00f1o grande, forma circular uniforme y muy dulce.<\/p>\n<p>Tiene un ciclo de 95 d\u00edas, por lo que recomienda sembrar a inicios de primavera, cuidando el cultivo de las bajas temperaturas.<\/p>\n<p>Tambi\u00e9n se puede encontrar esta variedad con pulpa de color amarillo.<\/p>\n","protected":false},"excerpt":{"rendered":"<p><strong>Nombre cient\u00edfico:\u00a0<\/strong>Citrullus lanatus<\/p>\n<p><strong>Familia:<\/strong> Cucurbit\u00e1ceas<\/p>\n<p><strong>Temporada de siembra:<\/strong> Primavera<\/p>\n<p><strong>Cantidad<\/strong>: 15 semillas por sobre<\/p>\n","protected":false},"featured_media":84459,"comment_status":"open","ping_status":"closed","template":"","meta":[],"product_brand":[],"product_cat":[166],"product_tag":[],"class_list":{"0":"post-84511","1":"product","2":"type-product","3":"status-publish","4":"has-post-thumbnail","6":"product_cat-sandias","8":"first","9":"outofstock","10":"taxable","11":"shipping-taxable","12":"purchasable","13":"product-type-simple"},"jetpack_sharing_enabled":true,"_links":{"self":[{"href":"https:\/\/mercadovivoagroecologia.cl\/wprod\/wp-json\/wp\/v2\/product\/84511","targetHints":{"allow":["GET"]}}],"collection":[{"href":"https:\/\/mercadovivoagroecologia.cl\/wprod\/wp-json\/wp\/v2\/product"}],"about":[{"href":"https:\/\/mercadovivoagroecologia.cl\/wprod\/wp-json\/wp\/v2\/types\/product"}],"replies":[{"embeddable":true,"href":"https:\/\/mercadovivoagroecologia.cl\/wprod\/wp-json\/wp\/v2\/comments?post=84511"}],"version-history":[{"count":2,"href":"https:\/\/mercadovivoagroecologia.cl\/wprod\/wp-json\/wp\/v2\/product\/84511\/revisions"}],"predecessor-version":[{"id":98054,"href":"https:\/\/mercadovivoagroecologia.cl\/wprod\/wp-json\/wp\/v2\/product\/84511\/revisions\/98054"}],"wp:featuredmedia":[{"embeddable":true,"href":"https:\/\/mercadovivoagroecologia.cl\/wprod\/wp-json\/wp\/v2\/media\/84459"}],"wp:attachment":[{"href":"https:\/\/mercadovivoagroecologia.cl\/wprod\/wp-json\/wp\/v2\/media?parent=84511"}],"wp:term":[{"taxonomy":"product_brand","embeddable":true,"href":"https:\/\/mercadovivoagroecologia.cl\/wprod\/wp-json\/wp\/v2\/product_brand?post=84511"},{"taxonomy":"product_cat","embeddable":true,"href":"https:\/\/mercadovivoagroecologia.cl\/wprod\/wp-json\/wp\/v2\/product_cat?post=84511"},{"taxonomy":"product_tag","embeddable":true,"href":"https:\/\/mercadovivoagroecologia.cl\/wprod\/wp-json\/wp\/v2\/product_tag?post=84511"}],"curies":[{"name":"wp","href":"https:\/\/api.w.org\/{rel}","templated":true}]}}