{"id":84492,"date":"2022-06-18T17:00:20","date_gmt":"2022-06-18T17:00:20","guid":{"rendered":"https:\/\/mercadovivoagroecologia.cl\/wprod\/?post_type=product&#038;p=84492"},"modified":"2026-03-27T13:25:23","modified_gmt":"2026-03-27T13:25:23","slug":"arveja-mapuche-arcoiris","status":"publish","type":"product","link":"https:\/\/mercadovivoagroecologia.cl\/wprod\/producto\/arveja-mapuche-arcoiris\/","title":{"rendered":"Arveja Mapuche Arco\u00edris"},"content":{"rendered":"<p>La planta es alta y vigorosa, y destaca por el llamativo color de su grano, con tonalidades jaspeadas con pintas negras y grises. Es tradicional del sur de Chile.<\/p>\n<p><em>El cultivo de arvejas se recomienda hacer a trav\u00e9s de siembra directa, aunque tambi\u00e9n se da bien de alm\u00e1cigo. Se planta en exterior y puede soportar bajas temperaturas.<\/em><\/p>\n<p><em>La distancia de siembra entre plantas es de 15 a 20 cm.\u00a0<\/em><\/p>\n<p><strong><em>La semilla se entrega con tierra de diatomeas en su superficie para protegerla de plagas.<\/em><\/strong><\/p>\n","protected":false},"excerpt":{"rendered":"<p><strong>Nombre cient\u00edfico:\u00a0<\/strong>Pisum sativum<\/p>\n<p><strong>Familia: <\/strong>Fabaceae<\/p>\n<p><strong>Temporada de siembra:<\/strong>\u00a0Oto\u00f1o\/Invierno<\/p>\n<p><strong>Cantidad<\/strong>: 20 semillas por sobre.<\/p>\n","protected":false},"featured_media":91380,"comment_status":"open","ping_status":"closed","template":"","meta":[],"product_brand":[],"product_cat":[104],"product_tag":[],"class_list":{"0":"post-84492","1":"product","2":"type-product","3":"status-publish","4":"has-post-thumbnail","6":"product_cat-legumbres","8":"first","9":"outofstock","10":"taxable","11":"shipping-taxable","12":"purchasable","13":"product-type-simple"},"jetpack_sharing_enabled":true,"_links":{"self":[{"href":"https:\/\/mercadovivoagroecologia.cl\/wprod\/wp-json\/wp\/v2\/product\/84492","targetHints":{"allow":["GET"]}}],"collection":[{"href":"https:\/\/mercadovivoagroecologia.cl\/wprod\/wp-json\/wp\/v2\/product"}],"about":[{"href":"https:\/\/mercadovivoagroecologia.cl\/wprod\/wp-json\/wp\/v2\/types\/product"}],"replies":[{"embeddable":true,"href":"https:\/\/mercadovivoagroecologia.cl\/wprod\/wp-json\/wp\/v2\/comments?post=84492"}],"version-history":[{"count":5,"href":"https:\/\/mercadovivoagroecologia.cl\/wprod\/wp-json\/wp\/v2\/product\/84492\/revisions"}],"predecessor-version":[{"id":103419,"href":"https:\/\/mercadovivoagroecologia.cl\/wprod\/wp-json\/wp\/v2\/product\/84492\/revisions\/103419"}],"wp:featuredmedia":[{"embeddable":true,"href":"https:\/\/mercadovivoagroecologia.cl\/wprod\/wp-json\/wp\/v2\/media\/91380"}],"wp:attachment":[{"href":"https:\/\/mercadovivoagroecologia.cl\/wprod\/wp-json\/wp\/v2\/media?parent=84492"}],"wp:term":[{"taxonomy":"product_brand","embeddable":true,"href":"https:\/\/mercadovivoagroecologia.cl\/wprod\/wp-json\/wp\/v2\/product_brand?post=84492"},{"taxonomy":"product_cat","embeddable":true,"href":"https:\/\/mercadovivoagroecologia.cl\/wprod\/wp-json\/wp\/v2\/product_cat?post=84492"},{"taxonomy":"product_tag","embeddable":true,"href":"https:\/\/mercadovivoagroecologia.cl\/wprod\/wp-json\/wp\/v2\/product_tag?post=84492"}],"curies":[{"name":"wp","href":"https:\/\/api.w.org\/{rel}","templated":true}]}}