{"id":83443,"date":"2022-05-18T19:24:36","date_gmt":"2022-05-18T19:24:36","guid":{"rendered":"https:\/\/mercadovivoagroecologia.cl\/wprod\/?post_type=product&#038;p=83443"},"modified":"2026-03-27T13:30:31","modified_gmt":"2026-03-27T13:30:31","slug":"girasol-lemon-queen","status":"publish","type":"product","link":"https:\/\/mercadovivoagroecologia.cl\/wprod\/producto\/girasol-lemon-queen\/","title":{"rendered":"Girasol Lemon Queen"},"content":{"rendered":"<p>Variedad de girasol mediano, el color de sus p\u00e9talos es un amarillo lim\u00f3n p\u00e1lido.<\/p>\n<p>Es de ciclo temprano.<\/p>\n","protected":false},"excerpt":{"rendered":"<p><strong>Nombre cient\u00edfico:<\/strong>\u00a0Helianthus annuus<\/p>\n<p><strong>Familia:<span class=\"w8qArf\">\u00a0<\/span><\/strong><span class=\"LrzXr kno-fv wHYlTd z8gr9e\">Asteraceae<\/span><\/p>\n<p><strong>Siembra:<\/strong>\u00a0Primavera<\/p>\n<p><strong>Cantidad de semillas:<\/strong> 30 por sobre<\/p>\n","protected":false},"featured_media":110712,"comment_status":"open","ping_status":"closed","template":"","meta":[],"product_brand":[],"product_cat":[170],"product_tag":[],"class_list":{"0":"post-83443","1":"product","2":"type-product","3":"status-publish","4":"has-post-thumbnail","6":"product_cat-girasoles","8":"first","9":"outofstock","10":"taxable","11":"shipping-taxable","12":"purchasable","13":"product-type-simple"},"jetpack_sharing_enabled":true,"_links":{"self":[{"href":"https:\/\/mercadovivoagroecologia.cl\/wprod\/wp-json\/wp\/v2\/product\/83443","targetHints":{"allow":["GET"]}}],"collection":[{"href":"https:\/\/mercadovivoagroecologia.cl\/wprod\/wp-json\/wp\/v2\/product"}],"about":[{"href":"https:\/\/mercadovivoagroecologia.cl\/wprod\/wp-json\/wp\/v2\/types\/product"}],"replies":[{"embeddable":true,"href":"https:\/\/mercadovivoagroecologia.cl\/wprod\/wp-json\/wp\/v2\/comments?post=83443"}],"version-history":[{"count":2,"href":"https:\/\/mercadovivoagroecologia.cl\/wprod\/wp-json\/wp\/v2\/product\/83443\/revisions"}],"predecessor-version":[{"id":97010,"href":"https:\/\/mercadovivoagroecologia.cl\/wprod\/wp-json\/wp\/v2\/product\/83443\/revisions\/97010"}],"wp:featuredmedia":[{"embeddable":true,"href":"https:\/\/mercadovivoagroecologia.cl\/wprod\/wp-json\/wp\/v2\/media\/110712"}],"wp:attachment":[{"href":"https:\/\/mercadovivoagroecologia.cl\/wprod\/wp-json\/wp\/v2\/media?parent=83443"}],"wp:term":[{"taxonomy":"product_brand","embeddable":true,"href":"https:\/\/mercadovivoagroecologia.cl\/wprod\/wp-json\/wp\/v2\/product_brand?post=83443"},{"taxonomy":"product_cat","embeddable":true,"href":"https:\/\/mercadovivoagroecologia.cl\/wprod\/wp-json\/wp\/v2\/product_cat?post=83443"},{"taxonomy":"product_tag","embeddable":true,"href":"https:\/\/mercadovivoagroecologia.cl\/wprod\/wp-json\/wp\/v2\/product_tag?post=83443"}],"curies":[{"name":"wp","href":"https:\/\/api.w.org\/{rel}","templated":true}]}}