{"id":83426,"date":"2022-05-18T19:16:43","date_gmt":"2022-05-18T19:16:43","guid":{"rendered":"https:\/\/mercadovivoagroecologia.cl\/wprod\/?post_type=product&#038;p=83426"},"modified":"2026-03-27T14:09:09","modified_gmt":"2026-03-27T14:09:09","slug":"zapallo-verruguito","status":"publish","type":"product","link":"https:\/\/mercadovivoagroecologia.cl\/wprod\/producto\/zapallo-verruguito\/","title":{"rendered":"Zapallo Verruguito"},"content":{"rendered":"<p>Esta variedad es doble prop\u00f3sito.<\/p>\n<p>Es de tipo italiano y se puede consumir en ensaladas, relleno, al horno o como cualquier preparaci\u00f3n de un zapallo italiano. Su pulpa es fibrosa, de color entre amarillo y naranja. Muy suave y arom\u00e1tica.<\/p>\n<p>Tambi\u00e9n se puede usar con fines ornamentales, ya que posee una c\u00e1scara que endurece muy r\u00e1pido y sus bellos colores y verrugas en su piel lo hacen muy llamativo.<\/p>\n<p>&nbsp;<\/p>\n","protected":false},"excerpt":{"rendered":"<p><strong>Nombre Cient\u00edfico:\u00a0<\/strong>Cuc\u00farbita pepo<\/p>\n<p><strong>Familia:\u00a0<\/strong>Cucurbitaceae<\/p>\n<p><strong>Temporada de siembra:\u00a0<\/strong>Primavera<\/p>\n<p><strong>Cantidad: <\/strong>25\u00a0semillas por sobre.<\/p>\n","protected":false},"featured_media":83435,"comment_status":"open","ping_status":"closed","template":"","meta":[],"product_brand":[],"product_cat":[177],"product_tag":[],"class_list":{"0":"post-83426","1":"product","2":"type-product","3":"status-publish","4":"has-post-thumbnail","6":"product_cat-zapallos-italianos","8":"first","9":"outofstock","10":"taxable","11":"shipping-taxable","12":"purchasable","13":"product-type-simple"},"jetpack_sharing_enabled":true,"_links":{"self":[{"href":"https:\/\/mercadovivoagroecologia.cl\/wprod\/wp-json\/wp\/v2\/product\/83426","targetHints":{"allow":["GET"]}}],"collection":[{"href":"https:\/\/mercadovivoagroecologia.cl\/wprod\/wp-json\/wp\/v2\/product"}],"about":[{"href":"https:\/\/mercadovivoagroecologia.cl\/wprod\/wp-json\/wp\/v2\/types\/product"}],"replies":[{"embeddable":true,"href":"https:\/\/mercadovivoagroecologia.cl\/wprod\/wp-json\/wp\/v2\/comments?post=83426"}],"version-history":[{"count":2,"href":"https:\/\/mercadovivoagroecologia.cl\/wprod\/wp-json\/wp\/v2\/product\/83426\/revisions"}],"predecessor-version":[{"id":98129,"href":"https:\/\/mercadovivoagroecologia.cl\/wprod\/wp-json\/wp\/v2\/product\/83426\/revisions\/98129"}],"wp:featuredmedia":[{"embeddable":true,"href":"https:\/\/mercadovivoagroecologia.cl\/wprod\/wp-json\/wp\/v2\/media\/83435"}],"wp:attachment":[{"href":"https:\/\/mercadovivoagroecologia.cl\/wprod\/wp-json\/wp\/v2\/media?parent=83426"}],"wp:term":[{"taxonomy":"product_brand","embeddable":true,"href":"https:\/\/mercadovivoagroecologia.cl\/wprod\/wp-json\/wp\/v2\/product_brand?post=83426"},{"taxonomy":"product_cat","embeddable":true,"href":"https:\/\/mercadovivoagroecologia.cl\/wprod\/wp-json\/wp\/v2\/product_cat?post=83426"},{"taxonomy":"product_tag","embeddable":true,"href":"https:\/\/mercadovivoagroecologia.cl\/wprod\/wp-json\/wp\/v2\/product_tag?post=83426"}],"curies":[{"name":"wp","href":"https:\/\/api.w.org\/{rel}","templated":true}]}}